{"id":2906,"date":"2017-03-08T14:24:12","date_gmt":"2017-03-08T14:24:12","guid":{"rendered":"http:\/\/getbartender.com\/?page_id=2906"},"modified":"2020-01-13T09:05:28","modified_gmt":"2020-01-13T09:05:28","slug":"join-us","status":"publish","type":"page","link":"https:\/\/www.getbartender.com\/en\/contact\/join-us\/","title":{"rendered":"Join Us"},"content":{"rendered":"<!-- Heading -->\n Who are you?\n  <h4>Join us<\/h4>\n  <hr>\n  <p><\/p>\n<!-- SERVICES -->\n<!-- Heading -->\n  <h4>Rasmus Damgaard<\/h4>\n  <hr>\n  <p>Owner and cocktail bartender<\/p>\n<!-- SERVICES -->\n<!-- Heading -->\n  <h4>Lupu<br>Flavius<\/h4>\n  <hr>\n  <p>Flair and cocktail bartender<\/p>\n<!-- SERVICES -->\n<!-- Heading -->\n  <h4>Mathias<br>Daa<\/h4>\n  <hr>\n  <p>Flair and cocktail bartender<\/p>\n<!-- SERVICES -->\n<!-- Heading -->\n  <h4>Niels<br>Skriver <\/h4>\n  <hr>\n  <p>Cocktail bartender<\/p>\n<!-- SERVICES -->\n<!-- Heading -->\n  <h4>Andrea<br>Falcone<\/h4>\n  <hr>\n  <p>Cocktail bartender<\/p>\n<!-- SERVICES -->\n<!-- Heading -->\n  <h4>Brandon<br><br><\/h4>\n  <hr>\n  <p>Cocktail bartender<\/p>\n<!-- SERVICES -->\n<!-- Heading -->\n  <h4>Morten<br>Aagaard<\/h4>\n  <hr>\n  <p>Cocktail bartender<\/p>\n<!-- SERVICES -->\n<!-- Heading -->\n  <h4>Andrea<br>Falcone<\/h4>\n  <hr>\n  <p>Cocktail bartender<\/p>\n<!-- SERVICES -->\n<!-- Heading -->\n  <h4>Radoslav<br>Anu\u0161kevi\u010d<\/h4>\n  <hr>\n  <p>Cocktail bartender<\/p>\n<!-- SERVICES -->\n<!-- Heading -->\n  <h4>Lewis<br>Rees<\/h4>\n  <hr>\n  <p>Cocktail bartender<\/p>\n<!-- SERVICES -->\n<!-- Heading -->\n  <h4>T\u00e9va<br>L\u00e9gale<\/h4>\n  <hr>\n  <p>Cocktail bartender<\/p>\n<!-- SERVICES -->\n<!-- Heading -->\n  <h4>Tony<br>Micuda<\/h4>\n  <hr>\n  <p>Cocktail bartender<\/p>\n","protected":false},"excerpt":{"rendered":"Who are you? Join us Rasmus Damgaard Owner and cocktail bartender LupuFlavius Flair and cocktail bartender MathiasDaa Flair and cocktail bartender NielsSkriver Cocktail bartender AndreaFalcone Cocktail bartender Brandon Cocktail bartender MortenAagaard Cocktail bartender AndreaFalcone Cocktail bartender RadoslavAnu\u0161kevi\u010d Cocktail bartender LewisRees Cocktail bartender T\u00e9vaL\u00e9gale Cocktail bartender TonyMicuda Cocktail bartender","protected":false},"author":1,"featured_media":0,"parent":3716,"menu_order":71,"comment_status":"open","ping_status":"closed","template":"","meta":{"_acf_changed":false,"footnotes":""},"class_list":["post-2906","page","type-page","status-publish","hentry"],"acf":[],"yoast_head":"<!-- This site is optimized with the Yoast SEO Premium plugin v23.4 (Yoast SEO v27.5) - https:\/\/yoast.com\/product\/yoast-seo-premium-wordpress\/ -->\n<title>Join Us - Get Bartender<\/title>\n<meta name=\"robots\" content=\"index, follow, max-snippet:-1, max-image-preview:large, max-video-preview:-1\" \/>\n<link rel=\"canonical\" href=\"https:\/\/www.getbartender.com\/en\/contact\/join-us\/\" \/>\n<meta property=\"og:locale\" content=\"en_US\" \/>\n<meta property=\"og:type\" content=\"article\" \/>\n<meta property=\"og:title\" content=\"Join Us\" \/>\n<meta property=\"og:description\" content=\"Who are you? Join us Rasmus Damgaard Owner and cocktail bartender LupuFlavius Flair and cocktail bartender MathiasDaa Flair and cocktail bartender NielsSkriver Cocktail bartender AndreaFalcone Cocktail bartender Brandon Cocktail bartender MortenAagaard Cocktail bartender AndreaFalcone Cocktail bartender RadoslavAnu\u0161kevi\u010d Cocktail bartender LewisRees Cocktail bartender T\u00e9vaL\u00e9gale Cocktail bartender TonyMicuda Cocktail bartender\" \/>\n<meta property=\"og:url\" content=\"https:\/\/www.getbartender.com\/en\/contact\/join-us\/\" \/>\n<meta property=\"og:site_name\" content=\"Get Bartender\" \/>\n<meta property=\"article:modified_time\" content=\"2020-01-13T09:05:28+00:00\" \/>\n<script type=\"application\/ld+json\" class=\"yoast-schema-graph\">{\"@context\":\"https:\\\/\\\/schema.org\",\"@graph\":[{\"@type\":\"WebPage\",\"@id\":\"https:\\\/\\\/www.getbartender.com\\\/en\\\/contact\\\/join-us\\\/\",\"url\":\"https:\\\/\\\/www.getbartender.com\\\/en\\\/contact\\\/join-us\\\/\",\"name\":\"Join Us - Get Bartender\",\"isPartOf\":{\"@id\":\"https:\\\/\\\/www.getbartender.com\\\/da\\\/#website\"},\"datePublished\":\"2017-03-08T14:24:12+00:00\",\"dateModified\":\"2020-01-13T09:05:28+00:00\",\"breadcrumb\":{\"@id\":\"https:\\\/\\\/www.getbartender.com\\\/en\\\/contact\\\/join-us\\\/#breadcrumb\"},\"inLanguage\":\"en-US\",\"potentialAction\":[{\"@type\":\"ReadAction\",\"target\":[\"https:\\\/\\\/www.getbartender.com\\\/en\\\/contact\\\/join-us\\\/\"]}]},{\"@type\":\"BreadcrumbList\",\"@id\":\"https:\\\/\\\/www.getbartender.com\\\/en\\\/contact\\\/join-us\\\/#breadcrumb\",\"itemListElement\":[{\"@type\":\"ListItem\",\"position\":1,\"name\":\"Get in touch!\",\"item\":\"https:\\\/\\\/www.getbartender.com\\\/en\\\/contact\\\/\"},{\"@type\":\"ListItem\",\"position\":2,\"name\":\"Join Us\"}]},{\"@type\":\"WebSite\",\"@id\":\"https:\\\/\\\/www.getbartender.com\\\/da\\\/#website\",\"url\":\"https:\\\/\\\/www.getbartender.com\\\/da\\\/\",\"name\":\"Get Bartender\",\"description\":\"Hvis du har g\u00e6sten, s\u00e5 har vi festen!\",\"potentialAction\":[{\"@type\":\"SearchAction\",\"target\":{\"@type\":\"EntryPoint\",\"urlTemplate\":\"https:\\\/\\\/www.getbartender.com\\\/da\\\/?s={search_term_string}\"},\"query-input\":{\"@type\":\"PropertyValueSpecification\",\"valueRequired\":true,\"valueName\":\"search_term_string\"}}],\"inLanguage\":\"en-US\"}]}<\/script>\n<!-- \/ Yoast SEO Premium plugin. -->","yoast_head_json":{"title":"Join Us - Get Bartender","robots":{"index":"index","follow":"follow","max-snippet":"max-snippet:-1","max-image-preview":"max-image-preview:large","max-video-preview":"max-video-preview:-1"},"canonical":"https:\/\/www.getbartender.com\/en\/contact\/join-us\/","og_locale":"en_US","og_type":"article","og_title":"Join Us","og_description":"Who are you? Join us Rasmus Damgaard Owner and cocktail bartender LupuFlavius Flair and cocktail bartender MathiasDaa Flair and cocktail bartender NielsSkriver Cocktail bartender AndreaFalcone Cocktail bartender Brandon Cocktail bartender MortenAagaard Cocktail bartender AndreaFalcone Cocktail bartender RadoslavAnu\u0161kevi\u010d Cocktail bartender LewisRees Cocktail bartender T\u00e9vaL\u00e9gale Cocktail bartender TonyMicuda Cocktail bartender","og_url":"https:\/\/www.getbartender.com\/en\/contact\/join-us\/","og_site_name":"Get Bartender","article_modified_time":"2020-01-13T09:05:28+00:00","schema":{"@context":"https:\/\/schema.org","@graph":[{"@type":"WebPage","@id":"https:\/\/www.getbartender.com\/en\/contact\/join-us\/","url":"https:\/\/www.getbartender.com\/en\/contact\/join-us\/","name":"Join Us - Get Bartender","isPartOf":{"@id":"https:\/\/www.getbartender.com\/da\/#website"},"datePublished":"2017-03-08T14:24:12+00:00","dateModified":"2020-01-13T09:05:28+00:00","breadcrumb":{"@id":"https:\/\/www.getbartender.com\/en\/contact\/join-us\/#breadcrumb"},"inLanguage":"en-US","potentialAction":[{"@type":"ReadAction","target":["https:\/\/www.getbartender.com\/en\/contact\/join-us\/"]}]},{"@type":"BreadcrumbList","@id":"https:\/\/www.getbartender.com\/en\/contact\/join-us\/#breadcrumb","itemListElement":[{"@type":"ListItem","position":1,"name":"Get in touch!","item":"https:\/\/www.getbartender.com\/en\/contact\/"},{"@type":"ListItem","position":2,"name":"Join Us"}]},{"@type":"WebSite","@id":"https:\/\/www.getbartender.com\/da\/#website","url":"https:\/\/www.getbartender.com\/da\/","name":"Get Bartender","description":"Hvis du har g\u00e6sten, s\u00e5 har vi festen!","potentialAction":[{"@type":"SearchAction","target":{"@type":"EntryPoint","urlTemplate":"https:\/\/www.getbartender.com\/da\/?s={search_term_string}"},"query-input":{"@type":"PropertyValueSpecification","valueRequired":true,"valueName":"search_term_string"}}],"inLanguage":"en-US"}]}},"_links":{"self":[{"href":"https:\/\/www.getbartender.com\/en\/wp-json\/wp\/v2\/pages\/2906","targetHints":{"allow":["GET"]}}],"collection":[{"href":"https:\/\/www.getbartender.com\/en\/wp-json\/wp\/v2\/pages"}],"about":[{"href":"https:\/\/www.getbartender.com\/en\/wp-json\/wp\/v2\/types\/page"}],"author":[{"embeddable":true,"href":"https:\/\/www.getbartender.com\/en\/wp-json\/wp\/v2\/users\/1"}],"replies":[{"embeddable":true,"href":"https:\/\/www.getbartender.com\/en\/wp-json\/wp\/v2\/comments?post=2906"}],"version-history":[{"count":7,"href":"https:\/\/www.getbartender.com\/en\/wp-json\/wp\/v2\/pages\/2906\/revisions"}],"predecessor-version":[{"id":11260,"href":"https:\/\/www.getbartender.com\/en\/wp-json\/wp\/v2\/pages\/2906\/revisions\/11260"}],"up":[{"embeddable":true,"href":"https:\/\/www.getbartender.com\/en\/wp-json\/wp\/v2\/pages\/3716"}],"wp:attachment":[{"href":"https:\/\/www.getbartender.com\/en\/wp-json\/wp\/v2\/media?parent=2906"}],"curies":[{"name":"wp","href":"https:\/\/api.w.org\/{rel}","templated":true}]}}