{"id":8926,"date":"2019-03-18T00:00:00","date_gmt":"2019-03-18T00:00:00","guid":{"rendered":"https:\/\/getbartender.artevio.com\/fredagsbar-til-firma-eller-studie\/"},"modified":"2021-07-26T16:17:32","modified_gmt":"2021-07-26T14:17:32","slug":"fredagsbar-til-firma-eller-studie","status":"publish","type":"page","link":"https:\/\/www.getbartender.com\/da\/fredagsbar-til-firma-eller-studie\/","title":{"rendered":"Firma Fredagsbar"},"content":{"rendered":"\n<h2>\n\t\tHvorfor skal vi med til jeres Fredagsbar?\n\t<\/h2>\n    \t<ol><li><p><strong>Fantastiske og l\u00e6kre cocktails!<\/strong>\u00a0Vi mixer en hulens masse l\u00e6kre cocktails, og hver m\u00e5ned laver vi en ny og sp\u00e6ndende menu. Uanset om i \u00f8nsker, at vi kigger forbi en enkelt gang eller hver m\u00e5ned, s\u00e5 skal vi nok overraske jer med en omgang flydende k\u00e6rlighed.<\/p><\/li><li><strong>God underholdning!\u00a0<\/strong>Vi er meget mere end bare en bar. Vi kaster med flaskerne og giver dig en oplevelse a la Tom Cruise bag baren. Vi s\u00f8rger for, at alle g\u00e6ster er godt underholdte, n\u00e5r de f\u00e5r vores l\u00e6kre cocktails serveret.<\/li><li><strong>En oplevelse for dine kollegaer\/venner!\u00a0<\/strong>Vi giver jer en speciel oplevelse, som en anden bar ikke kan give jer. Vi rejser ud til jer og \u00e5bner vores cocktailbar i jeres lokaler. Vi har ALT med os. I skal ikke st\u00e5 for noget som helst. Vi medbringer bar, isterninger, glas, kvalitetsspiritus og meget andet. Vi s\u00f8rger alts\u00e5 for, at oplevelsen bliver i en klasse for sig!<\/li><li><strong>Et sundt afbr\u00e6k fra dagligdagen!\u00a0<\/strong>Vi s\u00f8rger for, at i f\u00e5r et afbr\u00e6k fra alt det daglige arbejde. Ved vores bar kan i slappe af, snakke sammen og l\u00e6re hinanden at kende. Vores cocktails er vores sociale v\u00e5ben, der skaber f\u00e6llesskab.<\/li><li><strong>Vi kan det hele!\u00a0<\/strong>\u00d8nsker i en fredagsbar, hvor der ogs\u00e5 er l\u00e6kker tapas, en professionel DJ, fad\u00f8l og nogle s\u00f8de serveringspiger? S\u00e5 kan vi alts\u00e5 ogs\u00e5 s\u00f8rge for det. Vi kan endda s\u00f8rge for et lokale, s\u00e5fremt fredagsbaren skal foreg\u00e5 ude af huset. Vi samarbejder med virksomheder, der har selskabslokaler og barer i K\u00f8benhavn og \u00c5rhus.<\/li><\/ol>  \t\n    <!-- Mon-Fri 9AM-5PM -->\n        <form>\n            F\u00e5 et godt tilbud nu            \n            <a href=\"\/da\/kontakt\/\">F\u00c5 ET TILBUD NU<\/a>\n        <\/form>\n        <p>F\u00e5 et gratis og uforpligtende tilbud. Vi gl\u00e6der os til at hj\u00e6lpe dig og besvare alle dine sp\u00f8rgsm\u00e5l.<\/p>\n    <!-- \n          +44 (79) 9087 7551  contact@getbartender.com\n     -->\n<h2>\n\t<\/h2>\n<h2>\n\t\tSe eksempler p\u00e5 firmafest hos os lige her:\n\t<\/h2>\n\t<iframe loading=\"lazy\" width=\"572\" height=\"322\" src=\"https:\/\/www.youtube.com\/embed\/SHq6HHh8eYw\" frameborder=\"0\" allow=\"accelerometer; autoplay; encrypted-media; gyroscope; picture-in-picture\" allowfullscreen><\/iframe>\n<h2>\n\t<\/h2>\n<h2>\n\t<\/h2>\n<article>\n    <h5>En genial Fredagsbar oplevelse<\/h5>\n    \n    <hr \/>\n    <ul>\n<li>\n<p>Vi er professionelle og det kan du m\u00e6rke. Vores bartendere er super erfarne enten fra branchen. Det vil sige, at de enten har st\u00e5et i gode cocktail barer i ind og udland eller ogs\u00e5 v\u00e6ret ude til en masse events. Vi hyrer vores bartendere p\u00e5 en kombination af dygtighed bag baren, og hvor gode de er til service. Forvent en rigtig god fest med os ved roret.\u00a0<\/p>\n<\/li>\n<li>\n<p>Vi tager altid et l\u00e6kkert udvalg med afh\u00e6ngigt af dit budget. Det kunne v\u00e6re en ekstra god Gin og Tonic. Monkey 47 gin og Fever Tree tonic. Det kunne ogs\u00e5 v\u00e6re cocktails med ild og r\u00f8g. Eller bare masser af pynt (guldst\u00f8v, is kugler, paraplyer osv.)<\/p>\n<\/li>\n<li>\n<p>H\u00f8jt hum\u00f8r og en god situationsfornemmelse. Vi tilpasser os jeres stemning, og vi finder ud af, hvordan vi bedst kan l\u00f8fte stemningen hos jer.\u00a0<\/p>\n<\/li>\n<\/ul>\n<\/article><article>\n    <h5>Udpluk af vores firma referencer:<\/h5>\n    \n    <hr \/>\n<\/article><h2>\n\t<\/h2>\n<!-- Heading -->\n  <h4>Hvad koster vores Firma Fredagsbar?<\/h4>\n  <hr \/>\n  Her kan du se to valgmuligheder, men vi kan tilpasse prisen efter din fest.\nKontakt os, s\u00e5 vi kan tilpasse prisen efter jeres fest og budget. Vi vil rigtig gerne ud og servere for lige netop jer!\n\n<!-- Work Process -->\n      <article>\n          <h5>Betalingsbar<\/h5>\n          \n        <!-- Amount -->\n         kr. 0  Per Month \n        <ul>\n          <li>\n            <p>Vi tager ALT med til cocktailbaren (cocktailglas i krystal, Barudstyr, MobilBar, Isterninger, Kvalitets Spiritus, Bartendere osv.)<\/p>\n          <\/li>\n          <li>\n            <p>I f\u00e5r et skr\u00e6ddersyet cocktailmenu, som i s\u00e6tter jeres pr\u00e6g p\u00e5 med 5-7 forskellige l\u00e6kre cocktails.<\/p>\n          <\/li>\n          <li>\n            <p>Vi s\u00e6tter altid Bartenders Choice og alkoholfrie cocktails p\u00e5 menuen, s\u00e5 der er noget for alle!<\/p>\n          <\/li>\n          <li>\n            <p>Prisen for cocktails\/Drinks er 60 kr. og 2 for 100 kr.<\/p>\n          <\/li>\n          <li>\n            <p>Prisen for fad\u00f8l er 30 kr. og 2 for 50 kr.<\/p>\n          <\/li>\n          <li>\n            <p>Du bedes ligge et depositum p\u00e5 3000 kr. inkl. moms. Dette d\u00e6kker vores udgifter med ops\u00e6tning af baren. Oms\u00e6tter vi for mere end 10.000 kr., s\u00e5 tilbagebetales depositummet.<\/p>\n          <\/li>\n          <li>\n            <p>Vi kommer i 5 dejlige timer. Vi ankommer 1 time f\u00f8r og s\u00e6tter op og s\u00e5 er baren \u00e5ben i 4 timer.<\/p>\n          <\/li>\n        <\/ul>\n          <a href=\"\/da\/kontakt\/\">F\u00e5 et tilbud<\/a>\n      <\/article>\n      <article>\n          <h5>Fri Bar<\/h5>\n          \n        <!-- Amount -->\n         kr. 295  pr. kuvert \n        <ul>\n          <li>\n            <p>VI TAGER ALT MED TIL COCKTAILBAREN (COCKTAILGLAS I KRYSTAL, BARUDSTYR, MOBILBAR, ISTERNINGER, KVALITETS SPIRITUS, BARTENDERE OSV.)<\/p>\n          <\/li>\n          <li>\n            <p>I f\u00e5r et skr\u00e6ddersyet cocktailmenu, som i s\u00e6tter jeres pr\u00e6g p\u00e5 med 5-7 forskellige l\u00e6kre cocktails.<\/p>\n          <\/li>\n          <li>\n            <p>Vi s\u00e6tter altid Bartenders Choice og alkoholfrie cocktails p\u00e5 menuen, s\u00e5 der er noget for alle!<\/p>\n          <\/li>\n          <li>\n            <p>Cocktails\/Drinks er gratis.<\/p>\n          <\/li>\n          <li>\n            <p>Prisen er 295 kr. pr. kuvert inkl. moms (236 kr. pr. kuvert ekskl. moms) ved minimum 30 deltagere.<\/p>\n          <\/li>\n          <li>\n            <p>Vi kommer i 5 dejlige timer. Vi ankommer 1 time f\u00f8r og s\u00e6tter op og s\u00e5 er baren \u00e5ben i 4 timer.<\/p>\n          <\/li>\n          <li>\n            <p>Hvis i ogs\u00e5 \u00f8nsker fri bar i Fad\u00f8l er prisen +95 kr. pr. kuvert inkl. moms. (76 kr. pr. kuvert ekskl. moms).<\/p>\n          <\/li>\n          <li>\n            <p>Mangler i ogs\u00e5 en professionel DJ? 5.850 kr. inkl. moms<\/p>\n          <\/li>\n        <\/ul>\n          <a href=\"\/da\/kontakt\">F\u00e5 et tilbud<\/a>\n      <\/article>\n    \n","protected":false},"excerpt":{"rendered":"Hvorfor skal vi med til jeres Fredagsbar? Fantastiske og l\u00e6kre cocktails!\u00a0Vi mixer en hulens masse l\u00e6kre cocktails, og hver m\u00e5ned laver vi en ny og sp\u00e6ndende menu. Uanset om i \u00f8nsker, at vi kigger forbi en enkelt gang eller hver m\u00e5ned, s\u00e5 skal vi nok overraske jer med en omgang flydende k\u00e6rlighed. God underholdning!\u00a0Vi er&#8230; <a class=\"view-article\" href=\"https:\/\/www.getbartender.com\/da\/fredagsbar-til-firma-eller-studie\/\">View Article<\/a>","protected":false},"author":1,"featured_media":0,"parent":0,"menu_order":60,"comment_status":"closed","ping_status":"closed","template":"","meta":{"_acf_changed":false,"footnotes":""},"class_list":["post-8926","page","type-page","status-publish","hentry"],"acf":[],"yoast_head":"<!-- This site is optimized with the Yoast SEO Premium plugin v23.4 (Yoast SEO v27.5) - https:\/\/yoast.com\/product\/yoast-seo-premium-wordpress\/ -->\n<title>Den Bedste Fredagsbar? Vi kommer med en gratis Cocktail Bar!<\/title>\n<meta name=\"description\" content=\"Den bedste Fredagsbar for dine kollegaer? Tjek vores nye bar koncept her. Geniale cocktails, seje bartendere og den bedste oplevelse. Sk\u00e5l!\" \/>\n<meta name=\"robots\" content=\"index, follow, max-snippet:-1, max-image-preview:large, max-video-preview:-1\" \/>\n<link rel=\"canonical\" href=\"https:\/\/www.getbartender.com\/da\/fredagsbar-til-firma-eller-studie\/\" \/>\n<meta property=\"og:locale\" content=\"da_DK\" \/>\n<meta property=\"og:type\" content=\"article\" \/>\n<meta property=\"og:title\" content=\"Firma Fredagsbar\" \/>\n<meta property=\"og:description\" content=\"Den bedste Fredagsbar for dine kollegaer? Tjek vores nye bar koncept her. Geniale cocktails, seje bartendere og den bedste oplevelse. Sk\u00e5l!\" \/>\n<meta property=\"og:url\" content=\"https:\/\/www.getbartender.com\/da\/fredagsbar-til-firma-eller-studie\/\" \/>\n<meta property=\"og:site_name\" content=\"Get Bartender\" \/>\n<meta property=\"article:modified_time\" content=\"2021-07-26T14:17:32+00:00\" \/>\n<meta name=\"twitter:label1\" content=\"Estimeret l\u00e6setid\" \/>\n\t<meta name=\"twitter:data1\" content=\"4 minutter\" \/>\n<script type=\"application\/ld+json\" class=\"yoast-schema-graph\">{\"@context\":\"https:\\\/\\\/schema.org\",\"@graph\":[{\"@type\":\"WebPage\",\"@id\":\"https:\\\/\\\/www.getbartender.com\\\/da\\\/fredagsbar-til-firma-eller-studie\\\/\",\"url\":\"https:\\\/\\\/www.getbartender.com\\\/da\\\/fredagsbar-til-firma-eller-studie\\\/\",\"name\":\"Den Bedste Fredagsbar? Vi kommer med en gratis Cocktail Bar!\",\"isPartOf\":{\"@id\":\"https:\\\/\\\/www.getbartender.com\\\/da\\\/#website\"},\"datePublished\":\"2019-03-18T00:00:00+00:00\",\"dateModified\":\"2021-07-26T14:17:32+00:00\",\"description\":\"Den bedste Fredagsbar for dine kollegaer? Tjek vores nye bar koncept her. Geniale cocktails, seje bartendere og den bedste oplevelse. Sk\u00e5l!\",\"inLanguage\":\"da-DK\",\"potentialAction\":[{\"@type\":\"ReadAction\",\"target\":[\"https:\\\/\\\/www.getbartender.com\\\/da\\\/fredagsbar-til-firma-eller-studie\\\/\"]}]},{\"@type\":\"WebSite\",\"@id\":\"https:\\\/\\\/www.getbartender.com\\\/da\\\/#website\",\"url\":\"https:\\\/\\\/www.getbartender.com\\\/da\\\/\",\"name\":\"Get Bartender\",\"description\":\"Hvis du har g\u00e6sten, s\u00e5 har vi festen!\",\"potentialAction\":[{\"@type\":\"SearchAction\",\"target\":{\"@type\":\"EntryPoint\",\"urlTemplate\":\"https:\\\/\\\/www.getbartender.com\\\/da\\\/?s={search_term_string}\"},\"query-input\":{\"@type\":\"PropertyValueSpecification\",\"valueRequired\":true,\"valueName\":\"search_term_string\"}}],\"inLanguage\":\"da-DK\"}]}<\/script>\n<!-- \/ Yoast SEO Premium plugin. -->","yoast_head_json":{"title":"Den Bedste Fredagsbar? Vi kommer med en gratis Cocktail Bar!","description":"Den bedste Fredagsbar for dine kollegaer? Tjek vores nye bar koncept her. Geniale cocktails, seje bartendere og den bedste oplevelse. Sk\u00e5l!","robots":{"index":"index","follow":"follow","max-snippet":"max-snippet:-1","max-image-preview":"max-image-preview:large","max-video-preview":"max-video-preview:-1"},"canonical":"https:\/\/www.getbartender.com\/da\/fredagsbar-til-firma-eller-studie\/","og_locale":"da_DK","og_type":"article","og_title":"Firma Fredagsbar","og_description":"Den bedste Fredagsbar for dine kollegaer? Tjek vores nye bar koncept her. Geniale cocktails, seje bartendere og den bedste oplevelse. Sk\u00e5l!","og_url":"https:\/\/www.getbartender.com\/da\/fredagsbar-til-firma-eller-studie\/","og_site_name":"Get Bartender","article_modified_time":"2021-07-26T14:17:32+00:00","twitter_misc":{"Estimeret l\u00e6setid":"4 minutter"},"schema":{"@context":"https:\/\/schema.org","@graph":[{"@type":"WebPage","@id":"https:\/\/www.getbartender.com\/da\/fredagsbar-til-firma-eller-studie\/","url":"https:\/\/www.getbartender.com\/da\/fredagsbar-til-firma-eller-studie\/","name":"Den Bedste Fredagsbar? Vi kommer med en gratis Cocktail Bar!","isPartOf":{"@id":"https:\/\/www.getbartender.com\/da\/#website"},"datePublished":"2019-03-18T00:00:00+00:00","dateModified":"2021-07-26T14:17:32+00:00","description":"Den bedste Fredagsbar for dine kollegaer? Tjek vores nye bar koncept her. Geniale cocktails, seje bartendere og den bedste oplevelse. Sk\u00e5l!","inLanguage":"da-DK","potentialAction":[{"@type":"ReadAction","target":["https:\/\/www.getbartender.com\/da\/fredagsbar-til-firma-eller-studie\/"]}]},{"@type":"WebSite","@id":"https:\/\/www.getbartender.com\/da\/#website","url":"https:\/\/www.getbartender.com\/da\/","name":"Get Bartender","description":"Hvis du har g\u00e6sten, s\u00e5 har vi festen!","potentialAction":[{"@type":"SearchAction","target":{"@type":"EntryPoint","urlTemplate":"https:\/\/www.getbartender.com\/da\/?s={search_term_string}"},"query-input":{"@type":"PropertyValueSpecification","valueRequired":true,"valueName":"search_term_string"}}],"inLanguage":"da-DK"}]}},"_links":{"self":[{"href":"https:\/\/www.getbartender.com\/da\/wp-json\/wp\/v2\/pages\/8926","targetHints":{"allow":["GET"]}}],"collection":[{"href":"https:\/\/www.getbartender.com\/da\/wp-json\/wp\/v2\/pages"}],"about":[{"href":"https:\/\/www.getbartender.com\/da\/wp-json\/wp\/v2\/types\/page"}],"author":[{"embeddable":true,"href":"https:\/\/www.getbartender.com\/da\/wp-json\/wp\/v2\/users\/1"}],"replies":[{"embeddable":true,"href":"https:\/\/www.getbartender.com\/da\/wp-json\/wp\/v2\/comments?post=8926"}],"version-history":[{"count":19,"href":"https:\/\/www.getbartender.com\/da\/wp-json\/wp\/v2\/pages\/8926\/revisions"}],"predecessor-version":[{"id":14604,"href":"https:\/\/www.getbartender.com\/da\/wp-json\/wp\/v2\/pages\/8926\/revisions\/14604"}],"wp:attachment":[{"href":"https:\/\/www.getbartender.com\/da\/wp-json\/wp\/v2\/media?parent=8926"}],"curies":[{"name":"wp","href":"https:\/\/api.w.org\/{rel}","templated":true}]}}