{"id":793,"date":"2014-01-13T14:49:17","date_gmt":"2014-01-13T14:49:17","guid":{"rendered":"http:\/\/getbartender.com\/?page_id=793"},"modified":"2022-11-01T11:06:11","modified_gmt":"2022-11-01T10:06:11","slug":"selskabslokaler-til-leje","status":"publish","type":"page","link":"https:\/\/www.getbartender.com\/da\/selskabslokaler-til-leje\/","title":{"rendered":"Leje af selskabslokaler"},"content":{"rendered":"\n<!-- Heading -->\n  <h4>Leje af selskabslokaler<\/h4>\n  <hr>\n  \n<article>\n    <h5>Selskabslokaler<\/h5>\n    <p>Pakkel\u00f8sning med festlokale og cocktails<\/p>\n    <hr>\n    <ul>\n<li>\n<p><strong>Unikke festlokaler i hele Danmark: <\/strong>Vi tilbyder udlejning af selskabslokaler til din fest. Vi laver en smart pakkel\u00f8sning, hvor du f\u00e5r vores geniale cocktails, seje bartendere og et flot festlokale. Vi samarbejder med mange forskellige selskabslokaler rundt omkring i Danmark. Via vores pakkel\u00f8sning, s\u00e5 f\u00e5r du en lidt bedre pris, da vi samarbejder med lokalerne.<\/p>\n<\/li>\n<li>\n<p><strong>Kig p\u00e5 billeder og hjemmesider:&nbsp;<\/strong>G\u00e5 endelig ind og kig p\u00e5 hver enkelt udbyders hjemmeside. S\u00e5 har du et bedre indtryk af lokalet. Vi anbefaler ogs\u00e5, at du\/i tager forbi lokalet. Kontakt os, ogs\u00e5 arrangerer vi gerne en viewing for dig.&nbsp;<\/p>\n<\/li>\n<li>\n<p><strong>Skriv til os:&nbsp;<\/strong>Vi kan skaffe dig en rigtig god pris, da vi har rabatordninger med hver enkelte. En pakkel\u00f8sning med vores cocktail bar og et unikt flot festlokale er opskriften p\u00e5 en fantastisk fest.&nbsp;<\/p>\n<\/li>\n<\/ul>\n<\/article>\n\t\t\t\t<img loading=\"lazy\" decoding=\"async\" src=\"https:\/\/www.getbartender.com\/wp-content\/uploads\/2014\/01\/Unknown-e1485251866161.jpeg\" alt=\"Sonnerupgaard Gods - Selskabslokaler til leje - Lej et lokale K\u00f8benhavn - Gods til leje\" itemprop=\"image\" height=\"587\" width=\"881\" title=\"Sonnerupgaard Gods - Selskabslokaler til leje - Lej et lokale K\u00f8benhavn - Gods til leje\" onerror=\"this.style.display='none'\">\n    <!-- Mon-Fri 9AM-5PM -->\n        <form>\n            \u00d8nsker du at leje et selskabslokale?            \n            <a href=\"\/da\/kontakt\/\">F\u00e5 et tilbud nu!<\/a>\n        <\/form>\n        <p>F\u00e5 et gratis og uforpligtende tilbud. Vi gl\u00e6der os til at hj\u00e6lpe dig og besvare alle dine sp\u00f8rgsm\u00e5l.<\/p>\n    <!-- \n          +44 (79) 9087 7551  contact@getbartender.com\n     -->\n<!-- Heading -->\n  <h4>Vores selskabslokaler i K\u00f8benhavn<\/h4>\n  <hr>\n  \n<!-- SERVICES -->\n<article>\n    <h5>Admiral Gjeddes Gaard<\/h5>\n    \n    <hr>\n    <ul>\n<li>\n<p>Admiral Gjeddes Gaard har nogle unikke selskabslokaler i indre by<\/p>\n<\/li>\n<li>\n<p>Adresse:&nbsp;Store Kannikestr\u00e6de 10 A, 1169 K\u00f8benhavn<\/p>\n<\/li>\n<li>\n<p>Plads: Op til 60 spisende g\u00e6ster og 150 st\u00e5ende<\/p>\n<\/li>\n<\/ul>\n  <!-- Buttons -->\n    <a href=\"\/da\/kontakt\/\">F\u00e5 et tilbud!<\/a>\n<\/article><!-- SERVICES -->\n<article>\n    <h5>Sonnerupgaard Gods<\/h5>\n    \n    <hr>\n    <ul>\n<li>\n<p>Sonnerupgaard Gods er et gods beliggende i de smukkeste omgivelser i Hvals\u00f8<\/p>\n<\/li>\n<li>\n<p>Adresse: T\u00f8ll\u00f8sevej 53, 4330 Hvals\u00f8<\/p>\n<\/li>\n<li>\n<p>Plads: Op til 100 spisende g\u00e6ster og 300 st\u00e5ende<\/p>\n<\/li>\n<\/ul>\n  <!-- Buttons -->\n    <a href=\"\/da\/kontakt\/\">F\u00e5 et tilbud!<\/a>\n<\/article><!-- SERVICES -->\n<article>\n    <h5>Central Park Caf\u00e9<\/h5>\n    \n    <hr>\n<ul>\n<li>\n<p>Central Park Cafe er et stort selskabslokale, som er en del af Parken p\u00e5 \u00d8sterbro.<\/p>\n<\/li>\n<li>\n<p>Adresse: \u00d8ster All\u00e9 42, 2100 \u00d8sterbro<\/p>\n<\/li>\n<li>\n<p>Plads: Op til 400 spisende g\u00e6ster og 700 st\u00e5ende g\u00e6ster<\/p>\n<\/li>\n<\/ul>\n  <!-- Buttons -->\n    <a href=\"\/da\/kontakt\/\">F\u00e5 et tilbud!<\/a>\n<\/article>\n<!-- SERVICES -->\n<article>\n    <h5>Aldershvile Slotspavillon<\/h5>\n    \n    <hr>\n    <ul>\n<li>\n<p>Aldershvile Slotspavillon er en smuk herreg\u00e5rd beliggende i bagsv\u00e6rd skov<\/p>\n<\/li>\n<li>\n<p>Adresse:&nbsp;Slotsparken 30, 2880 Bagsv\u00e6rd<\/p>\n<\/li>\n<li>\n<p>Plads: op til 80 spisende g\u00e6ster og 150 st\u00e5ende g\u00e6ster<\/p>\n<\/li>\n<\/ul>\n  <!-- Buttons -->\n    <a href=\"\/da\/kontakt\/\">F\u00e5 et tilbud!<\/a>\n<\/article><!-- SERVICES -->\n<article>\n    <h5>Raadvad Kro<\/h5>\n    \n    <hr>\n    <ul>\n<li>\n<p>Raadvad Kro har nogle flotte og idylliske selskabslokaler midt i naturen<\/p>\n<\/li>\n<li>\n<p>Adresse:&nbsp;Raadvad 52, 2800 Kongens Lyngby<\/p>\n<\/li>\n<li>\n<p>Plads: op til 470 spisende g\u00e6ster og 700 st\u00e5ende g\u00e6ster<\/p>\n<\/li>\n<\/ul>\n  <!-- Buttons -->\n    <a href=\"\/da\/kontakt\/\">F\u00e5 et tilbud!<\/a>\n<\/article><!-- SERVICES -->\n<article>\n    <h5>Docken festlokaler<\/h5>\n    \n    <hr>\n    <ul>\n<li>\n<p>Docken har et k\u00e6mpestort selskabslokale beliggende ude p\u00e5 Nordhavn i K\u00f8benhavn. Lokalet er perfekt til store konferencer eller fester<\/p>\n<\/li>\n<li>\n<p>Adresse: F\u00e6rgehavnsvej 35, 2150 K\u00f8benhavn<\/p>\n<\/li>\n<li>\n<p>Plads: op til 6000 g\u00e6ster<\/p>\n<\/li>\n<\/ul>\n  <!-- Buttons -->\n    <a href=\"\/da\/kontakt\/\">F\u00e5 et tilbud!<\/a>\n<\/article>\n<!-- SERVICES -->\n<article>\n    <h5>Krunch Festlokale<\/h5>\n    \n    <hr>\n    <ul>\n<li>\n<p>Krunch festlokale er et stort og prisvenligt festlokale p\u00e5 Amager<\/p>\n<\/li>\n<li>\n<p>Adresse: \u00d8resundsvej 14, 2300 K\u00f8benhavn<\/p>\n<\/li>\n<li>\n<p>Plads: Op til 350 spisende g\u00e6ster<\/p>\n<\/li>\n<\/ul>\n  <!-- Buttons -->\n    <a href=\"\/da\/kontakt\/\">F\u00e5 et tilbud!<\/a>\n<\/article><!-- SERVICES -->\n<article>\n    <h5>Damhuskroen<\/h5>\n    \n    <hr>\n<ul>\n<li>\n<p>Damhuskroen har et legendarisk festlokale beliggende lige ved Damhuss\u00f8en<\/p>\n<\/li>\n<li>\n<p>Adresse:&nbsp;Roskildevej 244, 2610 R\u00f8dovre<\/p>\n<\/li>\n<li>\n<p>Plads: Op til 700 g\u00e6ster<\/p>\n<\/li>\n<\/ul>\n&nbsp;\n  <!-- Buttons -->\n    <a href=\"\/da\/kontakt\/\">F\u00e5 et tilbud!<\/a>\n<\/article><!-- SERVICES -->\n<article>\n    <h5>Pladev\u00e6rkstedet<\/h5>\n    \n    <hr>\n    <ul>\n<li>\n<p>Pladev\u00e6rkstedet har et unikt og r\u00e5t selskabslokale ude p\u00e5 Refshale\u00f8en<\/p>\n<\/li>\n<li>\n<p>Adresse:&nbsp;Refshalevej 167g, 1432 K\u00f8benhavn<\/p>\n<\/li>\n<li>\n<p>Plads: Op til 80 g\u00e6ster<\/p>\n<\/li>\n<\/ul>\n  <!-- Buttons -->\n    <a href=\"\/da\/kontakt\/\">F\u00e5 et tilbud!<\/a>\n<\/article>\n<!-- SERVICES -->\n<article>\n    <h5>Centralv\u00e6rkstedet<\/h5>\n    \n    <hr>\n    <ul>\n<li>\n<p>Centralv\u00e6rkstedet er et fantastisk flot og fleksibelt lokale i hjertet af \u00c5rhus. Centralv\u00e6rkstedet ligger lige bagved baneg\u00e5rden, hvilket g\u00f8r det super nemt at komme til og fra. Ogs\u00e5 om natten.&nbsp;<\/p>\n<\/li>\n<li>\n<p>Adresse: V\u00e6rkmestergade 9, \u00c5rhus C<\/p>\n<\/li>\n<li>\n<p>Plads: Op til 800 spisende g\u00e6ster<\/p>\n<\/li>\n<\/ul>\n  <!-- Buttons -->\n    <a href=\"\/da\/kontakt\/\">F\u00e5 et tilbud!<\/a>\n<\/article><!-- SERVICES -->\n<article>\n    <h5>Hotel Legoland <\/h5>\n    \n    <hr>\n<ul>\n<li>\n<p>Hotel Legoland er beliggende lige ved Billund Lufthavn. Hold dit event her og v\u00e6r sikker p\u00e5 en unik og anderledes oplevelse. B\u00e5de gastronomisk, men ogs\u00e5 bare den legende atmosf\u00e6re, som Lego giver.&nbsp;<\/p>\n<\/li>\n<li>\n<p>Adresse: Aastvej 10, 7190 Billund<\/p>\n<\/li>\n<li>\n<p>Plads: Op til 1000 g\u00e6ster<\/p>\n<\/li>\n<\/ul>\n&nbsp;\n  <!-- Buttons -->\n    <a href=\"\/da\/kontakt\/\">F\u00e5 et tilbud!<\/a>\n<\/article><!-- SERVICES -->\n<article>\n    <h5>Tempelriddersalen I K\u00f8benhavn<\/h5>\n    \n    <hr>\n    <ul>\n<li>\n<p>Tempelriddersalen i Indre By er et fantastisk flot selskabslokale helt inde i byen i K\u00f8benhavn. Dertil kan du leje det uden at k\u00f8be mad, drikke eller andet gennem lokalet. De er super fleksible omkring setup.&nbsp;<\/p>\n<\/li>\n<li>\n<p>Adresse: Ny Kongensgade 9C, 1472 K\u00f8benhavn<\/p>\n<\/li>\n<li>\n<p>Plads: Op til 80 spisende g\u00e6ster<\/p>\n<\/li>\n<\/ul>\n  <!-- Buttons -->\n    <a href=\"\/da\/kontakt\/\">F\u00e5 et tilbud!<\/a>\n<\/article>\n","protected":false},"excerpt":{"rendered":"Leje af selskabslokaler Selskabslokaler Pakkel\u00f8sning med festlokale og cocktails Unikke festlokaler i hele Danmark: Vi tilbyder udlejning af selskabslokaler til din fest. Vi laver en smart pakkel\u00f8sning, hvor du f\u00e5r vores geniale cocktails, seje bartendere og et flot festlokale. Vi samarbejder med mange forskellige selskabslokaler rundt omkring i Danmark. Via vores pakkel\u00f8sning, s\u00e5 f\u00e5r du&#8230; <a class=\"view-article\" href=\"https:\/\/www.getbartender.com\/da\/selskabslokaler-til-leje\/\">View Article<\/a>","protected":false},"author":1,"featured_media":0,"parent":0,"menu_order":77,"comment_status":"closed","ping_status":"closed","template":"","meta":{"_acf_changed":false,"footnotes":""},"class_list":["post-793","page","type-page","status-publish","hentry"],"acf":[],"yoast_head":"<!-- This site is optimized with the Yoast SEO Premium plugin v23.4 (Yoast SEO v27.5) - https:\/\/yoast.com\/product\/yoast-seo-premium-wordpress\/ -->\n<title>Selskabslokaler til Leje? Se vores fantastiske festlokaler her!<\/title>\n<meta name=\"description\" content=\"S\u00f8ger du Selskabslokaler til Leje? Vi samarbejder med masser af unikke festlokaler. Tjek dem ud her og f\u00e5 et fantastisk tilbud.\" \/>\n<meta name=\"robots\" content=\"index, follow, max-snippet:-1, max-image-preview:large, max-video-preview:-1\" \/>\n<link rel=\"canonical\" href=\"https:\/\/www.getbartender.com\/da\/selskabslokaler-til-leje\/\" \/>\n<meta property=\"og:locale\" content=\"da_DK\" \/>\n<meta property=\"og:type\" content=\"article\" \/>\n<meta property=\"og:title\" content=\"Leje af selskabslokaler\" \/>\n<meta property=\"og:description\" content=\"S\u00f8ger du Selskabslokaler til Leje? Vi samarbejder med masser af unikke festlokaler. Tjek dem ud her og f\u00e5 et fantastisk tilbud.\" \/>\n<meta property=\"og:url\" content=\"https:\/\/www.getbartender.com\/da\/selskabslokaler-til-leje\/\" \/>\n<meta property=\"og:site_name\" content=\"Get Bartender\" \/>\n<meta property=\"article:modified_time\" content=\"2022-11-01T10:06:11+00:00\" \/>\n<meta property=\"og:image\" content=\"https:\/\/www.getbartender.com\/wp-content\/uploads\/2014\/01\/Unknown-e1485251866161.jpeg\" \/>\n<meta name=\"twitter:label1\" content=\"Estimeret l\u00e6setid\" \/>\n\t<meta name=\"twitter:data1\" content=\"4 minutter\" \/>\n<script type=\"application\/ld+json\" class=\"yoast-schema-graph\">{\"@context\":\"https:\\\/\\\/schema.org\",\"@graph\":[{\"@type\":\"WebPage\",\"@id\":\"https:\\\/\\\/www.getbartender.com\\\/da\\\/selskabslokaler-til-leje\\\/\",\"url\":\"https:\\\/\\\/www.getbartender.com\\\/da\\\/selskabslokaler-til-leje\\\/\",\"name\":\"Selskabslokaler til Leje? Se vores fantastiske festlokaler her!\",\"isPartOf\":{\"@id\":\"https:\\\/\\\/www.getbartender.com\\\/da\\\/#website\"},\"primaryImageOfPage\":{\"@id\":\"https:\\\/\\\/www.getbartender.com\\\/da\\\/selskabslokaler-til-leje\\\/#primaryimage\"},\"image\":{\"@id\":\"https:\\\/\\\/www.getbartender.com\\\/da\\\/selskabslokaler-til-leje\\\/#primaryimage\"},\"thumbnailUrl\":\"https:\\\/\\\/www.getbartender.com\\\/wp-content\\\/uploads\\\/2014\\\/01\\\/Unknown-e1485251866161.jpeg\",\"datePublished\":\"2014-01-13T14:49:17+00:00\",\"dateModified\":\"2022-11-01T10:06:11+00:00\",\"description\":\"S\u00f8ger du Selskabslokaler til Leje? Vi samarbejder med masser af unikke festlokaler. Tjek dem ud her og f\u00e5 et fantastisk tilbud.\",\"inLanguage\":\"da-DK\",\"potentialAction\":[{\"@type\":\"ReadAction\",\"target\":[\"https:\\\/\\\/www.getbartender.com\\\/da\\\/selskabslokaler-til-leje\\\/\"]}]},{\"@type\":\"ImageObject\",\"inLanguage\":\"da-DK\",\"@id\":\"https:\\\/\\\/www.getbartender.com\\\/da\\\/selskabslokaler-til-leje\\\/#primaryimage\",\"url\":\"https:\\\/\\\/www.getbartender.com\\\/wp-content\\\/uploads\\\/2014\\\/01\\\/Unknown-e1485251866161.jpeg\",\"contentUrl\":\"https:\\\/\\\/www.getbartender.com\\\/wp-content\\\/uploads\\\/2014\\\/01\\\/Unknown-e1485251866161.jpeg\"},{\"@type\":\"WebSite\",\"@id\":\"https:\\\/\\\/www.getbartender.com\\\/da\\\/#website\",\"url\":\"https:\\\/\\\/www.getbartender.com\\\/da\\\/\",\"name\":\"Get Bartender\",\"description\":\"Hvis du har g\u00e6sten, s\u00e5 har vi festen!\",\"potentialAction\":[{\"@type\":\"SearchAction\",\"target\":{\"@type\":\"EntryPoint\",\"urlTemplate\":\"https:\\\/\\\/www.getbartender.com\\\/da\\\/?s={search_term_string}\"},\"query-input\":{\"@type\":\"PropertyValueSpecification\",\"valueRequired\":true,\"valueName\":\"search_term_string\"}}],\"inLanguage\":\"da-DK\"}]}<\/script>\n<!-- \/ Yoast SEO Premium plugin. -->","yoast_head_json":{"title":"Selskabslokaler til Leje? Se vores fantastiske festlokaler her!","description":"S\u00f8ger du Selskabslokaler til Leje? Vi samarbejder med masser af unikke festlokaler. Tjek dem ud her og f\u00e5 et fantastisk tilbud.","robots":{"index":"index","follow":"follow","max-snippet":"max-snippet:-1","max-image-preview":"max-image-preview:large","max-video-preview":"max-video-preview:-1"},"canonical":"https:\/\/www.getbartender.com\/da\/selskabslokaler-til-leje\/","og_locale":"da_DK","og_type":"article","og_title":"Leje af selskabslokaler","og_description":"S\u00f8ger du Selskabslokaler til Leje? Vi samarbejder med masser af unikke festlokaler. Tjek dem ud her og f\u00e5 et fantastisk tilbud.","og_url":"https:\/\/www.getbartender.com\/da\/selskabslokaler-til-leje\/","og_site_name":"Get Bartender","article_modified_time":"2022-11-01T10:06:11+00:00","og_image":[{"url":"https:\/\/www.getbartender.com\/wp-content\/uploads\/2014\/01\/Unknown-e1485251866161.jpeg","type":"","width":"","height":""}],"twitter_misc":{"Estimeret l\u00e6setid":"4 minutter"},"schema":{"@context":"https:\/\/schema.org","@graph":[{"@type":"WebPage","@id":"https:\/\/www.getbartender.com\/da\/selskabslokaler-til-leje\/","url":"https:\/\/www.getbartender.com\/da\/selskabslokaler-til-leje\/","name":"Selskabslokaler til Leje? Se vores fantastiske festlokaler her!","isPartOf":{"@id":"https:\/\/www.getbartender.com\/da\/#website"},"primaryImageOfPage":{"@id":"https:\/\/www.getbartender.com\/da\/selskabslokaler-til-leje\/#primaryimage"},"image":{"@id":"https:\/\/www.getbartender.com\/da\/selskabslokaler-til-leje\/#primaryimage"},"thumbnailUrl":"https:\/\/www.getbartender.com\/wp-content\/uploads\/2014\/01\/Unknown-e1485251866161.jpeg","datePublished":"2014-01-13T14:49:17+00:00","dateModified":"2022-11-01T10:06:11+00:00","description":"S\u00f8ger du Selskabslokaler til Leje? Vi samarbejder med masser af unikke festlokaler. Tjek dem ud her og f\u00e5 et fantastisk tilbud.","inLanguage":"da-DK","potentialAction":[{"@type":"ReadAction","target":["https:\/\/www.getbartender.com\/da\/selskabslokaler-til-leje\/"]}]},{"@type":"ImageObject","inLanguage":"da-DK","@id":"https:\/\/www.getbartender.com\/da\/selskabslokaler-til-leje\/#primaryimage","url":"https:\/\/www.getbartender.com\/wp-content\/uploads\/2014\/01\/Unknown-e1485251866161.jpeg","contentUrl":"https:\/\/www.getbartender.com\/wp-content\/uploads\/2014\/01\/Unknown-e1485251866161.jpeg"},{"@type":"WebSite","@id":"https:\/\/www.getbartender.com\/da\/#website","url":"https:\/\/www.getbartender.com\/da\/","name":"Get Bartender","description":"Hvis du har g\u00e6sten, s\u00e5 har vi festen!","potentialAction":[{"@type":"SearchAction","target":{"@type":"EntryPoint","urlTemplate":"https:\/\/www.getbartender.com\/da\/?s={search_term_string}"},"query-input":{"@type":"PropertyValueSpecification","valueRequired":true,"valueName":"search_term_string"}}],"inLanguage":"da-DK"}]}},"_links":{"self":[{"href":"https:\/\/www.getbartender.com\/da\/wp-json\/wp\/v2\/pages\/793","targetHints":{"allow":["GET"]}}],"collection":[{"href":"https:\/\/www.getbartender.com\/da\/wp-json\/wp\/v2\/pages"}],"about":[{"href":"https:\/\/www.getbartender.com\/da\/wp-json\/wp\/v2\/types\/page"}],"author":[{"embeddable":true,"href":"https:\/\/www.getbartender.com\/da\/wp-json\/wp\/v2\/users\/1"}],"replies":[{"embeddable":true,"href":"https:\/\/www.getbartender.com\/da\/wp-json\/wp\/v2\/comments?post=793"}],"version-history":[{"count":33,"href":"https:\/\/www.getbartender.com\/da\/wp-json\/wp\/v2\/pages\/793\/revisions"}],"predecessor-version":[{"id":16311,"href":"https:\/\/www.getbartender.com\/da\/wp-json\/wp\/v2\/pages\/793\/revisions\/16311"}],"wp:attachment":[{"href":"https:\/\/www.getbartender.com\/da\/wp-json\/wp\/v2\/media?parent=793"}],"curies":[{"name":"wp","href":"https:\/\/api.w.org\/{rel}","templated":true}]}}