{"id":6502,"date":"2018-04-02T09:41:36","date_gmt":"2018-04-02T09:41:36","guid":{"rendered":"https:\/\/getbartender.com\/?page_id=6502\/"},"modified":"2021-07-29T15:53:05","modified_gmt":"2021-07-29T13:53:05","slug":"sommerfest","status":"publish","type":"page","link":"https:\/\/www.getbartender.com\/da\/sommerfest\/","title":{"rendered":"Sommerfest"},"content":{"rendered":"\n<!-- Heading -->\n \u00c5rets Sommerfest\n  <h4>Vi skr\u00e6ddersyer en total l\u00f8sning til jer<\/h4>\n  <hr \/>\n  <p>Cocktails, Helstegt Pattegris, DJ, Telt eller et flot festlokale &#8211; Vi har det hele!<\/p>\n\t<meta itemprop=\"url\" content=\"https:\/\/www.getbartender.com\/wp-content\/uploads\/2021\/07\/WHAT-MY-MY-COMPANY-GETBARTENDER.COM-DOES.mp4\" \/><div style=\"width: 640px;\" class=\"wp-video\"><video class=\"wp-video-shortcode\" id=\"video-6502-1\" width=\"640\" height=\"360\" preload=\"metadata\" controls=\"controls\"><source type=\"video\/mp4\" src=\"https:\/\/www.getbartender.com\/wp-content\/uploads\/2021\/07\/WHAT-MY-MY-COMPANY-GETBARTENDER.COM-DOES.mp4?_=1\" \/><a href=\"https:\/\/www.getbartender.com\/wp-content\/uploads\/2021\/07\/WHAT-MY-MY-COMPANY-GETBARTENDER.COM-DOES.mp4\">https:\/\/www.getbartender.com\/wp-content\/uploads\/2021\/07\/WHAT-MY-MY-COMPANY-GETBARTENDER.COM-DOES.mp4<\/a><\/video><\/div>\n<h2>\n\t\tHvorfor skal vi planl\u00e6gge jeres sommerfest?\n\t<\/h2>\n    \t<ol><li><p><strong>Oplevelser for alle!<\/strong> Vi s\u00f8rger for at det bliver en fest jeres g\u00e6ster sent vil glemme. G\u00e6sterne bliver overraskede og imponerede over festen. Vores bartendere s\u00f8rger for, at i f\u00e5r en underholdende og sjov aften.<\/p><\/li><li><strong>Erfaring!<\/strong>\u00a0Vi har masser af erfaring indenfor sommerfester. Uanset om i er 15 eller 5.000 mennesker, s\u00e5 kan vi hj\u00e6lpe jer. Vi kan klare den lille hyggelige private\u00a0sommerfest og den store firmafest, hvor alle afdelinger samles.\u00a0Vi har referencer s\u00e5som: SKAT, Zendesk, Salesforce, CrossFit Copenhagen mfl. og et hav af private arrangementer.<\/li><li><strong>Skr\u00e6ddersyet l\u00f8sning!<\/strong>\u00a0Vi kan hj\u00e6lpe med hele jeres fest dvs. festlokaler, telte, oppyntning, catering, musik, servering, cocktails, fad\u00f8l, vin, natmad osv. Vi kan ogs\u00e5 blot st\u00e5 for enkelte dele af festen s\u00e5som bartender og servicering.<\/li><li><strong>Prisvenligt!<\/strong>\u00a0Du er sikret gode priser. Vi er et anderledes eventbureau, fordi vi tjener vores penge p\u00e5 bardelen.<\/li><li><strong>Landsd\u00e6kkende!<\/strong>\u00a0Vi er landsd\u00e6kkende og kommer gerne ud til jer. Vi har b\u00e5de kontor i K\u00f8benhavn, \u00c5rhus og London. Vi byder gerne p\u00e5 en kop kaffe p\u00e5 vores kontor, s\u00e5 vi kan snakke om, hvad vi kan g\u00f8re for dig. Det er stadig ganske uforpligtende og gratis.<\/li><\/ol>  \t\n<h2>\n\t<\/h2>\n    <!-- Mon-Fri 9AM-5PM -->\n        <form>\n            F\u00e5 et gratis tilbud p\u00e5 din sommerfest?            \n            <a href=\"\/da\/kontakt\/\">F\u00c5 ET TILBUD NU<\/a>\n        <\/form>\n        <p>F\u00e5 et gratis og uforpligtende tilbud. Vi gl\u00e6der os til at hj\u00e6lpe dig og besvare alle dine sp\u00f8rgsm\u00e5l.<\/p>\n    <!-- \n          +44 (79) 9087 7551  contact@getbartender.com\n     -->\n<h2>\n\t<\/h2>\n<h2>\n\t\tDet her kan du f\u00e5 til jeres firma sommerfest:\n\t<\/h2>\n<!-- SERVICES -->\n<article>\n    <h5>Seje Bartendere<\/h5>\n    <p>H\u00f8jt hum\u00f8r, smil og stor erfaring<\/p>\n    <hr \/>\n    <p>Vi er blandt DK&#8217;s bedste inden for cocktails. L\u00e6s anbefalinger p\u00e5 <a href=\"https:\/\/www.trustpilot.com\/review\/getbartender.com\">Trustpilot her<\/a> eller <a href=\"https:\/\/www.google.com\/search?q=getbartender&amp;oq=getbartender&amp;aqs=chrome.0.69i59j35i39j46i10i175i199j0i10j69i60l4.2182j0j4&amp;sourceid=chrome&amp;ie=UTF-8#lrd=0x465252424df4edcd:0x46017cdcd3862361,1,,,\">Google her<\/a>.<\/p>\n<\/article><!-- SERVICES -->\n<article>\n    <h5>Gourmet cocktails<\/h5>\n    <p>Passende til din smag, tema og aftenen<\/p>\n    <hr \/>\n    <p>Vi kan lave alle verdens cocktails. B\u00e5de dine favoritter, g\u00e6sternes eller vi kan lave nogle, som du ikke har smagt f\u00f8r. Fra smoothies og milkshakes til gamle klassiske cocktails.<\/p>\n<\/article><!-- SERVICES -->\n<article>\n    <h5>Professionelle DJ<\/h5>\n    <p>Inklusiv Mobil Diskotek<\/p>\n    <hr \/>\n    <p>Vi samarbejder med rigtig mange seje DJ&#8217;s. Du f\u00e5r alt med dertil, og de spiller pr\u00e6cis den musik du \u00f8nsker. B\u00e5de nye som gamle eller inden for et bestemt tema.<\/p>\n<\/article><!-- SERVICES -->\n<article>\n    <h5>Flotte selskabslokaler<\/h5>\n    <p>Muligheder overalt i Danmark <\/p>\n    <hr \/>\n    \n<\/article><!-- SERVICES -->\n<article>\n    <h5>L\u00e6kker Catering<\/h5>\n    <p>Buffet, 3 retters eller Tapas<\/p>\n    <hr \/>\n    <p>Her samarbejder vi b\u00e5de med private kokke og deciderede catering firmaer. Vi kan skr\u00e6ddersy en menu specifikt til jer. Tjek evt. vores nyeste koncept: <a href=\"https:\/\/www.getbartender.com\/da\/vores-cocktail-bar-service\/lej-cocktailbar\/cocktails-og-mad-til-fest\/\">Cocktails og Mad her<\/a>.<\/p>\n<\/article><!-- SERVICES -->\n<article>\n    <h5>Festlig Teambuilding<\/h5>\n    <p>Cocktail Kursus eller Yoga og Cocktails<\/p>\n    <hr \/>\n    <p>Vi kan b\u00e5de arrangere vores Cocktail Kurser hos jer eller p\u00e5 en af de barer vi samarbejder med.<a href=\"https:\/\/www.getbartender.com\/da\/cocktail-teambuilding\/\"> L\u00e6s mere lige her.<\/a> Du kan ogs\u00e5 pr\u00f8ve voreste nyeste koncept Cocktails og Yoga.\u00a0<\/p>\n<\/article><!-- SERVICES -->\n<article>\n    <h5>Unik Underholdning<\/h5>\n    <p>Tryllekunstner, mindfucker eller standup<\/p>\n    <hr \/>\n    <p>Vi har et stort kartotek inden for underholdning. Tryllekunstnere, mindfuckere eller standup komikere. Vi kan booke dem ind til jeres fest. Priser f\u00e5es fra 15.000 kr.\u00a0<\/p>\n<\/article><!-- SERVICES -->\n<article>\n    <h5>Professionel Servering<\/h5>\n    <p>Tjenere, serveringspersonale eller afryddere<\/p>\n    <hr \/>\n    <p>Udover bartendere, s\u00e5 har vi ogs\u00e5 b\u00e5de professionelle tjenere, afryddere, serveringspiger osv. Vi garanterer et h\u00f8jt niveau af service over hele linjen.\u00a0<\/p>\n<\/article><!-- SERVICES -->\n<article>\n    <h5>Levende Live Musik<\/h5>\n    <p>Bands, artister eller sangere<\/p>\n    <hr \/>\n    <p>Vi har flere gode kontakter til fulde bands, sangere og store artister. Vi har ofte v\u00e6ret til en firmafest eller privatfest med dem, s\u00e5 vi kan st\u00e5 inde for, at de kan spille en fest op.\u00a0<\/p>\n<\/article>\n","protected":false},"excerpt":{"rendered":"\u00c5rets Sommerfest Vi skr\u00e6ddersyer en total l\u00f8sning til jer Cocktails, Helstegt Pattegris, DJ, Telt eller et flot festlokale &#8211; Vi har det hele! Hvorfor skal vi planl\u00e6gge jeres sommerfest? Oplevelser for alle! Vi s\u00f8rger for at det bliver en fest jeres g\u00e6ster sent vil glemme. G\u00e6sterne bliver overraskede og imponerede over festen. Vores bartendere s\u00f8rger&#8230; <a class=\"view-article\" href=\"https:\/\/www.getbartender.com\/da\/sommerfest\/\">View Article<\/a>","protected":false},"author":1,"featured_media":14507,"parent":0,"menu_order":70,"comment_status":"closed","ping_status":"closed","template":"","meta":{"_acf_changed":false,"footnotes":""},"class_list":["post-6502","page","type-page","status-publish","has-post-thumbnail","hentry"],"acf":[],"yoast_head":"<!-- This site is optimized with the Yoast SEO Premium plugin v23.4 (Yoast SEO v27.5) - https:\/\/yoast.com\/product\/yoast-seo-premium-wordpress\/ -->\n<title>SOMMERFEST? Vi giver alle g\u00e6ster en festlig aften med geniale cocktails!<\/title>\n<meta name=\"description\" content=\"\u00c5rets Sommerfest? Lad os hj\u00e6lpe! Uanset om det er en firma sommerfest eller bare et privat cocktailparty, s\u00e5 kan vi hj\u00e6lpe med det hele. Sk\u00e5l!\" \/>\n<meta name=\"robots\" content=\"index, follow, max-snippet:-1, max-image-preview:large, max-video-preview:-1\" \/>\n<link rel=\"canonical\" href=\"https:\/\/www.getbartender.com\/da\/sommerfest\/\" \/>\n<meta property=\"og:locale\" content=\"da_DK\" \/>\n<meta property=\"og:type\" content=\"article\" \/>\n<meta property=\"og:title\" content=\"Sommerfest\" \/>\n<meta property=\"og:description\" content=\"\u00c5rets Sommerfest? Lad os hj\u00e6lpe! Uanset om det er en firma sommerfest eller bare et privat cocktailparty, s\u00e5 kan vi hj\u00e6lpe med det hele. Sk\u00e5l!\" \/>\n<meta property=\"og:url\" content=\"https:\/\/www.getbartender.com\/da\/sommerfest\/\" \/>\n<meta property=\"og:site_name\" content=\"Get Bartender\" \/>\n<meta property=\"article:modified_time\" content=\"2021-07-29T13:53:05+00:00\" \/>\n<meta property=\"og:image\" content=\"https:\/\/www.getbartender.com\/wp-content\/uploads\/2021\/07\/pexels-anthony-shkraba-7507032-scaled.jpg\" \/>\n\t<meta property=\"og:image:width\" content=\"924\" \/>\n\t<meta property=\"og:image:height\" content=\"1386\" \/>\n\t<meta property=\"og:image:type\" content=\"image\/jpeg\" \/>\n<meta name=\"twitter:label1\" content=\"Estimeret l\u00e6setid\" \/>\n\t<meta name=\"twitter:data1\" content=\"3 minutter\" \/>\n<script type=\"application\/ld+json\" class=\"yoast-schema-graph\">{\"@context\":\"https:\\\/\\\/schema.org\",\"@graph\":[{\"@type\":\"WebPage\",\"@id\":\"https:\\\/\\\/www.getbartender.com\\\/da\\\/sommerfest\\\/\",\"url\":\"https:\\\/\\\/www.getbartender.com\\\/da\\\/sommerfest\\\/\",\"name\":\"SOMMERFEST? Vi giver alle g\u00e6ster en festlig aften med geniale cocktails!\",\"isPartOf\":{\"@id\":\"https:\\\/\\\/www.getbartender.com\\\/da\\\/#website\"},\"primaryImageOfPage\":{\"@id\":\"https:\\\/\\\/www.getbartender.com\\\/da\\\/sommerfest\\\/#primaryimage\"},\"image\":{\"@id\":\"https:\\\/\\\/www.getbartender.com\\\/da\\\/sommerfest\\\/#primaryimage\"},\"thumbnailUrl\":\"https:\\\/\\\/www.getbartender.com\\\/wp-content\\\/uploads\\\/2021\\\/07\\\/pexels-anthony-shkraba-7507032-scaled.jpg\",\"datePublished\":\"2018-04-02T09:41:36+00:00\",\"dateModified\":\"2021-07-29T13:53:05+00:00\",\"description\":\"\u00c5rets Sommerfest? Lad os hj\u00e6lpe! Uanset om det er en firma sommerfest eller bare et privat cocktailparty, s\u00e5 kan vi hj\u00e6lpe med det hele. Sk\u00e5l!\",\"inLanguage\":\"da-DK\",\"potentialAction\":[{\"@type\":\"ReadAction\",\"target\":[\"https:\\\/\\\/www.getbartender.com\\\/da\\\/sommerfest\\\/\"]}]},{\"@type\":\"ImageObject\",\"inLanguage\":\"da-DK\",\"@id\":\"https:\\\/\\\/www.getbartender.com\\\/da\\\/sommerfest\\\/#primaryimage\",\"url\":\"https:\\\/\\\/www.getbartender.com\\\/wp-content\\\/uploads\\\/2021\\\/07\\\/pexels-anthony-shkraba-7507032-scaled.jpg\",\"contentUrl\":\"https:\\\/\\\/www.getbartender.com\\\/wp-content\\\/uploads\\\/2021\\\/07\\\/pexels-anthony-shkraba-7507032-scaled.jpg\",\"width\":924,\"height\":1386,\"caption\":\"Firmafest Cocktails - Cocktail Bar til Firmafest - Bartender\"},{\"@type\":\"WebSite\",\"@id\":\"https:\\\/\\\/www.getbartender.com\\\/da\\\/#website\",\"url\":\"https:\\\/\\\/www.getbartender.com\\\/da\\\/\",\"name\":\"Get Bartender\",\"description\":\"Hvis du har g\u00e6sten, s\u00e5 har vi festen!\",\"potentialAction\":[{\"@type\":\"SearchAction\",\"target\":{\"@type\":\"EntryPoint\",\"urlTemplate\":\"https:\\\/\\\/www.getbartender.com\\\/da\\\/?s={search_term_string}\"},\"query-input\":{\"@type\":\"PropertyValueSpecification\",\"valueRequired\":true,\"valueName\":\"search_term_string\"}}],\"inLanguage\":\"da-DK\"}]}<\/script>\n<!-- \/ Yoast SEO Premium plugin. -->","yoast_head_json":{"title":"SOMMERFEST? Vi giver alle g\u00e6ster en festlig aften med geniale cocktails!","description":"\u00c5rets Sommerfest? Lad os hj\u00e6lpe! Uanset om det er en firma sommerfest eller bare et privat cocktailparty, s\u00e5 kan vi hj\u00e6lpe med det hele. Sk\u00e5l!","robots":{"index":"index","follow":"follow","max-snippet":"max-snippet:-1","max-image-preview":"max-image-preview:large","max-video-preview":"max-video-preview:-1"},"canonical":"https:\/\/www.getbartender.com\/da\/sommerfest\/","og_locale":"da_DK","og_type":"article","og_title":"Sommerfest","og_description":"\u00c5rets Sommerfest? Lad os hj\u00e6lpe! Uanset om det er en firma sommerfest eller bare et privat cocktailparty, s\u00e5 kan vi hj\u00e6lpe med det hele. Sk\u00e5l!","og_url":"https:\/\/www.getbartender.com\/da\/sommerfest\/","og_site_name":"Get Bartender","article_modified_time":"2021-07-29T13:53:05+00:00","og_image":[{"width":924,"height":1386,"url":"https:\/\/www.getbartender.com\/wp-content\/uploads\/2021\/07\/pexels-anthony-shkraba-7507032-scaled.jpg","type":"image\/jpeg"}],"twitter_misc":{"Estimeret l\u00e6setid":"3 minutter"},"schema":{"@context":"https:\/\/schema.org","@graph":[{"@type":"WebPage","@id":"https:\/\/www.getbartender.com\/da\/sommerfest\/","url":"https:\/\/www.getbartender.com\/da\/sommerfest\/","name":"SOMMERFEST? Vi giver alle g\u00e6ster en festlig aften med geniale cocktails!","isPartOf":{"@id":"https:\/\/www.getbartender.com\/da\/#website"},"primaryImageOfPage":{"@id":"https:\/\/www.getbartender.com\/da\/sommerfest\/#primaryimage"},"image":{"@id":"https:\/\/www.getbartender.com\/da\/sommerfest\/#primaryimage"},"thumbnailUrl":"https:\/\/www.getbartender.com\/wp-content\/uploads\/2021\/07\/pexels-anthony-shkraba-7507032-scaled.jpg","datePublished":"2018-04-02T09:41:36+00:00","dateModified":"2021-07-29T13:53:05+00:00","description":"\u00c5rets Sommerfest? Lad os hj\u00e6lpe! Uanset om det er en firma sommerfest eller bare et privat cocktailparty, s\u00e5 kan vi hj\u00e6lpe med det hele. Sk\u00e5l!","inLanguage":"da-DK","potentialAction":[{"@type":"ReadAction","target":["https:\/\/www.getbartender.com\/da\/sommerfest\/"]}]},{"@type":"ImageObject","inLanguage":"da-DK","@id":"https:\/\/www.getbartender.com\/da\/sommerfest\/#primaryimage","url":"https:\/\/www.getbartender.com\/wp-content\/uploads\/2021\/07\/pexels-anthony-shkraba-7507032-scaled.jpg","contentUrl":"https:\/\/www.getbartender.com\/wp-content\/uploads\/2021\/07\/pexels-anthony-shkraba-7507032-scaled.jpg","width":924,"height":1386,"caption":"Firmafest Cocktails - Cocktail Bar til Firmafest - Bartender"},{"@type":"WebSite","@id":"https:\/\/www.getbartender.com\/da\/#website","url":"https:\/\/www.getbartender.com\/da\/","name":"Get Bartender","description":"Hvis du har g\u00e6sten, s\u00e5 har vi festen!","potentialAction":[{"@type":"SearchAction","target":{"@type":"EntryPoint","urlTemplate":"https:\/\/www.getbartender.com\/da\/?s={search_term_string}"},"query-input":{"@type":"PropertyValueSpecification","valueRequired":true,"valueName":"search_term_string"}}],"inLanguage":"da-DK"}]}},"_links":{"self":[{"href":"https:\/\/www.getbartender.com\/da\/wp-json\/wp\/v2\/pages\/6502","targetHints":{"allow":["GET"]}}],"collection":[{"href":"https:\/\/www.getbartender.com\/da\/wp-json\/wp\/v2\/pages"}],"about":[{"href":"https:\/\/www.getbartender.com\/da\/wp-json\/wp\/v2\/types\/page"}],"author":[{"embeddable":true,"href":"https:\/\/www.getbartender.com\/da\/wp-json\/wp\/v2\/users\/1"}],"replies":[{"embeddable":true,"href":"https:\/\/www.getbartender.com\/da\/wp-json\/wp\/v2\/comments?post=6502"}],"version-history":[{"count":23,"href":"https:\/\/www.getbartender.com\/da\/wp-json\/wp\/v2\/pages\/6502\/revisions"}],"predecessor-version":[{"id":14687,"href":"https:\/\/www.getbartender.com\/da\/wp-json\/wp\/v2\/pages\/6502\/revisions\/14687"}],"wp:featuredmedia":[{"embeddable":true,"href":"https:\/\/www.getbartender.com\/da\/wp-json\/wp\/v2\/media\/14507"}],"wp:attachment":[{"href":"https:\/\/www.getbartender.com\/da\/wp-json\/wp\/v2\/media?parent=6502"}],"curies":[{"name":"wp","href":"https:\/\/api.w.org\/{rel}","templated":true}]}}