{"id":4455,"date":"2016-05-20T10:09:11","date_gmt":"2016-05-20T10:09:11","guid":{"rendered":"http:\/\/getbartender.com\/?page_id=4455"},"modified":"2023-03-17T08:50:53","modified_gmt":"2023-03-17T07:50:53","slug":"cocktails-og-mad-til-fest","status":"publish","type":"page","link":"https:\/\/www.getbartender.com\/da\/lej-cocktailbar\/cocktails-og-mad-til-fest\/","title":{"rendered":"Cocktails og Mad til fest"},"content":{"rendered":"\n<!-- Heading -->\n  <h4>Hvordan er vores Cocktail Catering koncept?<\/h4>\n  <hr>\n  I alt sin enkelhed er det en menu best\u00e5ende af 3-5 anretninger fra KokMedKulP\u00e5.dk eller PrivatKok.nu sammensat med 3-5 cocktails udviklet af os. Du f\u00e5r alts\u00e5 en cocktail til hver anretning. Vi garanterer en helt unik og anderledes smagsoplevelse. Giv dine g\u00e6ster en oplevelse hvor cocktails og mad passer sammen. Perfekt til f\u00f8dselsdagsfesten, firmafesten eller brylluppet. Alle kan v\u00e6re med, da vi sikrer, at de valgte cocktails kan laves uden alkohol. \n\n\n<h3>\n\t\tHvorfor bestille cocktails og mad til fest?\n\t<\/h3>\n    \t<ol><li><p>F\u00e5 en ny, unik og anderledes smagsoplevelse med geniale cocktails, som er n\u00f8je udvalgt til maden.<\/p><\/li><li>Giv dine g\u00e6ster et gastronomisk indspark med et koncept, som de med garanti ikke har pr\u00f8vet f\u00f8r.<\/li><li>S\u00e6t gang i festen fra start med velsmagende cocktails. Vi lover, at stemningen bliver l\u00f8ftet, allerede efter forretten bliver serveret.<\/li><li>Du f\u00e5r 3 veltilberedte og gode retter. Forret, hovedret og dessert vil v\u00e6re sammensat af Lars fra <a href=\"http:\/\/xn--kokmedkulp-b6a.dk\/\">KokMedKulP\u00e5.dk<\/a> eller Phillip fra <a href=\"http:\/\/privatkok.nu\/\">PrivatKok.Nu<\/a>. Du er sikret en professionel service og en yderst delikat anretning.<\/li><li>Du f\u00e5r 3 dejlige og friske cocktails. En cocktail til hver ret. De kan b\u00e5de mixes med og uden alkohol, s\u00e5 alle kan v\u00e6re med.&nbsp;<\/li><li>N\u00e5r du bestiller Cocktails og Mad til fest hos os, s\u00e5 kan vi sagtens skr\u00e6ddersy den til dit arrangement. Vi ved, at events er forskellige. Vi tilpasser gerne vores Cocktail Catering til dig. Eksempelvis kan vi godt lave cocktails, ogs\u00e5 lade dig selv eller din valg af kok st\u00e5 for maden.&nbsp;<\/li><\/ol>  \t\n<!-- SERVICES -->\n<article>\n    <h5>Hvilke cocktails f\u00e5r man?<\/h5>\n    \n    <hr>\n    <ul>\n<li>\n<p>Man kan selv v\u00e6re med til at s\u00e6tte sit pr\u00e6g p\u00e5 de forskellige cocktails. Det samme g\u00e6lder menuen, og antallet af anretninger. 3, 4 eller 5 retters etc. Vi anbefaler dog, at vores cocktails passer til maden, og ikke bliver for eksperimenterende. De valgte cocktails skal favorisere alle. <a href=\"https:\/\/www.getbartender.com\/da\/vores-cocktail-bar-service\/vores-laekre-cocktails\/\">Se alle vores forskellige cocktails her.<\/a><\/p>\n<\/li>\n<li>\n<p>Vi anbefaler et udpluk af velkendte klassikere, nye kreative twists og moderne cocktails. Dertil m\u00e5ske et mixed shot mellem retter.<\/p>\n<\/li>\n<li>\n<p>Cocktails der som regel er forret favoritter er: Lillet Mango Spritz, Moscow Mule, Pimms Cup eller en Bellini. Det kan ogs\u00e5 v\u00e6re s\u00e5 simpelt, som en rigtig god Gin og Tonic.&nbsp;<\/p>\n<\/li>\n<li>\n<p>Hovedretter kan jo v\u00e6re vidt forskellige, s\u00e5 det afh\u00e6nger af, hvad man f\u00e5r at spise. En stor b\u00f8f elelr helstegt pattegris? S\u00e5 ville en Whisky Sour v\u00e6re genial. Er det fisk, som pryder bordet? S\u00e5 kan vi anbefale en Gin Fizz eller en Clover Club etc.<\/p>\n<\/li>\n<li>\n<p>Typiske dessert cocktails er Espresso Martini eller Pornstar Martini. De fungerer bare altid. Her kan man give dem et twist med lidt lakrids etc.&nbsp;<\/p>\n<\/li>\n<\/ul>\n<\/article>\n    <!-- Mon-Fri 9AM-5PM -->\n        <form>\n            Vil du ha&#8217; et tilbud p\u00e5 cocktails og mad til fest?            \n            <a href=\"\/da\/kontakt\/\">F\u00c5 ET TILBUD NU<\/a>\n        <\/form>\n        <p>F\u00e5 et gratis og uforpligtende tilbud. Vi gl\u00e6der os til at hj\u00e6lpe dig og besvare alle dine sp\u00f8rgsm\u00e5l.<\/p>\n    <!-- \n          +44 (79) 9087 7551  contact@getbartender.com\n     -->\n\n<!-- Heading -->\n  <h4>Vores Priser<\/h4>\n  <hr>\n  Inkluderer professionelle kokke og bartendere.\nPrisen varierer ofte afh\u00e6ngigt af, hvor i verden i befinder jer, dato og antal g\u00e6ster. Ved store selskaber b\u00f8r du kontakte os for en konkret pris.\n\n\t<p>F\u00e5es for 495 kr. pr. kuvert ved minimum 20 g\u00e6ster og inkl. moms og transport.<\/p><h4>\n\t\tDet her kan du gl\u00e6de dig til:\n\t<\/h4>\n<!-- SERVICES -->\n<!-- SERVICES -->\n<!-- SERVICES -->\n<!-- SERVICES -->\n<!-- SERVICES -->\n<!-- SERVICES -->\n<!-- SERVICES -->\n<!-- SERVICES -->\n<!-- SERVICES -->\n","protected":false},"excerpt":{"rendered":"Hvordan er vores Cocktail Catering koncept? I alt sin enkelhed er det en menu best\u00e5ende af 3-5 anretninger fra KokMedKulP\u00e5.dk eller PrivatKok.nu sammensat med 3-5 cocktails udviklet af os. Du f\u00e5r alts\u00e5 en cocktail til hver anretning. Vi garanterer en helt unik og anderledes smagsoplevelse. Giv dine g\u00e6ster en oplevelse hvor cocktails og mad passer&#8230; <a class=\"view-article\" href=\"https:\/\/www.getbartender.com\/da\/lej-cocktailbar\/cocktails-og-mad-til-fest\/\">View Article<\/a>","protected":false},"author":1,"featured_media":17243,"parent":5,"menu_order":38,"comment_status":"closed","ping_status":"closed","template":"","meta":{"_acf_changed":false,"footnotes":""},"class_list":["post-4455","page","type-page","status-publish","has-post-thumbnail","hentry"],"acf":[],"yoast_head":"<!-- This site is optimized with the Yoast SEO Premium plugin v23.4 (Yoast SEO v27.5) - https:\/\/yoast.com\/product\/yoast-seo-premium-wordpress\/ -->\n<title>Unik Mad til fest? Vores Cocktails og Mad menu er en oplevelse!<\/title>\n<meta name=\"description\" content=\"Cocktails og Mad til fest? Giv dine g\u00e6ster en fantastisk smagsoplevelse. Geniale cocktails og l\u00e6kre anretninger. L\u00e6r mere her!\" \/>\n<meta name=\"robots\" content=\"index, follow, max-snippet:-1, max-image-preview:large, max-video-preview:-1\" \/>\n<link rel=\"canonical\" href=\"https:\/\/www.getbartender.com\/da\/lej-cocktailbar\/cocktails-og-mad-til-fest\/\" \/>\n<meta property=\"og:locale\" content=\"da_DK\" \/>\n<meta property=\"og:type\" content=\"article\" \/>\n<meta property=\"og:title\" content=\"Cocktails og Mad til fest\" \/>\n<meta property=\"og:description\" content=\"Cocktails og Mad til fest? Giv dine g\u00e6ster en fantastisk smagsoplevelse. Geniale cocktails og l\u00e6kre anretninger. L\u00e6r mere her!\" \/>\n<meta property=\"og:url\" content=\"https:\/\/www.getbartender.com\/da\/lej-cocktailbar\/cocktails-og-mad-til-fest\/\" \/>\n<meta property=\"og:site_name\" content=\"Get Bartender\" \/>\n<meta property=\"article:modified_time\" content=\"2023-03-17T07:50:53+00:00\" \/>\n<meta property=\"og:image\" content=\"https:\/\/www.getbartender.com\/wp-content\/uploads\/2023\/03\/pexels-elevate-1267320-e1678959553271-700x467.jpg\" \/>\n\t<meta property=\"og:image:width\" content=\"700\" \/>\n\t<meta property=\"og:image:height\" content=\"467\" \/>\n\t<meta property=\"og:image:type\" content=\"image\/jpeg\" \/>\n<meta name=\"twitter:label1\" content=\"Estimeret l\u00e6setid\" \/>\n\t<meta name=\"twitter:data1\" content=\"3 minutter\" \/>\n<script type=\"application\/ld+json\" class=\"yoast-schema-graph\">{\"@context\":\"https:\\\/\\\/schema.org\",\"@graph\":[{\"@type\":\"WebPage\",\"@id\":\"https:\\\/\\\/www.getbartender.com\\\/da\\\/lej-cocktailbar\\\/cocktails-og-mad-til-fest\\\/\",\"url\":\"https:\\\/\\\/www.getbartender.com\\\/da\\\/lej-cocktailbar\\\/cocktails-og-mad-til-fest\\\/\",\"name\":\"Unik Mad til fest? Vores Cocktails og Mad menu er en oplevelse!\",\"isPartOf\":{\"@id\":\"https:\\\/\\\/www.getbartender.com\\\/da\\\/#website\"},\"primaryImageOfPage\":{\"@id\":\"https:\\\/\\\/www.getbartender.com\\\/da\\\/lej-cocktailbar\\\/cocktails-og-mad-til-fest\\\/#primaryimage\"},\"image\":{\"@id\":\"https:\\\/\\\/www.getbartender.com\\\/da\\\/lej-cocktailbar\\\/cocktails-og-mad-til-fest\\\/#primaryimage\"},\"thumbnailUrl\":\"https:\\\/\\\/www.getbartender.com\\\/wp-content\\\/uploads\\\/2023\\\/03\\\/pexels-elevate-1267320-e1678959553271.jpg\",\"datePublished\":\"2016-05-20T10:09:11+00:00\",\"dateModified\":\"2023-03-17T07:50:53+00:00\",\"description\":\"Cocktails og Mad til fest? Giv dine g\u00e6ster en fantastisk smagsoplevelse. Geniale cocktails og l\u00e6kre anretninger. L\u00e6r mere her!\",\"breadcrumb\":{\"@id\":\"https:\\\/\\\/www.getbartender.com\\\/da\\\/lej-cocktailbar\\\/cocktails-og-mad-til-fest\\\/#breadcrumb\"},\"inLanguage\":\"da-DK\",\"potentialAction\":[{\"@type\":\"ReadAction\",\"target\":[\"https:\\\/\\\/www.getbartender.com\\\/da\\\/lej-cocktailbar\\\/cocktails-og-mad-til-fest\\\/\"]}]},{\"@type\":\"ImageObject\",\"inLanguage\":\"da-DK\",\"@id\":\"https:\\\/\\\/www.getbartender.com\\\/da\\\/lej-cocktailbar\\\/cocktails-og-mad-til-fest\\\/#primaryimage\",\"url\":\"https:\\\/\\\/www.getbartender.com\\\/wp-content\\\/uploads\\\/2023\\\/03\\\/pexels-elevate-1267320-e1678959553271.jpg\",\"contentUrl\":\"https:\\\/\\\/www.getbartender.com\\\/wp-content\\\/uploads\\\/2023\\\/03\\\/pexels-elevate-1267320-e1678959553271.jpg\",\"width\":4000,\"height\":2668,\"caption\":\"Privat kok - Kok til fest - Den bedste mad til fest - Catering til fest - festmad\"},{\"@type\":\"BreadcrumbList\",\"@id\":\"https:\\\/\\\/www.getbartender.com\\\/da\\\/lej-cocktailbar\\\/cocktails-og-mad-til-fest\\\/#breadcrumb\",\"itemListElement\":[{\"@type\":\"ListItem\",\"position\":1,\"name\":\"Lej Cocktailbar\",\"item\":\"https:\\\/\\\/www.getbartender.com\\\/da\\\/lej-cocktailbar\\\/\"},{\"@type\":\"ListItem\",\"position\":2,\"name\":\"Cocktails og Mad til fest\"}]},{\"@type\":\"WebSite\",\"@id\":\"https:\\\/\\\/www.getbartender.com\\\/da\\\/#website\",\"url\":\"https:\\\/\\\/www.getbartender.com\\\/da\\\/\",\"name\":\"Get Bartender\",\"description\":\"Hvis du har g\u00e6sten, s\u00e5 har vi festen!\",\"potentialAction\":[{\"@type\":\"SearchAction\",\"target\":{\"@type\":\"EntryPoint\",\"urlTemplate\":\"https:\\\/\\\/www.getbartender.com\\\/da\\\/?s={search_term_string}\"},\"query-input\":{\"@type\":\"PropertyValueSpecification\",\"valueRequired\":true,\"valueName\":\"search_term_string\"}}],\"inLanguage\":\"da-DK\"}]}<\/script>\n<!-- \/ Yoast SEO Premium plugin. -->","yoast_head_json":{"title":"Unik Mad til fest? Vores Cocktails og Mad menu er en oplevelse!","description":"Cocktails og Mad til fest? Giv dine g\u00e6ster en fantastisk smagsoplevelse. Geniale cocktails og l\u00e6kre anretninger. L\u00e6r mere her!","robots":{"index":"index","follow":"follow","max-snippet":"max-snippet:-1","max-image-preview":"max-image-preview:large","max-video-preview":"max-video-preview:-1"},"canonical":"https:\/\/www.getbartender.com\/da\/lej-cocktailbar\/cocktails-og-mad-til-fest\/","og_locale":"da_DK","og_type":"article","og_title":"Cocktails og Mad til fest","og_description":"Cocktails og Mad til fest? Giv dine g\u00e6ster en fantastisk smagsoplevelse. Geniale cocktails og l\u00e6kre anretninger. L\u00e6r mere her!","og_url":"https:\/\/www.getbartender.com\/da\/lej-cocktailbar\/cocktails-og-mad-til-fest\/","og_site_name":"Get Bartender","article_modified_time":"2023-03-17T07:50:53+00:00","og_image":[{"width":700,"height":467,"url":"https:\/\/www.getbartender.com\/wp-content\/uploads\/2023\/03\/pexels-elevate-1267320-e1678959553271-700x467.jpg","type":"image\/jpeg"}],"twitter_misc":{"Estimeret l\u00e6setid":"3 minutter"},"schema":{"@context":"https:\/\/schema.org","@graph":[{"@type":"WebPage","@id":"https:\/\/www.getbartender.com\/da\/lej-cocktailbar\/cocktails-og-mad-til-fest\/","url":"https:\/\/www.getbartender.com\/da\/lej-cocktailbar\/cocktails-og-mad-til-fest\/","name":"Unik Mad til fest? Vores Cocktails og Mad menu er en oplevelse!","isPartOf":{"@id":"https:\/\/www.getbartender.com\/da\/#website"},"primaryImageOfPage":{"@id":"https:\/\/www.getbartender.com\/da\/lej-cocktailbar\/cocktails-og-mad-til-fest\/#primaryimage"},"image":{"@id":"https:\/\/www.getbartender.com\/da\/lej-cocktailbar\/cocktails-og-mad-til-fest\/#primaryimage"},"thumbnailUrl":"https:\/\/www.getbartender.com\/wp-content\/uploads\/2023\/03\/pexels-elevate-1267320-e1678959553271.jpg","datePublished":"2016-05-20T10:09:11+00:00","dateModified":"2023-03-17T07:50:53+00:00","description":"Cocktails og Mad til fest? Giv dine g\u00e6ster en fantastisk smagsoplevelse. Geniale cocktails og l\u00e6kre anretninger. L\u00e6r mere her!","breadcrumb":{"@id":"https:\/\/www.getbartender.com\/da\/lej-cocktailbar\/cocktails-og-mad-til-fest\/#breadcrumb"},"inLanguage":"da-DK","potentialAction":[{"@type":"ReadAction","target":["https:\/\/www.getbartender.com\/da\/lej-cocktailbar\/cocktails-og-mad-til-fest\/"]}]},{"@type":"ImageObject","inLanguage":"da-DK","@id":"https:\/\/www.getbartender.com\/da\/lej-cocktailbar\/cocktails-og-mad-til-fest\/#primaryimage","url":"https:\/\/www.getbartender.com\/wp-content\/uploads\/2023\/03\/pexels-elevate-1267320-e1678959553271.jpg","contentUrl":"https:\/\/www.getbartender.com\/wp-content\/uploads\/2023\/03\/pexels-elevate-1267320-e1678959553271.jpg","width":4000,"height":2668,"caption":"Privat kok - Kok til fest - Den bedste mad til fest - Catering til fest - festmad"},{"@type":"BreadcrumbList","@id":"https:\/\/www.getbartender.com\/da\/lej-cocktailbar\/cocktails-og-mad-til-fest\/#breadcrumb","itemListElement":[{"@type":"ListItem","position":1,"name":"Lej Cocktailbar","item":"https:\/\/www.getbartender.com\/da\/lej-cocktailbar\/"},{"@type":"ListItem","position":2,"name":"Cocktails og Mad til fest"}]},{"@type":"WebSite","@id":"https:\/\/www.getbartender.com\/da\/#website","url":"https:\/\/www.getbartender.com\/da\/","name":"Get Bartender","description":"Hvis du har g\u00e6sten, s\u00e5 har vi festen!","potentialAction":[{"@type":"SearchAction","target":{"@type":"EntryPoint","urlTemplate":"https:\/\/www.getbartender.com\/da\/?s={search_term_string}"},"query-input":{"@type":"PropertyValueSpecification","valueRequired":true,"valueName":"search_term_string"}}],"inLanguage":"da-DK"}]}},"_links":{"self":[{"href":"https:\/\/www.getbartender.com\/da\/wp-json\/wp\/v2\/pages\/4455","targetHints":{"allow":["GET"]}}],"collection":[{"href":"https:\/\/www.getbartender.com\/da\/wp-json\/wp\/v2\/pages"}],"about":[{"href":"https:\/\/www.getbartender.com\/da\/wp-json\/wp\/v2\/types\/page"}],"author":[{"embeddable":true,"href":"https:\/\/www.getbartender.com\/da\/wp-json\/wp\/v2\/users\/1"}],"replies":[{"embeddable":true,"href":"https:\/\/www.getbartender.com\/da\/wp-json\/wp\/v2\/comments?post=4455"}],"version-history":[{"count":27,"href":"https:\/\/www.getbartender.com\/da\/wp-json\/wp\/v2\/pages\/4455\/revisions"}],"predecessor-version":[{"id":17303,"href":"https:\/\/www.getbartender.com\/da\/wp-json\/wp\/v2\/pages\/4455\/revisions\/17303"}],"up":[{"embeddable":true,"href":"https:\/\/www.getbartender.com\/da\/wp-json\/wp\/v2\/pages\/5"}],"wp:featuredmedia":[{"embeddable":true,"href":"https:\/\/www.getbartender.com\/da\/wp-json\/wp\/v2\/media\/17243"}],"wp:attachment":[{"href":"https:\/\/www.getbartender.com\/da\/wp-json\/wp\/v2\/media?parent=4455"}],"curies":[{"name":"wp","href":"https:\/\/api.w.org\/{rel}","templated":true}]}}