{"id":3999,"date":"2016-02-20T10:38:02","date_gmt":"2016-02-20T10:38:02","guid":{"rendered":"http:\/\/getbartender.com\/?page_id=3999"},"modified":"2024-09-16T10:25:08","modified_gmt":"2024-09-16T08:25:08","slug":"det-vigtigste-bar-udstyr","status":"publish","type":"page","link":"https:\/\/www.getbartender.com\/da\/det-vigtigste-bar-udstyr\/","title":{"rendered":"Hvordan laver man Cocktails?"},"content":{"rendered":"\n<!-- Heading -->\n Dette udstyr skal du have derhjemme\n  <h4>Vejledning til barudstyr<\/h4>\n  <hr \/>\n  <p>\u00d8nsker du at mixe l\u00e6kre cocktails derhjemme? S\u00e5 tag et kig p\u00e5 billederne nedenfor. Vi anbefaler altid at have udstyret i orden f\u00f8r du g\u00e5r igang. \u00d8nsker du alternativer til barudstyr? L\u00e6s under hvert billede, hvor vi giver dig andre muligheder.<\/p>\n<h3>\n\t\tHvordan laver man cocktails som disse?\n\t<\/h3>\n    \t<ol><li>Det kr\u00e6ver det rette bar udstyr eller gode alternativer til det. Dette giver vi dig indblik i nedenfor. Her f\u00e5r du vores komplette bar udstyr guide.<\/li><li>Det n\u00e6ste vigtigt punkt er, at du skal have gode cocktail opskrifter. <a href=\"https:\/\/www.getbartender.com\/da\/blog\/\">Tjek vores cocktail blog med opskrifter<\/a>.<\/li><li>S\u00e5 skal du finde t\u00e5lmodigheden frem. Det kan gode v\u00e6re, at den perfekte Whisky Sour ikke er der i f\u00f8rste hug, men det m\u00e5 ikke sl\u00e5 dig ud.\u00a0<\/li><li>Lidt i tr\u00e5d med punkt nummer tre. \u00d8velse g\u00f8r mester. Lav en cocktail hver fredag, og vi garanterer, at du inden for et halvt \u00e5r er en formidabel bartender.\u00a0<\/li><li>Eksperiment\u00e9r l\u00f8s. Mange klassiske cocktails er faktisk opst\u00e5et ved fejl. Et eksempel er Pisco Sour. Her havde man ikke mere Whisky, ogs\u00e5 pr\u00f8vede man med Pisco i stedet. Det fungerede.\u00a0<\/li><\/ol>  \t\n    <!-- Mon-Fri 9AM-5PM -->\n        <form>\n            Hvor k\u00f8ber man Bar Udstyr?            \n            <a href=\"https:\/\/www.getcocktails.com\/\">G\u00c5 TIL SHOPPEN!<\/a>\n        <\/form>\n        <p>Her kan du b\u00e5de finde bar udstyr, cocktail pakker, spiritus og friske juicer.  K\u00f8b i dag og f\u00e5 leveret i morgen. <\/p>\n    <!-- \n          +44 (79) 9087 7551  contact@getbartender.com\n     -->\n<h3>\n\t\tIntroduktion til Bar Udstyr\n\t<\/h3>\n<!-- SERVICES -->\n<article>\n    <h5>Boston Shaker<\/h5>\n    \n    <hr \/>\n    <p>En boston shaker er helt essentielt at have til at mixe massevis af de klassiske cocktails.<\/p>\n<p>Du bruger shakeren til at blande ingredienser med og dermed frembringe den rigtige konsistens og smag.<\/p>\n<p>Der findes flere forskellige typer af cocktail shakers. Den klassiske er en boston shaker. Der findes dog ogs\u00e5 cobbler shaker og french shaker.<\/p>\n<p>Hvad kan du ellers bruge? En fitness shaker kan godt bruges som alternativ, s\u00e5fremt du ikke har nogen penge og skal lave cocktails lige nu og her.<\/p>\n<\/article><article>\n    <h5>Jigger<\/h5>\n    \n    <hr \/>\n    <p>En jigger eller et m\u00e5leb\u00e6ger bruges til at afm\u00e5le spiritus\/juice\/sirup\/mixers.<\/p>\n<p>Det er super vigtigt at afm\u00e5le sine ingredienser korrekt. Du kan hurtigt komme til at \u00f8del\u00e6gge en god drink, hvis du bruger \u00f8jem\u00e5l.<br \/>P\u00e5 nogle af verdens bedste cocktailbarer bruger de ogs\u00e5 en jigger. Hvis eliten kan, s\u00e5 kan du ogs\u00e5.<\/p>\n<p>Hvad kan du ellers bruge? Et deciliterm\u00e5l eller et shotglas. Det vigtigste er, at du kender m\u00e5lene p\u00e5 glasset.<\/p>\n<\/article><!-- SERVICES -->\n<!-- SERVICES -->\n<article>\n    <h5>Muddler<\/h5>\n    \n    <hr \/>\n    <p>En muddler bruges til at mose og presse frugter, b\u00e6r og gr\u00f8ntsager for derved at f\u00e5 saft, nuancer og smag frem.<\/p>\n<p>En muddler er nok bedst kendt fra mojitoen. Her bruges den til at presse lime og opl\u00f8se saften med r\u00f8rsukkeret. Den kan dog ogs\u00e5 bruges til et hav af andre frugter. Alt fra jordb\u00e6r og ribs til agurk og gulerod.<\/p>\n<p>Hvad kan du ellers bruge? Du kan ogs\u00e5 bruge en ske eller et lignende redskab. Det vigtigste er, at du f\u00e5r den \u00f8nskede saft og smag frem.<\/p>\n<\/article><article>\n    <h5>Citrus Squeezer<\/h5>\n    \n    <hr \/>\n    <p>En citruspresser er et redskab, som bruges til at presse juicen ud af en given frugt.<\/p>\n<p>I mange klassiske cocktails bruges limesaft og citronsaft (det sure og bitre, som er med til at afbalancere en god cocktail). Her er citruspresseren en k\u00e6mpe hj\u00e6lp!<\/p>\n<p>Hvad kan du ellers bruge? En anden form for citruspresser end den p\u00e5 billedet. Alternativt kan du presse saften ud med h\u00e5nden.<\/p>\n<\/article><!-- SERVICES -->\n<!-- SERVICES -->\n<article>\n    <h5>Strainer<\/h5>\n    \n    <hr \/>\n    <p>En strainer er m\u00e5ske ikke alfa omega for at mixe cocktails. Du kan godt leve uden, men den er uundv\u00e6rlig i cocktails, hvor du ikke \u00f8nsker isklumper, flager eller frugt nede i din drink.<\/p>\n<p>Du bruger straineren til at s\u00f8rge for, at du ikke f\u00e5r is, frugt eller andet i din drink. Du bruger den efter, du har shaket din cocktail.<\/p>\n<p>Hvad kan du ellers bruge? Du kan n\u00f8jes med at bruge boston shakeren. Du bruger glasset som stopklods for isen. Alternativt kan du k\u00f8be en cocktail shaker med indbygget strainer.<\/p>\n<\/article><article>\n    <h5>Double Strainer<\/h5>\n    \n    <hr \/>\n    <p>En double strainer eller fine strainer er en lille si, der bruges til at si med.<\/p>\n<p>Du bruger denne lille si for at undg\u00e5 isflager eller frugtk\u00f8d i din cocktail.<\/p>\n<p>Man bruger alts\u00e5 b\u00e5de straineren og double straineren til enkelte cocktails. Typisk til cocktails serveret i et martiniglas.<br \/>Hvad kan du ellers bruge? Du kan bruge en st\u00f8rre si. S\u00e5 l\u00e6nge den kan sortere de u\u00f8nskede ingredienser fra, s\u00e5 kan den bruges.<\/p>\n<\/article><!-- SERVICES -->\n\t\t\t\t<img loading=\"lazy\" decoding=\"async\" src=\"https:\/\/www.getbartender.com\/wp-content\/uploads\/2023\/02\/94078423_1006633869731640_7506201973989834752_o_1920x.jpg\" alt=\"Hvordan laver man cocktails - Bar udstyr guide - Cocktail guide\" itemprop=\"image\" height=\"1440\" width=\"1920\" title=\"Hvordan laver man cocktails - Bar udstyr guide - Cocktail guide\" onerror=\"this.style.display='none'\"  \/>\n<article>\n    <h5>BESTIL HER: Vores pakke med barudstyr<\/h5>\n    \n    <hr \/>\n    <p>1 x Cocktail Shaker (Den best\u00e5r af to dele. Et shaker tin og et boston glas)<br \/>1 x Strainer (si)<br \/>1 x Double Strainer (en finere si)<br \/>1 x Jigger (m\u00e5leb\u00e6ger)<br \/>1 x Mexican Elbow (Frugtpresser)<br \/>1 x Bar Ske<\/p>\n<p>Mulighed for at f\u00e5 10 kg is for +125 kr. eller 25 kg for +195 kr. hvis du bestiller 3 dage f\u00f8r. Priser er\u00a0ekskl. isbeholder.\u00a0<\/p>\n  <!-- Buttons -->\n    <a href=\"https:\/\/www.getcocktails.com\/\">K\u00f8b til 695 kr.<\/a>\n<\/article><!-- Heading -->\n  <h4>HVAD skal du ellers BRUGE?<\/h4>\n  <hr \/>\n  <p>Dette er mere &#8216;nice to have&#8217; end &#8216;need to have&#8217;. <\/p>\n<article>\n    <h5>Sk\u00e6rebr\u00e6t<\/h5>\n    \n    <hr \/>\n<\/article><!-- SERVICES -->\n<article>\n    <h5>Sk\u00e6nkeprop<\/h5>\n    \n    <hr \/>\n<\/article><!-- SERVICES -->\n<article>\n    <h5>Blender<\/h5>\n    \n    <hr \/>\n<\/article><!-- SERVICES -->\n<article>\n    <h5>Knive<\/h5>\n    \n    <hr \/>\n<\/article><!-- SERVICES -->\n<article>\n    <h5>Kartoffelskr\u00e6ller<\/h5>\n    \n    <hr \/>\n<\/article><!-- SERVICES -->\n<article>\n    <h5>Barske<\/h5>\n    \n    <hr \/>\n<\/article><!-- SERVICES -->\n\n","protected":false},"excerpt":{"rendered":"Dette udstyr skal du have derhjemme Vejledning til barudstyr \u00d8nsker du at mixe l\u00e6kre cocktails derhjemme? S\u00e5 tag et kig p\u00e5 billederne nedenfor. Vi anbefaler altid at have udstyret i orden f\u00f8r du g\u00e5r igang. \u00d8nsker du alternativer til barudstyr? L\u00e6s under hvert billede, hvor vi giver dig andre muligheder. Hvordan laver man cocktails som&#8230; <a class=\"view-article\" href=\"https:\/\/www.getbartender.com\/da\/det-vigtigste-bar-udstyr\/\">View Article<\/a>","protected":false},"author":1,"featured_media":0,"parent":0,"menu_order":26,"comment_status":"closed","ping_status":"closed","template":"","meta":{"_acf_changed":false,"footnotes":""},"class_list":["post-3999","page","type-page","status-publish","hentry"],"acf":[],"yoast_head":"<!-- This site is optimized with the Yoast SEO Premium plugin v23.4 (Yoast SEO v27.5) - https:\/\/yoast.com\/product\/yoast-seo-premium-wordpress\/ -->\n<title>Hvordan laver man Cocktails med bar udstyr? Brug denne guide!<\/title>\n<meta name=\"description\" content=\"Hvordan laver man cocktails? Her f\u00e5r du vores komplette guide. Vi giver dig ALT du skal vide om bar udstyr, og hvordan du laver cocktails.\" \/>\n<meta name=\"robots\" content=\"index, follow, max-snippet:-1, max-image-preview:large, max-video-preview:-1\" \/>\n<link rel=\"canonical\" href=\"https:\/\/www.getbartender.com\/da\/det-vigtigste-bar-udstyr\/\" \/>\n<meta property=\"og:locale\" content=\"da_DK\" \/>\n<meta property=\"og:type\" content=\"article\" \/>\n<meta property=\"og:title\" content=\"Hvordan laver man Cocktails?\" \/>\n<meta property=\"og:description\" content=\"Hvordan laver man cocktails? Her f\u00e5r du vores komplette guide. Vi giver dig ALT du skal vide om bar udstyr, og hvordan du laver cocktails.\" \/>\n<meta property=\"og:url\" content=\"https:\/\/www.getbartender.com\/da\/det-vigtigste-bar-udstyr\/\" \/>\n<meta property=\"og:site_name\" content=\"Get Bartender\" \/>\n<meta property=\"article:modified_time\" content=\"2024-09-16T08:25:08+00:00\" \/>\n<meta property=\"og:image\" content=\"https:\/\/www.getbartender.com\/wp-content\/uploads\/2023\/02\/94078423_1006633869731640_7506201973989834752_o_1920x.jpg\" \/>\n<meta name=\"twitter:label1\" content=\"Estimeret l\u00e6setid\" \/>\n\t<meta name=\"twitter:data1\" content=\"5 minutter\" \/>\n<script type=\"application\/ld+json\" class=\"yoast-schema-graph\">{\"@context\":\"https:\\\/\\\/schema.org\",\"@graph\":[{\"@type\":\"WebPage\",\"@id\":\"https:\\\/\\\/www.getbartender.com\\\/da\\\/det-vigtigste-bar-udstyr\\\/\",\"url\":\"https:\\\/\\\/www.getbartender.com\\\/da\\\/det-vigtigste-bar-udstyr\\\/\",\"name\":\"Hvordan laver man Cocktails med bar udstyr? Brug denne guide!\",\"isPartOf\":{\"@id\":\"https:\\\/\\\/www.getbartender.com\\\/da\\\/#website\"},\"primaryImageOfPage\":{\"@id\":\"https:\\\/\\\/www.getbartender.com\\\/da\\\/det-vigtigste-bar-udstyr\\\/#primaryimage\"},\"image\":{\"@id\":\"https:\\\/\\\/www.getbartender.com\\\/da\\\/det-vigtigste-bar-udstyr\\\/#primaryimage\"},\"thumbnailUrl\":\"https:\\\/\\\/www.getbartender.com\\\/wp-content\\\/uploads\\\/2023\\\/02\\\/94078423_1006633869731640_7506201973989834752_o_1920x.jpg\",\"datePublished\":\"2016-02-20T10:38:02+00:00\",\"dateModified\":\"2024-09-16T08:25:08+00:00\",\"description\":\"Hvordan laver man cocktails? Her f\u00e5r du vores komplette guide. Vi giver dig ALT du skal vide om bar udstyr, og hvordan du laver cocktails.\",\"inLanguage\":\"da-DK\",\"potentialAction\":[{\"@type\":\"ReadAction\",\"target\":[\"https:\\\/\\\/www.getbartender.com\\\/da\\\/det-vigtigste-bar-udstyr\\\/\"]}]},{\"@type\":\"ImageObject\",\"inLanguage\":\"da-DK\",\"@id\":\"https:\\\/\\\/www.getbartender.com\\\/da\\\/det-vigtigste-bar-udstyr\\\/#primaryimage\",\"url\":\"https:\\\/\\\/www.getbartender.com\\\/wp-content\\\/uploads\\\/2023\\\/02\\\/94078423_1006633869731640_7506201973989834752_o_1920x.jpg\",\"contentUrl\":\"https:\\\/\\\/www.getbartender.com\\\/wp-content\\\/uploads\\\/2023\\\/02\\\/94078423_1006633869731640_7506201973989834752_o_1920x.jpg\"},{\"@type\":\"WebSite\",\"@id\":\"https:\\\/\\\/www.getbartender.com\\\/da\\\/#website\",\"url\":\"https:\\\/\\\/www.getbartender.com\\\/da\\\/\",\"name\":\"Get Bartender\",\"description\":\"Hvis du har g\u00e6sten, s\u00e5 har vi festen!\",\"potentialAction\":[{\"@type\":\"SearchAction\",\"target\":{\"@type\":\"EntryPoint\",\"urlTemplate\":\"https:\\\/\\\/www.getbartender.com\\\/da\\\/?s={search_term_string}\"},\"query-input\":{\"@type\":\"PropertyValueSpecification\",\"valueRequired\":true,\"valueName\":\"search_term_string\"}}],\"inLanguage\":\"da-DK\"}]}<\/script>\n<!-- \/ Yoast SEO Premium plugin. -->","yoast_head_json":{"title":"Hvordan laver man Cocktails med bar udstyr? Brug denne guide!","description":"Hvordan laver man cocktails? Her f\u00e5r du vores komplette guide. Vi giver dig ALT du skal vide om bar udstyr, og hvordan du laver cocktails.","robots":{"index":"index","follow":"follow","max-snippet":"max-snippet:-1","max-image-preview":"max-image-preview:large","max-video-preview":"max-video-preview:-1"},"canonical":"https:\/\/www.getbartender.com\/da\/det-vigtigste-bar-udstyr\/","og_locale":"da_DK","og_type":"article","og_title":"Hvordan laver man Cocktails?","og_description":"Hvordan laver man cocktails? Her f\u00e5r du vores komplette guide. Vi giver dig ALT du skal vide om bar udstyr, og hvordan du laver cocktails.","og_url":"https:\/\/www.getbartender.com\/da\/det-vigtigste-bar-udstyr\/","og_site_name":"Get Bartender","article_modified_time":"2024-09-16T08:25:08+00:00","og_image":[{"url":"https:\/\/www.getbartender.com\/wp-content\/uploads\/2023\/02\/94078423_1006633869731640_7506201973989834752_o_1920x.jpg","type":"","width":"","height":""}],"twitter_misc":{"Estimeret l\u00e6setid":"5 minutter"},"schema":{"@context":"https:\/\/schema.org","@graph":[{"@type":"WebPage","@id":"https:\/\/www.getbartender.com\/da\/det-vigtigste-bar-udstyr\/","url":"https:\/\/www.getbartender.com\/da\/det-vigtigste-bar-udstyr\/","name":"Hvordan laver man Cocktails med bar udstyr? Brug denne guide!","isPartOf":{"@id":"https:\/\/www.getbartender.com\/da\/#website"},"primaryImageOfPage":{"@id":"https:\/\/www.getbartender.com\/da\/det-vigtigste-bar-udstyr\/#primaryimage"},"image":{"@id":"https:\/\/www.getbartender.com\/da\/det-vigtigste-bar-udstyr\/#primaryimage"},"thumbnailUrl":"https:\/\/www.getbartender.com\/wp-content\/uploads\/2023\/02\/94078423_1006633869731640_7506201973989834752_o_1920x.jpg","datePublished":"2016-02-20T10:38:02+00:00","dateModified":"2024-09-16T08:25:08+00:00","description":"Hvordan laver man cocktails? Her f\u00e5r du vores komplette guide. Vi giver dig ALT du skal vide om bar udstyr, og hvordan du laver cocktails.","inLanguage":"da-DK","potentialAction":[{"@type":"ReadAction","target":["https:\/\/www.getbartender.com\/da\/det-vigtigste-bar-udstyr\/"]}]},{"@type":"ImageObject","inLanguage":"da-DK","@id":"https:\/\/www.getbartender.com\/da\/det-vigtigste-bar-udstyr\/#primaryimage","url":"https:\/\/www.getbartender.com\/wp-content\/uploads\/2023\/02\/94078423_1006633869731640_7506201973989834752_o_1920x.jpg","contentUrl":"https:\/\/www.getbartender.com\/wp-content\/uploads\/2023\/02\/94078423_1006633869731640_7506201973989834752_o_1920x.jpg"},{"@type":"WebSite","@id":"https:\/\/www.getbartender.com\/da\/#website","url":"https:\/\/www.getbartender.com\/da\/","name":"Get Bartender","description":"Hvis du har g\u00e6sten, s\u00e5 har vi festen!","potentialAction":[{"@type":"SearchAction","target":{"@type":"EntryPoint","urlTemplate":"https:\/\/www.getbartender.com\/da\/?s={search_term_string}"},"query-input":{"@type":"PropertyValueSpecification","valueRequired":true,"valueName":"search_term_string"}}],"inLanguage":"da-DK"}]}},"_links":{"self":[{"href":"https:\/\/www.getbartender.com\/da\/wp-json\/wp\/v2\/pages\/3999","targetHints":{"allow":["GET"]}}],"collection":[{"href":"https:\/\/www.getbartender.com\/da\/wp-json\/wp\/v2\/pages"}],"about":[{"href":"https:\/\/www.getbartender.com\/da\/wp-json\/wp\/v2\/types\/page"}],"author":[{"embeddable":true,"href":"https:\/\/www.getbartender.com\/da\/wp-json\/wp\/v2\/users\/1"}],"replies":[{"embeddable":true,"href":"https:\/\/www.getbartender.com\/da\/wp-json\/wp\/v2\/comments?post=3999"}],"version-history":[{"count":33,"href":"https:\/\/www.getbartender.com\/da\/wp-json\/wp\/v2\/pages\/3999\/revisions"}],"predecessor-version":[{"id":17585,"href":"https:\/\/www.getbartender.com\/da\/wp-json\/wp\/v2\/pages\/3999\/revisions\/17585"}],"wp:attachment":[{"href":"https:\/\/www.getbartender.com\/da\/wp-json\/wp\/v2\/media?parent=3999"}],"curies":[{"name":"wp","href":"https:\/\/api.w.org\/{rel}","templated":true}]}}