{"id":3492,"date":"2016-01-07T09:20:29","date_gmt":"2016-01-07T09:20:29","guid":{"rendered":"http:\/\/getbartender.com\/?page_id=3492"},"modified":"2021-05-13T14:11:03","modified_gmt":"2021-05-13T12:11:03","slug":"betalingsbar-til-fredagsbar","status":"publish","type":"page","link":"https:\/\/www.getbartender.com\/da\/lej-cocktailbar\/betalingsbar-til-fredagsbar\/","title":{"rendered":"Fredagsbar med betalingsbar"},"content":{"rendered":"\n<!-- Heading -->\n  <h4>Hvad g\u00f8r vi?<\/h4>\n  <hr \/>\n  \u00d8nsker i at g\u00f8re jeres fredagsbar lidt federe? eller vil i bare gerne have en fredagsbar? S\u00e5 kontakt os! Vi stiller nemlig gerne en gratis betalingsbar op. Her s\u00e6lger vi l\u00e6kre cocktails og fad\u00f8l til gode priser. I skal blot v\u00e6re minimum 80-100 mennesker, s\u00e5 er det helt gratis!\n\n<h2>\n\t<\/h2>\n<article>\n    <h5>Kolde fad\u00f8l og l\u00e6kre cocktails!<\/h5>\n    \n    <hr \/>\n    <p>I er med til at bestemme menuen, men vi har som udgangspunkt fad\u00f8l, sjusser og kvalitets cocktails til skarpe priser. Vores varem\u00e6rke er cocktails og det er vores passion. Vi kan lave alverdens forskellige slags, s\u00e5 fort\u00e6l os gerne dine favoritter, s\u00e5 s\u00f8rger vi for at have dem med. Uanset om det er de mere klassiske som Mojito, Dark and Stormy, de gamle kendinge som Filur og Isbj\u00f8rn eller vores egne som Passion Martini og Ginger Sour.<\/p>\n<\/article><article>\n    <h5>Festlig fredagsbar!<\/h5>\n    \n    <hr \/>\n    <p>Vi vil med garanti g\u00f8re jeres fredagsbar mere festlig, uanset om i allerede har en fredagsbar eller gerne vil have en. Vi har top professionelle bartendere i h\u00f8jt hum\u00f8r, som er klar p\u00e5 at lave en masse l\u00e6kkerier til jer.<\/p>\n<p>Vi har rigtig god situationsfornemmelse. Det vil sige, at vi tilpasser os jer 100% . Hvis i har et tema eller lignende, s\u00e5 s\u00f8rger vi for, at vi passer ind.<\/p>\n<\/article><h2>\n\t<\/h2>\n<!-- SERVICES -->\n<!-- SERVICES -->\n<!-- SERVICES -->\n<!-- SERVICES -->\n<h2>\n\t<\/h2>\n    <!-- Mon-Fri 9AM-5PM -->\n        <form>\n            Vil du have en underholdende og sjovere fredagsbar?            \n            <a href=\"\/da\/kontakt\/\">F\u00c5 ET TILBUD NU<\/a>\n        <\/form>\n        <p>F\u00e5 et gratis og uforpligtende tilbud. Vi gl\u00e6der os til at hj\u00e6lpe dig og besvare alle dine sp\u00f8rgsm\u00e5l.<\/p>\n    <!-- \n          +44 (79) 9087 7551  contact@getbartender.com\n     -->\n<h2>\n\t<\/h2>\n<h2>\n\t<\/h2>\n<!-- Heading -->\n  <h4>Gode priser, underholdende og helt gratis!<\/h4>\n  <hr \/>\n  P\u00e5 trods af vores h\u00f8je kvalitetsniveau, s\u00e5 er vores priser i baren studievenlige. 1 fad\u00f8l koster 30 kr. og 2 for 50 kr. Vores cocktails og sjusser f\u00e5r du for 60-65 kr. og 2 for 100-110 kr.\n<br \/><br \/>\nVores priser er ikke som en almindelig cocktailbars, selvom vi altid pr\u00f8ver at ramme samme kvalitet. Vi har ingen husleje, og det skal i kunne m\u00e6rke. Vi stiller derfor gerne baren gratis op, s\u00e5fremt i er minimum 80-100 g\u00e6ster. Hvis i ikke er s\u00e5 mange, s\u00e5 kan vi stadig finde en smart l\u00f8sning til jer!\n\n\n","protected":false},"excerpt":{"rendered":"Hvad g\u00f8r vi? \u00d8nsker i at g\u00f8re jeres fredagsbar lidt federe? eller vil i bare gerne have en fredagsbar? S\u00e5 kontakt os! Vi stiller nemlig gerne en gratis betalingsbar op. Her s\u00e6lger vi l\u00e6kre cocktails og fad\u00f8l til gode priser. I skal blot v\u00e6re minimum 80-100 mennesker, s\u00e5 er det helt gratis! Kolde fad\u00f8l og&#8230; <a class=\"view-article\" href=\"https:\/\/www.getbartender.com\/da\/lej-cocktailbar\/betalingsbar-til-fredagsbar\/\">View Article<\/a>","protected":false},"author":1,"featured_media":0,"parent":5,"menu_order":44,"comment_status":"closed","ping_status":"closed","template":"","meta":{"_acf_changed":false,"footnotes":""},"class_list":["post-3492","page","type-page","status-publish","hentry"],"acf":[],"yoast_head":"<!-- This site is optimized with the Yoast SEO Premium plugin v23.4 (Yoast SEO v27.5) - https:\/\/yoast.com\/product\/yoast-seo-premium-wordpress\/ -->\n<title>En festligere Fredagsbar? Vi kommer gratis og stiller Bar op!<\/title>\n<meta name=\"description\" content=\"Vil i gerne lave en festlig Fredagsbar? S\u00e5 kontakt os. Vi kommer gerne og stiller en billig betalingsbar op med fad\u00f8l og l\u00e6kre cocktails!\" \/>\n<meta name=\"robots\" content=\"index, follow, max-snippet:-1, max-image-preview:large, max-video-preview:-1\" \/>\n<link rel=\"canonical\" href=\"https:\/\/www.getbartender.com\/da\/lej-cocktailbar\/betalingsbar-til-fredagsbar\/\" \/>\n<meta property=\"og:locale\" content=\"da_DK\" \/>\n<meta property=\"og:type\" content=\"article\" \/>\n<meta property=\"og:title\" content=\"Fredagsbar med betalingsbar\" \/>\n<meta property=\"og:description\" content=\"Vil i gerne lave en festlig Fredagsbar? S\u00e5 kontakt os. Vi kommer gerne og stiller en billig betalingsbar op med fad\u00f8l og l\u00e6kre cocktails!\" \/>\n<meta property=\"og:url\" content=\"https:\/\/www.getbartender.com\/da\/lej-cocktailbar\/betalingsbar-til-fredagsbar\/\" \/>\n<meta property=\"og:site_name\" content=\"Get Bartender\" \/>\n<meta property=\"article:modified_time\" content=\"2021-05-13T12:11:03+00:00\" \/>\n<meta name=\"twitter:label1\" content=\"Estimeret l\u00e6setid\" \/>\n\t<meta name=\"twitter:data1\" content=\"2 minutter\" \/>\n<script type=\"application\/ld+json\" class=\"yoast-schema-graph\">{\"@context\":\"https:\\\/\\\/schema.org\",\"@graph\":[{\"@type\":\"WebPage\",\"@id\":\"https:\\\/\\\/www.getbartender.com\\\/da\\\/lej-cocktailbar\\\/betalingsbar-til-fredagsbar\\\/\",\"url\":\"https:\\\/\\\/www.getbartender.com\\\/da\\\/lej-cocktailbar\\\/betalingsbar-til-fredagsbar\\\/\",\"name\":\"En festligere Fredagsbar? Vi kommer gratis og stiller Bar op!\",\"isPartOf\":{\"@id\":\"https:\\\/\\\/www.getbartender.com\\\/da\\\/#website\"},\"datePublished\":\"2016-01-07T09:20:29+00:00\",\"dateModified\":\"2021-05-13T12:11:03+00:00\",\"description\":\"Vil i gerne lave en festlig Fredagsbar? S\u00e5 kontakt os. Vi kommer gerne og stiller en billig betalingsbar op med fad\u00f8l og l\u00e6kre cocktails!\",\"breadcrumb\":{\"@id\":\"https:\\\/\\\/www.getbartender.com\\\/da\\\/lej-cocktailbar\\\/betalingsbar-til-fredagsbar\\\/#breadcrumb\"},\"inLanguage\":\"da-DK\",\"potentialAction\":[{\"@type\":\"ReadAction\",\"target\":[\"https:\\\/\\\/www.getbartender.com\\\/da\\\/lej-cocktailbar\\\/betalingsbar-til-fredagsbar\\\/\"]}]},{\"@type\":\"BreadcrumbList\",\"@id\":\"https:\\\/\\\/www.getbartender.com\\\/da\\\/lej-cocktailbar\\\/betalingsbar-til-fredagsbar\\\/#breadcrumb\",\"itemListElement\":[{\"@type\":\"ListItem\",\"position\":1,\"name\":\"Lej Cocktailbar\",\"item\":\"https:\\\/\\\/www.getbartender.com\\\/da\\\/lej-cocktailbar\\\/\"},{\"@type\":\"ListItem\",\"position\":2,\"name\":\"Fredagsbar med betalingsbar\"}]},{\"@type\":\"WebSite\",\"@id\":\"https:\\\/\\\/www.getbartender.com\\\/da\\\/#website\",\"url\":\"https:\\\/\\\/www.getbartender.com\\\/da\\\/\",\"name\":\"Get Bartender\",\"description\":\"Hvis du har g\u00e6sten, s\u00e5 har vi festen!\",\"potentialAction\":[{\"@type\":\"SearchAction\",\"target\":{\"@type\":\"EntryPoint\",\"urlTemplate\":\"https:\\\/\\\/www.getbartender.com\\\/da\\\/?s={search_term_string}\"},\"query-input\":{\"@type\":\"PropertyValueSpecification\",\"valueRequired\":true,\"valueName\":\"search_term_string\"}}],\"inLanguage\":\"da-DK\"}]}<\/script>\n<!-- \/ Yoast SEO Premium plugin. -->","yoast_head_json":{"title":"En festligere Fredagsbar? Vi kommer gratis og stiller Bar op!","description":"Vil i gerne lave en festlig Fredagsbar? S\u00e5 kontakt os. Vi kommer gerne og stiller en billig betalingsbar op med fad\u00f8l og l\u00e6kre cocktails!","robots":{"index":"index","follow":"follow","max-snippet":"max-snippet:-1","max-image-preview":"max-image-preview:large","max-video-preview":"max-video-preview:-1"},"canonical":"https:\/\/www.getbartender.com\/da\/lej-cocktailbar\/betalingsbar-til-fredagsbar\/","og_locale":"da_DK","og_type":"article","og_title":"Fredagsbar med betalingsbar","og_description":"Vil i gerne lave en festlig Fredagsbar? S\u00e5 kontakt os. Vi kommer gerne og stiller en billig betalingsbar op med fad\u00f8l og l\u00e6kre cocktails!","og_url":"https:\/\/www.getbartender.com\/da\/lej-cocktailbar\/betalingsbar-til-fredagsbar\/","og_site_name":"Get Bartender","article_modified_time":"2021-05-13T12:11:03+00:00","twitter_misc":{"Estimeret l\u00e6setid":"2 minutter"},"schema":{"@context":"https:\/\/schema.org","@graph":[{"@type":"WebPage","@id":"https:\/\/www.getbartender.com\/da\/lej-cocktailbar\/betalingsbar-til-fredagsbar\/","url":"https:\/\/www.getbartender.com\/da\/lej-cocktailbar\/betalingsbar-til-fredagsbar\/","name":"En festligere Fredagsbar? Vi kommer gratis og stiller Bar op!","isPartOf":{"@id":"https:\/\/www.getbartender.com\/da\/#website"},"datePublished":"2016-01-07T09:20:29+00:00","dateModified":"2021-05-13T12:11:03+00:00","description":"Vil i gerne lave en festlig Fredagsbar? S\u00e5 kontakt os. Vi kommer gerne og stiller en billig betalingsbar op med fad\u00f8l og l\u00e6kre cocktails!","breadcrumb":{"@id":"https:\/\/www.getbartender.com\/da\/lej-cocktailbar\/betalingsbar-til-fredagsbar\/#breadcrumb"},"inLanguage":"da-DK","potentialAction":[{"@type":"ReadAction","target":["https:\/\/www.getbartender.com\/da\/lej-cocktailbar\/betalingsbar-til-fredagsbar\/"]}]},{"@type":"BreadcrumbList","@id":"https:\/\/www.getbartender.com\/da\/lej-cocktailbar\/betalingsbar-til-fredagsbar\/#breadcrumb","itemListElement":[{"@type":"ListItem","position":1,"name":"Lej Cocktailbar","item":"https:\/\/www.getbartender.com\/da\/lej-cocktailbar\/"},{"@type":"ListItem","position":2,"name":"Fredagsbar med betalingsbar"}]},{"@type":"WebSite","@id":"https:\/\/www.getbartender.com\/da\/#website","url":"https:\/\/www.getbartender.com\/da\/","name":"Get Bartender","description":"Hvis du har g\u00e6sten, s\u00e5 har vi festen!","potentialAction":[{"@type":"SearchAction","target":{"@type":"EntryPoint","urlTemplate":"https:\/\/www.getbartender.com\/da\/?s={search_term_string}"},"query-input":{"@type":"PropertyValueSpecification","valueRequired":true,"valueName":"search_term_string"}}],"inLanguage":"da-DK"}]}},"_links":{"self":[{"href":"https:\/\/www.getbartender.com\/da\/wp-json\/wp\/v2\/pages\/3492","targetHints":{"allow":["GET"]}}],"collection":[{"href":"https:\/\/www.getbartender.com\/da\/wp-json\/wp\/v2\/pages"}],"about":[{"href":"https:\/\/www.getbartender.com\/da\/wp-json\/wp\/v2\/types\/page"}],"author":[{"embeddable":true,"href":"https:\/\/www.getbartender.com\/da\/wp-json\/wp\/v2\/users\/1"}],"replies":[{"embeddable":true,"href":"https:\/\/www.getbartender.com\/da\/wp-json\/wp\/v2\/comments?post=3492"}],"version-history":[{"count":16,"href":"https:\/\/www.getbartender.com\/da\/wp-json\/wp\/v2\/pages\/3492\/revisions"}],"predecessor-version":[{"id":14187,"href":"https:\/\/www.getbartender.com\/da\/wp-json\/wp\/v2\/pages\/3492\/revisions\/14187"}],"up":[{"embeddable":true,"href":"https:\/\/www.getbartender.com\/da\/wp-json\/wp\/v2\/pages\/5"}],"wp:attachment":[{"href":"https:\/\/www.getbartender.com\/da\/wp-json\/wp\/v2\/media?parent=3492"}],"curies":[{"name":"wp","href":"https:\/\/api.w.org\/{rel}","templated":true}]}}