{"id":3189,"date":"2015-04-14T19:29:39","date_gmt":"2015-04-14T19:29:39","guid":{"rendered":"http:\/\/getbartender.com\/?page_id=3189"},"modified":"2023-03-15T12:06:45","modified_gmt":"2023-03-15T11:06:45","slug":"ideer-til-fest","status":"publish","type":"page","link":"https:\/\/www.getbartender.com\/da\/ideer-til-fest\/","title":{"rendered":"Ideer til fest"},"content":{"rendered":"\n<!-- Heading -->\n  <h4>Gode ideer til fest<\/h4>\n  <hr>\n  Her har vi samlet vores bedste tips og tricks til at afholde en vellykket fest. Alle disse ideer til festen er ganske gratis, og ikke noget som kr\u00e6ver det store budget. \n\n<h3>\n\t\tAfhold en Temafest\n\t<\/h3>\n    \t<ol><li>En fest med et tema g\u00f8r oplevelsen helt unik.<\/li><li>Dine g\u00e6ster vil huske aftenen for noget specielt.<\/li><li>Det altid en fest at se de mange sjove, flotte og kreative udkl\u00e6dninger. Du lader ogs\u00e5 dine g\u00e6ster udfolde deres kreative evner.<\/li><li>Hvis man ikke er fan af udkl\u00e6dning, s\u00e5 kan man jo g\u00f8re mindre ud af det. Eksempelvis bare tage en maske p\u00e5.<\/li><\/ol>  \t\n\n<h3>\n\t\tLad g\u00e6sterne bestemme playlisten\n\t<\/h3>\n    \t<ol><li>G\u00e6sterne vil gl\u00e6de sig ti at h\u00f8re det nummer de har valgt.<\/li><li>Du g\u00f8r musikken alsidig og fremprovokerer glemte klassikere, som du ikke selv husker.<\/li><li>Du giver g\u00e6sterne noget at snakke om. Hvis man ikke kender hinanden, s\u00e5 kan man altid h\u00f8re dem, hvad de har valgt til playlisten.<\/li><li>Du medf\u00f8rer en masse dans p\u00e5 dansegulvet. Hvem vil ikke danse til deres eget valg af musik.<\/li><\/ol>  \t\n    <!-- Mon-Fri 9AM-5PM -->\n        <form>\n            Skal vi hj\u00e6lpe med at arrangere din fest?            \n            <a href=\"\/da\/kontakt\/\">F\u00c5 ET TILBUD NU<\/a>\n        <\/form>\n        <p>F\u00e5 et gratis og uforpligtende tilbud. Vi gl\u00e6der os til at hj\u00e6lpe dig og besvare alle dine sp\u00f8rgsm\u00e5l.<\/p>\n    <!-- \n          +44 (79) 9087 7551  contact@getbartender.com\n     -->\n\n<h3>\n\t\tLad g\u00e6sterne bestemme playlisten\n\t<\/h3>\n    \t<ol><li>G\u00e6sterne vil l\u00e6re hinanden at kende p\u00e5 kryds og tv\u00e6rs, hvis de er sammen p\u00e5 hold.&nbsp;<\/li><li>Det giver noget at snakke om hele aftenen, da man altid kan tage udgangspunkt i quizzen.&nbsp;<\/li><li>Det er super nemt at lave en musik quiz, hvor man skal g\u00e6tte sange eller en Kahoot.&nbsp;<\/li><li>Du underholder g\u00e6sterne og giver dem noget uventet, og samtidig kan du virkelig v\u00e6re kreativ med sp\u00f8rgsm\u00e5l og indslag i quizzen.&nbsp;<\/li><\/ol>  \t\n\t\t\t\t<img loading=\"lazy\" decoding=\"async\" src=\"https:\/\/www.getbartender.com\/wp-content\/uploads\/2023\/03\/jeremy-mcgilvrey-4Gss4NZKaZQ-unsplash-scaled.jpg\" alt=\"Quiz til fest - Ideer til fest\" itemprop=\"image\" height=\"1707\" width=\"2560\" title=\"Quiz til fest - Ideer til fest\" onerror=\"this.style.display='none'\">\n\t\t\t\t<img loading=\"lazy\" decoding=\"async\" src=\"https:\/\/www.getbartender.com\/wp-content\/uploads\/2023\/03\/al-elmes-ULHxWq8reao-unsplash-scaled.jpg\" alt=\"Hold en tale - Ideer til bryllup - Ideer til fest\" itemprop=\"image\" height=\"1707\" width=\"2560\" title=\"Hold en tale - Ideer til bryllup - Ideer til fest\" onerror=\"this.style.display='none'\">\n<h3>\n\t\tHold en unik tale\n\t<\/h3>\n    \t<ol><li>Du kan skrive din tale som en rap eller et digt. Det g\u00f8r det sjovere at lytte.&nbsp;<\/li><li>Du kan ogs\u00e5 lade alle g\u00e6ster skrive et ord ned, som du s\u00e5 skal n\u00e6vne i din tale. Evt. bare tr\u00e6k tre af forslagene. Og tr\u00e6kker du eksempelvis et ord, som er for sjofelt, s\u00e5 lav enten sjov med det eller bare tr\u00e6k et nyt.&nbsp;<\/li><li>Du kan ogs\u00e5 bruge videoer\/billeder. Det er nogle gange sv\u00e6rt at forklare bestemte situationer med ord. Her virker billeder\/videoer meget bedre.<\/li><li>Du kan ogs\u00e5 lave et lille drukspil ud af det. S\u00e5 du beder g\u00e6sterne om at sk\u00e5le, hver gang du siger &#8216;\u00f8\u00f8\u00f8hm&#8217;.&nbsp;<\/li><li>Og husk: Meget hellere kort og godt end lang og akavet.&nbsp;<\/li><\/ol>  \t\n\n<h3>\n\t\tS\u00f8rg for underholdning\n\t<\/h3>\n    \t<ol><li>Lidt i tr\u00e5d med de tale og quiz, s\u00e5 anbefaler vi, at du s\u00f8rger for en form for underholding. Det beh\u00f8ver ikke v\u00e6re en dyr komiker eller tryllekunstner. Her kommer et par forslag.<\/li><li>Sp\u00f8rg rundt i dit netv\u00e6rk. M\u00e5ske kender du nogle, som er mavedansere, hiphoppere, guitarister med mere. Hvis du kender nogle, s\u00e5 f\u00e5r du ofte en bedre pris.<\/li><\/ol>  \t\n\t\t\t\t<img loading=\"lazy\" decoding=\"async\" src=\"https:\/\/www.getbartender.com\/wp-content\/uploads\/2023\/03\/gianluca-carenza-eNKeNoe86mg-unsplash-scaled.jpg\" alt=\"Festunderholdning - Ideer til festen - Tips til fest - Tricks til fest - Ideer til firmafest - Temafest\" itemprop=\"image\" height=\"1709\" width=\"2560\" title=\"gianluca-carenza-eNKeNoe86mg-unsplash\" onerror=\"this.style.display='none'\">\n\t\t\t\t<img loading=\"lazy\" decoding=\"async\" src=\"https:\/\/www.getbartender.com\/wp-content\/uploads\/2023\/02\/candice-picard-BqRWoyBi9CI-unsplash-scaled.jpg\" alt=\"Kir Royal - Bedste Velkomstdrinks til fest\" itemprop=\"image\" height=\"924\" width=\"1386\" title=\"Kir Royal - Bedste Velkomstdrinks til fest\" onerror=\"this.style.display='none'\">\n<h3>\n\t\tDrikkevarer\n\t<\/h3>\n    \t<ol><li>Hvis du ikke har r\u00e5d at booke en bartender gennem os, s\u00e5 anbefaler vi, at du stadig s\u00f8rger for noget l\u00e6kkert at drikke til g\u00e6sterne. B\u00e5de med og uden alkohol naturligvis.<\/li><li>Cocktails i dispensere er super nemt. Du kan k\u00f8be dem gennem vores webshop: <strong><a href=\"https:\/\/www.getcocktails.com\/\">www.GetCocktails.com<\/a>, <\/strong>eller du kan lave dem helt selv. Cocktails i dispensere kan sagtens holde flere timer, og de fungerer genialt som velkomstdrink.<\/li><li>Bobler og flaske\u00f8l er ogs\u00e5 en klassiker. Her anbefaler vi, at du s\u00e6tter begge i nogle champagne bowler med isterninger. S\u00e5 kan man let servicere sig selv, og det hele er p\u00e5 k\u00f8l lige ved festen.&nbsp;<\/li><\/ol>\n","protected":false},"excerpt":{"rendered":"Gode ideer til fest Her har vi samlet vores bedste tips og tricks til at afholde en vellykket fest. Alle disse ideer til festen er ganske gratis, og ikke noget som kr\u00e6ver det store budget. Afhold en Temafest En fest med et tema g\u00f8r oplevelsen helt unik. Dine g\u00e6ster vil huske aftenen for noget specielt&#8230;. <a class=\"view-article\" href=\"https:\/\/www.getbartender.com\/da\/ideer-til-fest\/\">View Article<\/a>","protected":false},"author":1,"featured_media":17212,"parent":0,"menu_order":61,"comment_status":"closed","ping_status":"closed","template":"","meta":{"_acf_changed":false,"footnotes":""},"class_list":["post-3189","page","type-page","status-publish","has-post-thumbnail","hentry"],"acf":[],"yoast_head":"<!-- This site is optimized with the Yoast SEO Premium plugin v23.4 (Yoast SEO v27.4) - https:\/\/yoast.com\/product\/yoast-seo-premium-wordpress\/ -->\n<title>Skal du holde fest? Her f\u00e5r du masser af gode ideer til fest!<\/title>\n<meta name=\"description\" content=\"S\u00f8ger du efter ideer til fest? Her giver vi dig vores bedste gratis tips og tricks til at holde den bedste fest. Sk\u00e5l!\" \/>\n<meta name=\"robots\" content=\"index, follow, max-snippet:-1, max-image-preview:large, max-video-preview:-1\" \/>\n<link rel=\"canonical\" href=\"https:\/\/www.getbartender.com\/da\/ideer-til-fest\/\" \/>\n<meta property=\"og:locale\" content=\"da_DK\" \/>\n<meta property=\"og:type\" content=\"article\" \/>\n<meta property=\"og:title\" content=\"Ideer til fest\" \/>\n<meta property=\"og:description\" content=\"S\u00f8ger du efter ideer til fest? Her giver vi dig vores bedste gratis tips og tricks til at holde den bedste fest. Sk\u00e5l!\" \/>\n<meta property=\"og:url\" content=\"https:\/\/www.getbartender.com\/da\/ideer-til-fest\/\" \/>\n<meta property=\"og:site_name\" content=\"Get Bartender\" \/>\n<meta property=\"article:modified_time\" content=\"2023-03-15T11:06:45+00:00\" \/>\n<meta property=\"og:image\" content=\"https:\/\/www.getbartender.com\/wp-content\/uploads\/2023\/03\/al-elmes-ULHxWq8reao-unsplash-scaled.jpg\" \/>\n\t<meta property=\"og:image:width\" content=\"2560\" \/>\n\t<meta property=\"og:image:height\" content=\"1707\" \/>\n\t<meta property=\"og:image:type\" content=\"image\/jpeg\" \/>\n<meta name=\"twitter:label1\" content=\"Estimeret l\u00e6setid\" \/>\n\t<meta name=\"twitter:data1\" content=\"4 minutter\" \/>\n<script type=\"application\/ld+json\" class=\"yoast-schema-graph\">{\"@context\":\"https:\\\/\\\/schema.org\",\"@graph\":[{\"@type\":\"WebPage\",\"@id\":\"https:\\\/\\\/www.getbartender.com\\\/da\\\/ideer-til-fest\\\/\",\"url\":\"https:\\\/\\\/www.getbartender.com\\\/da\\\/ideer-til-fest\\\/\",\"name\":\"Skal du holde fest? Her f\u00e5r du masser af gode ideer til fest!\",\"isPartOf\":{\"@id\":\"https:\\\/\\\/www.getbartender.com\\\/da\\\/#website\"},\"primaryImageOfPage\":{\"@id\":\"https:\\\/\\\/www.getbartender.com\\\/da\\\/ideer-til-fest\\\/#primaryimage\"},\"image\":{\"@id\":\"https:\\\/\\\/www.getbartender.com\\\/da\\\/ideer-til-fest\\\/#primaryimage\"},\"thumbnailUrl\":\"https:\\\/\\\/www.getbartender.com\\\/wp-content\\\/uploads\\\/2023\\\/03\\\/al-elmes-ULHxWq8reao-unsplash-scaled.jpg\",\"datePublished\":\"2015-04-14T19:29:39+00:00\",\"dateModified\":\"2023-03-15T11:06:45+00:00\",\"description\":\"S\u00f8ger du efter ideer til fest? Her giver vi dig vores bedste gratis tips og tricks til at holde den bedste fest. Sk\u00e5l!\",\"inLanguage\":\"da-DK\",\"potentialAction\":[{\"@type\":\"ReadAction\",\"target\":[\"https:\\\/\\\/www.getbartender.com\\\/da\\\/ideer-til-fest\\\/\"]}]},{\"@type\":\"ImageObject\",\"inLanguage\":\"da-DK\",\"@id\":\"https:\\\/\\\/www.getbartender.com\\\/da\\\/ideer-til-fest\\\/#primaryimage\",\"url\":\"https:\\\/\\\/www.getbartender.com\\\/wp-content\\\/uploads\\\/2023\\\/03\\\/al-elmes-ULHxWq8reao-unsplash-scaled.jpg\",\"contentUrl\":\"https:\\\/\\\/www.getbartender.com\\\/wp-content\\\/uploads\\\/2023\\\/03\\\/al-elmes-ULHxWq8reao-unsplash-scaled.jpg\",\"width\":2560,\"height\":1707,\"caption\":\"Hold en tale - Ideer til bryllup - Ideer til fest\"},{\"@type\":\"WebSite\",\"@id\":\"https:\\\/\\\/www.getbartender.com\\\/da\\\/#website\",\"url\":\"https:\\\/\\\/www.getbartender.com\\\/da\\\/\",\"name\":\"Get Bartender\",\"description\":\"Hvis du har g\u00e6sten, s\u00e5 har vi festen!\",\"potentialAction\":[{\"@type\":\"SearchAction\",\"target\":{\"@type\":\"EntryPoint\",\"urlTemplate\":\"https:\\\/\\\/www.getbartender.com\\\/da\\\/?s={search_term_string}\"},\"query-input\":{\"@type\":\"PropertyValueSpecification\",\"valueRequired\":true,\"valueName\":\"search_term_string\"}}],\"inLanguage\":\"da-DK\"}]}<\/script>\n<!-- \/ Yoast SEO Premium plugin. -->","yoast_head_json":{"title":"Skal du holde fest? Her f\u00e5r du masser af gode ideer til fest!","description":"S\u00f8ger du efter ideer til fest? Her giver vi dig vores bedste gratis tips og tricks til at holde den bedste fest. Sk\u00e5l!","robots":{"index":"index","follow":"follow","max-snippet":"max-snippet:-1","max-image-preview":"max-image-preview:large","max-video-preview":"max-video-preview:-1"},"canonical":"https:\/\/www.getbartender.com\/da\/ideer-til-fest\/","og_locale":"da_DK","og_type":"article","og_title":"Ideer til fest","og_description":"S\u00f8ger du efter ideer til fest? Her giver vi dig vores bedste gratis tips og tricks til at holde den bedste fest. Sk\u00e5l!","og_url":"https:\/\/www.getbartender.com\/da\/ideer-til-fest\/","og_site_name":"Get Bartender","article_modified_time":"2023-03-15T11:06:45+00:00","og_image":[{"width":2560,"height":1707,"url":"https:\/\/www.getbartender.com\/wp-content\/uploads\/2023\/03\/al-elmes-ULHxWq8reao-unsplash-scaled.jpg","type":"image\/jpeg"}],"twitter_misc":{"Estimeret l\u00e6setid":"4 minutter"},"schema":{"@context":"https:\/\/schema.org","@graph":[{"@type":"WebPage","@id":"https:\/\/www.getbartender.com\/da\/ideer-til-fest\/","url":"https:\/\/www.getbartender.com\/da\/ideer-til-fest\/","name":"Skal du holde fest? Her f\u00e5r du masser af gode ideer til fest!","isPartOf":{"@id":"https:\/\/www.getbartender.com\/da\/#website"},"primaryImageOfPage":{"@id":"https:\/\/www.getbartender.com\/da\/ideer-til-fest\/#primaryimage"},"image":{"@id":"https:\/\/www.getbartender.com\/da\/ideer-til-fest\/#primaryimage"},"thumbnailUrl":"https:\/\/www.getbartender.com\/wp-content\/uploads\/2023\/03\/al-elmes-ULHxWq8reao-unsplash-scaled.jpg","datePublished":"2015-04-14T19:29:39+00:00","dateModified":"2023-03-15T11:06:45+00:00","description":"S\u00f8ger du efter ideer til fest? Her giver vi dig vores bedste gratis tips og tricks til at holde den bedste fest. Sk\u00e5l!","inLanguage":"da-DK","potentialAction":[{"@type":"ReadAction","target":["https:\/\/www.getbartender.com\/da\/ideer-til-fest\/"]}]},{"@type":"ImageObject","inLanguage":"da-DK","@id":"https:\/\/www.getbartender.com\/da\/ideer-til-fest\/#primaryimage","url":"https:\/\/www.getbartender.com\/wp-content\/uploads\/2023\/03\/al-elmes-ULHxWq8reao-unsplash-scaled.jpg","contentUrl":"https:\/\/www.getbartender.com\/wp-content\/uploads\/2023\/03\/al-elmes-ULHxWq8reao-unsplash-scaled.jpg","width":2560,"height":1707,"caption":"Hold en tale - Ideer til bryllup - Ideer til fest"},{"@type":"WebSite","@id":"https:\/\/www.getbartender.com\/da\/#website","url":"https:\/\/www.getbartender.com\/da\/","name":"Get Bartender","description":"Hvis du har g\u00e6sten, s\u00e5 har vi festen!","potentialAction":[{"@type":"SearchAction","target":{"@type":"EntryPoint","urlTemplate":"https:\/\/www.getbartender.com\/da\/?s={search_term_string}"},"query-input":{"@type":"PropertyValueSpecification","valueRequired":true,"valueName":"search_term_string"}}],"inLanguage":"da-DK"}]}},"_links":{"self":[{"href":"https:\/\/www.getbartender.com\/da\/wp-json\/wp\/v2\/pages\/3189","targetHints":{"allow":["GET"]}}],"collection":[{"href":"https:\/\/www.getbartender.com\/da\/wp-json\/wp\/v2\/pages"}],"about":[{"href":"https:\/\/www.getbartender.com\/da\/wp-json\/wp\/v2\/types\/page"}],"author":[{"embeddable":true,"href":"https:\/\/www.getbartender.com\/da\/wp-json\/wp\/v2\/users\/1"}],"replies":[{"embeddable":true,"href":"https:\/\/www.getbartender.com\/da\/wp-json\/wp\/v2\/comments?post=3189"}],"version-history":[{"count":27,"href":"https:\/\/www.getbartender.com\/da\/wp-json\/wp\/v2\/pages\/3189\/revisions"}],"predecessor-version":[{"id":17230,"href":"https:\/\/www.getbartender.com\/da\/wp-json\/wp\/v2\/pages\/3189\/revisions\/17230"}],"wp:featuredmedia":[{"embeddable":true,"href":"https:\/\/www.getbartender.com\/da\/wp-json\/wp\/v2\/media\/17212"}],"wp:attachment":[{"href":"https:\/\/www.getbartender.com\/da\/wp-json\/wp\/v2\/media?parent=3189"}],"curies":[{"name":"wp","href":"https:\/\/api.w.org\/{rel}","templated":true}]}}