{"id":2674,"date":"2015-02-13T13:17:40","date_gmt":"2015-02-13T13:17:40","guid":{"rendered":"http:\/\/getbartender.com\/?page_id=2674"},"modified":"2023-04-06T12:00:48","modified_gmt":"2023-04-06T10:00:48","slug":"jylland","status":"publish","type":"page","link":"https:\/\/www.getbartender.com\/da\/om-get-bartender\/jylland\/","title":{"rendered":"Get Bartender\u00a0i Jylland"},"content":{"rendered":"\n<h1>\n\t\tGet Bartender i Jylland og p\u00e5 Fyn\n\t<\/h1>\n    \t<ol><li>Vi er samlet set 100+ cocktail bartendere i Danmark. Heraf 50 bartendere i Jylland og 15 bartendere p\u00e5 Fyn.<\/li><li>Vi er blandt Danmarks bedste, st\u00e6rkeste og mest passionerede bartendere.<\/li><li>Vi d\u00e6kker hele Jylland og Fyn. Vi f\u00f8ler snart, at vi har v\u00e6ret i samtlige byer. Fra Brovst til Billund. Uanset hvor i befinder jer, s\u00e5 skal vi nok s\u00e6tte festen i gang.<\/li><li>Vi har samarbejdsaftaler med DJ&#8217;s, bands, fad\u00f8l, catering, teltudlejning osv. Vi kan sagtens hj\u00e6lpe med flere andre ting end bare cocktail delen.&nbsp;&nbsp;<\/li><li>Alle vores bartendere i Jylland og p\u00e5 Fyn er 100 % professionelle. De er enten uddannede&nbsp; bartendere fra EBS eller vores egen bartender skole (Hvis du gerne vil v\u00e6re bartender i Jylland eller bartender p\u00e5 Fyn, s\u00e5 kontakt os og kom p\u00e5 vores bartender skole).<strong> <a href=\"https:\/\/www.getbartender.com\/da\/bartender-skolen\/\">Se mere her!<\/a><\/strong><\/li><li>Her nedenfor er der billeder af et udpluk af vores bartendere i Jylland.<\/li><li>Vores kontor og lager adresse i det jyske er: Agernvej 109, 8330 Beder. Hvis du lejer en Bartender i Jylland eller p\u00e5 Fyn, s\u00e5 k\u00f8rer vi alts\u00e5 ud fra \u00c5rhus.<\/li><\/ol>  \t\n<h3>\n\t\tHvilke sjove arrangementer har vi v\u00e6ret ude til?\n\t<\/h3>\n    \t<ol><li>Vi har i CinemaxX i \u00c5rhus til en premiere, hvor vi servicerede 300 g\u00e6ster lige inden de skulle ind og se James Bond.<\/li><li>Vi lavet vores cocktail kursus for b\u00e5de d\u00f8ve og blinde, hvilket var en k\u00e6mpe stor oplevelse. B\u00e5de for dem, men bestemt ogs\u00e5 for os.&nbsp;<\/li><li>Vi har serveret for Vestas inde i Tivoli Friheden til deres sommerfest.<\/li><li>Vi har v\u00e6ret til en k\u00e6mpe halbal uden for \u00c5rhus med 600+ g\u00e6ster.&nbsp;<\/li><li>Vi har hjulpet en cocktail bar i Kolding med deres menu, tr\u00e6net deres bartendere og optimeret forretningen.&nbsp;<\/li><li>Vi har fl\u00f8jet en af verdens bedste flair bartendere fra London til Billund for at lave et show for 700 g\u00e6ster i Herning.<\/li><li>Vi har lavet en gratis virtuel Nyt\u00e5rsfest, da Corona h\u00e6rgede landet. <a href=\"https:\/\/www.dr.dk\/nyheder\/indland\/dj-dans-og-drinks-kan-stadig-blive-en-del-af-din-nytaarsaften-vi-vil-loefte-humoeret\">Se mere her!<\/a><\/li><li>Skal du v\u00e6re vores n\u00e6ste Bartender i Jylland eller p\u00e5 Fyn? Du kan lige nu blive bartender i Jylland eller p\u00e5 Fyn gennem vores bartender skole. Kontakt os her: <a href=\"mailto:Contact@GetBartender.com\">Contact@GetBartender.com<\/a><\/li><\/ol>  \t\n    <!-- Mon-Fri 9AM-5PM -->\n        <form>\n            \u00d8nsker du et uforpligtende tilbud p\u00e5 vores service?            \n            <a href=\"\/da\/kontakt\/\">F\u00c5 ET TILBUD NU!<\/a>\n        <\/form>\n        <p>F\u00e5 et gratis og uforpligtende tilbud. Vi gl\u00e6der os til at hj\u00e6lpe dig og besvare alle dine sp\u00f8rgsm\u00e5l.<\/p>\n    <!-- \n          +44 (79) 9087 7551  contact@getbartender.com\n     -->\n<!-- Heading -->\n Get Bartender i Jylland &amp; Get Bartender p\u00e5 Fyn\n  <h4>Her kan du se Team Jylland og Fyn<\/h4>\n  <hr>\n  <p>Her kan du se et udpluk af vores bartendere i Jylland og p\u00e5 Fyn<\/p>\n<!-- SERVICES -->\n<article>\n    <h5>Rasmus Damgaard<\/h5>\n    <p>Ejer, Direkt\u00f8r og Cocktail Bartender<\/p>\n    <hr>\n<\/article><!-- SERVICES -->\n<article>\n    <h5>Lasse Hammer<\/h5>\n    <p>Flair og Cocktail Bartender<\/p>\n    <hr>\n<\/article><!-- SERVICES -->\n<article>\n    <h5>Mattis Molge<\/h5>\n    <p>Cocktail Bartender<\/p>\n    <hr>\n<\/article><!-- SERVICES -->\n<article>\n    <h5>Rasmus Steenholdt<\/h5>\n    <p>Cocktail Bartender<\/p>\n    <hr>\n<\/article>\n<!-- SERVICES -->\n<article>\n    <h5>Andreas Yde<\/h5>\n    <p>Flair og Cocktail Bartender<\/p>\n    <hr>\n<\/article><!-- SERVICES -->\n<article>\n    <h5>Oliver Chang<\/h5>\n    <p>Cocktail Bartender<\/p>\n    <hr>\n<\/article><!-- SERVICES -->\n<article>\n    <h5>Camille Dich<\/h5>\n    <p>Cocktail Bartender<\/p>\n    <hr>\n<\/article><!-- SERVICES -->\n<article>\n    <h5>Emil Hamann<\/h5>\n    <p>Cocktail Bartender<\/p>\n    <hr>\n<\/article>\n<!-- SERVICES -->\n<article>\n    <h5>German Olivera<\/h5>\n    <p>Cocktail Bartender<\/p>\n    <hr>\n<\/article><!-- SERVICES -->\n<article>\n    <h5>Marianne Borup<\/h5>\n    <p>Cocktail Bartender<\/p>\n    <hr>\n<\/article><!-- SERVICES -->\n<article>\n    <h5>Lucan Stein<\/h5>\n    <p>Cocktail Bartender<\/p>\n    <hr>\n<\/article><!-- SERVICES -->\n<article>\n    <h5>Rikke Borup<\/h5>\n    <p>Cocktail Bartender<\/p>\n    <hr>\n<\/article>\n<!-- SERVICES -->\n<article>\n    <h5>Bj\u00f8rn Bach<\/h5>\n    <p>Cocktailbartender<\/p>\n    <hr>\n<\/article><!-- SERVICES -->\n<article>\n    <h5>Lasse Thorbj\u00f8rn<\/h5>\n    <p>Cocktailbartender<\/p>\n    <hr>\n<\/article><!-- SERVICES -->\n<article>\n    <h5>Simone Hansen<\/h5>\n    <p>Cocktail Bartender<\/p>\n    <hr>\n<\/article><!-- SERVICES -->\n<article>\n    <h5>Simon Friis<\/h5>\n    <p>Cocktailbartender<\/p>\n    <hr>\n<\/article><!-- SERVICES -->\n<article>\n    <h5>Magne Jul<\/h5>\n    <p>Cocktail Bartender<\/p>\n    <hr>\n<\/article><!-- SERVICES -->\n<article>\n    <h5>Mads Jakobsen<\/h5>\n    <p>Cocktailbartender<\/p>\n    <hr>\n<\/article>\n","protected":false},"excerpt":{"rendered":"Get Bartender i Jylland og p\u00e5 Fyn Vi er samlet set 100+ cocktail bartendere i Danmark. Heraf 50 bartendere i Jylland og 15 bartendere p\u00e5 Fyn. Vi er blandt Danmarks bedste, st\u00e6rkeste og mest passionerede bartendere. Vi d\u00e6kker hele Jylland og Fyn. Vi f\u00f8ler snart, at vi har v\u00e6ret i samtlige byer. Fra Brovst til&#8230; <a class=\"view-article\" href=\"https:\/\/www.getbartender.com\/da\/om-get-bartender\/jylland\/\">View Article<\/a>","protected":false},"author":1,"featured_media":17016,"parent":435,"menu_order":66,"comment_status":"closed","ping_status":"closed","template":"","meta":{"_acf_changed":false,"footnotes":""},"class_list":["post-2674","page","type-page","status-publish","has-post-thumbnail","hentry"],"acf":[],"yoast_head":"<!-- This site is optimized with the Yoast SEO Premium plugin v23.4 (Yoast SEO v27.5) - https:\/\/yoast.com\/product\/yoast-seo-premium-wordpress\/ -->\n<title>Lej en Bartender i Jylland? Vi har cocktail bartendere i hele DK!<\/title>\n<meta name=\"description\" content=\"S\u00f8ger du efter en Bartender i Jylland? S\u00e5 er vi svaret. Vi har masser af bartendere i Jylland. Fra Brovst til Billund. Sk\u00e5l!\" \/>\n<meta name=\"robots\" content=\"index, follow, max-snippet:-1, max-image-preview:large, max-video-preview:-1\" \/>\n<link rel=\"canonical\" href=\"https:\/\/www.getbartender.com\/da\/om-get-bartender\/hvem-er-cocktail-bartenderne__trashed\/jylland\/\" \/>\n<meta property=\"og:locale\" content=\"da_DK\" \/>\n<meta property=\"og:type\" content=\"article\" \/>\n<meta property=\"og:title\" content=\"Get Bartender\u00a0i Jylland\" \/>\n<meta property=\"og:description\" content=\"S\u00f8ger du efter en Bartender i Jylland? S\u00e5 er vi svaret. Vi har masser af bartendere i Jylland. Fra Brovst til Billund. Sk\u00e5l!\" \/>\n<meta property=\"og:url\" content=\"https:\/\/www.getbartender.com\/da\/om-get-bartender\/hvem-er-cocktail-bartenderne__trashed\/jylland\/\" \/>\n<meta property=\"og:site_name\" content=\"Get Bartender\" \/>\n<meta property=\"article:modified_time\" content=\"2023-04-06T10:00:48+00:00\" \/>\n<meta property=\"og:image\" content=\"https:\/\/www.getbartender.com\/wp-content\/uploads\/2023\/02\/redd-f-WvZalcEX74A-unsplash-scaled-e1678802007179.jpg\" \/>\n\t<meta property=\"og:image:width\" content=\"1707\" \/>\n\t<meta property=\"og:image:height\" content=\"2374\" \/>\n\t<meta property=\"og:image:type\" content=\"image\/jpeg\" \/>\n<meta name=\"twitter:label1\" content=\"Estimeret l\u00e6setid\" \/>\n\t<meta name=\"twitter:data1\" content=\"3 minutter\" \/>\n<script type=\"application\/ld+json\" class=\"yoast-schema-graph\">{\"@context\":\"https:\\\/\\\/schema.org\",\"@graph\":[{\"@type\":\"WebPage\",\"@id\":\"https:\\\/\\\/www.getbartender.com\\\/da\\\/om-get-bartender\\\/hvem-er-cocktail-bartenderne__trashed\\\/jylland\\\/\",\"url\":\"https:\\\/\\\/www.getbartender.com\\\/da\\\/om-get-bartender\\\/hvem-er-cocktail-bartenderne__trashed\\\/jylland\\\/\",\"name\":\"Lej en Bartender i Jylland? Vi har cocktail bartendere i hele DK!\",\"isPartOf\":{\"@id\":\"https:\\\/\\\/www.getbartender.com\\\/da\\\/#website\"},\"primaryImageOfPage\":{\"@id\":\"https:\\\/\\\/www.getbartender.com\\\/da\\\/om-get-bartender\\\/hvem-er-cocktail-bartenderne__trashed\\\/jylland\\\/#primaryimage\"},\"image\":{\"@id\":\"https:\\\/\\\/www.getbartender.com\\\/da\\\/om-get-bartender\\\/hvem-er-cocktail-bartenderne__trashed\\\/jylland\\\/#primaryimage\"},\"thumbnailUrl\":\"https:\\\/\\\/www.getbartender.com\\\/wp-content\\\/uploads\\\/2023\\\/02\\\/redd-f-WvZalcEX74A-unsplash-scaled-e1678802007179.jpg\",\"datePublished\":\"2015-02-13T13:17:40+00:00\",\"dateModified\":\"2023-04-06T10:00:48+00:00\",\"description\":\"S\u00f8ger du efter en Bartender i Jylland? S\u00e5 er vi svaret. Vi har masser af bartendere i Jylland. Fra Brovst til Billund. Sk\u00e5l!\",\"breadcrumb\":{\"@id\":\"https:\\\/\\\/www.getbartender.com\\\/da\\\/om-get-bartender\\\/hvem-er-cocktail-bartenderne__trashed\\\/jylland\\\/#breadcrumb\"},\"inLanguage\":\"da-DK\",\"potentialAction\":[{\"@type\":\"ReadAction\",\"target\":[\"https:\\\/\\\/www.getbartender.com\\\/da\\\/om-get-bartender\\\/hvem-er-cocktail-bartenderne__trashed\\\/jylland\\\/\"]}]},{\"@type\":\"ImageObject\",\"inLanguage\":\"da-DK\",\"@id\":\"https:\\\/\\\/www.getbartender.com\\\/da\\\/om-get-bartender\\\/hvem-er-cocktail-bartenderne__trashed\\\/jylland\\\/#primaryimage\",\"url\":\"https:\\\/\\\/www.getbartender.com\\\/wp-content\\\/uploads\\\/2023\\\/02\\\/redd-f-WvZalcEX74A-unsplash-scaled-e1678802007179.jpg\",\"contentUrl\":\"https:\\\/\\\/www.getbartender.com\\\/wp-content\\\/uploads\\\/2023\\\/02\\\/redd-f-WvZalcEX74A-unsplash-scaled-e1678802007179.jpg\",\"width\":1707,\"height\":2374,\"caption\":\"Hvordan laver man cocktails - Bar udstyr guide - Cocktail guide - Bartender i Jylland - Bartender p\u00e5 Fyn\"},{\"@type\":\"BreadcrumbList\",\"@id\":\"https:\\\/\\\/www.getbartender.com\\\/da\\\/om-get-bartender\\\/hvem-er-cocktail-bartenderne__trashed\\\/jylland\\\/#breadcrumb\",\"itemListElement\":[{\"@type\":\"ListItem\",\"position\":1,\"name\":\"Om Get Bartender\",\"item\":\"https:\\\/\\\/www.getbartender.com\\\/da\\\/om-get-bartender\\\/\"},{\"@type\":\"ListItem\",\"position\":2,\"name\":\"Get Bartender\u00a0i Jylland\"}]},{\"@type\":\"WebSite\",\"@id\":\"https:\\\/\\\/www.getbartender.com\\\/da\\\/#website\",\"url\":\"https:\\\/\\\/www.getbartender.com\\\/da\\\/\",\"name\":\"Get Bartender\",\"description\":\"Hvis du har g\u00e6sten, s\u00e5 har vi festen!\",\"potentialAction\":[{\"@type\":\"SearchAction\",\"target\":{\"@type\":\"EntryPoint\",\"urlTemplate\":\"https:\\\/\\\/www.getbartender.com\\\/da\\\/?s={search_term_string}\"},\"query-input\":{\"@type\":\"PropertyValueSpecification\",\"valueRequired\":true,\"valueName\":\"search_term_string\"}}],\"inLanguage\":\"da-DK\"}]}<\/script>\n<!-- \/ Yoast SEO Premium plugin. -->","yoast_head_json":{"title":"Lej en Bartender i Jylland? Vi har cocktail bartendere i hele DK!","description":"S\u00f8ger du efter en Bartender i Jylland? S\u00e5 er vi svaret. Vi har masser af bartendere i Jylland. Fra Brovst til Billund. Sk\u00e5l!","robots":{"index":"index","follow":"follow","max-snippet":"max-snippet:-1","max-image-preview":"max-image-preview:large","max-video-preview":"max-video-preview:-1"},"canonical":"https:\/\/www.getbartender.com\/da\/om-get-bartender\/hvem-er-cocktail-bartenderne__trashed\/jylland\/","og_locale":"da_DK","og_type":"article","og_title":"Get Bartender\u00a0i Jylland","og_description":"S\u00f8ger du efter en Bartender i Jylland? S\u00e5 er vi svaret. Vi har masser af bartendere i Jylland. Fra Brovst til Billund. Sk\u00e5l!","og_url":"https:\/\/www.getbartender.com\/da\/om-get-bartender\/hvem-er-cocktail-bartenderne__trashed\/jylland\/","og_site_name":"Get Bartender","article_modified_time":"2023-04-06T10:00:48+00:00","og_image":[{"width":1707,"height":2374,"url":"https:\/\/www.getbartender.com\/wp-content\/uploads\/2023\/02\/redd-f-WvZalcEX74A-unsplash-scaled-e1678802007179.jpg","type":"image\/jpeg"}],"twitter_misc":{"Estimeret l\u00e6setid":"3 minutter"},"schema":{"@context":"https:\/\/schema.org","@graph":[{"@type":"WebPage","@id":"https:\/\/www.getbartender.com\/da\/om-get-bartender\/hvem-er-cocktail-bartenderne__trashed\/jylland\/","url":"https:\/\/www.getbartender.com\/da\/om-get-bartender\/hvem-er-cocktail-bartenderne__trashed\/jylland\/","name":"Lej en Bartender i Jylland? Vi har cocktail bartendere i hele DK!","isPartOf":{"@id":"https:\/\/www.getbartender.com\/da\/#website"},"primaryImageOfPage":{"@id":"https:\/\/www.getbartender.com\/da\/om-get-bartender\/hvem-er-cocktail-bartenderne__trashed\/jylland\/#primaryimage"},"image":{"@id":"https:\/\/www.getbartender.com\/da\/om-get-bartender\/hvem-er-cocktail-bartenderne__trashed\/jylland\/#primaryimage"},"thumbnailUrl":"https:\/\/www.getbartender.com\/wp-content\/uploads\/2023\/02\/redd-f-WvZalcEX74A-unsplash-scaled-e1678802007179.jpg","datePublished":"2015-02-13T13:17:40+00:00","dateModified":"2023-04-06T10:00:48+00:00","description":"S\u00f8ger du efter en Bartender i Jylland? S\u00e5 er vi svaret. Vi har masser af bartendere i Jylland. Fra Brovst til Billund. Sk\u00e5l!","breadcrumb":{"@id":"https:\/\/www.getbartender.com\/da\/om-get-bartender\/hvem-er-cocktail-bartenderne__trashed\/jylland\/#breadcrumb"},"inLanguage":"da-DK","potentialAction":[{"@type":"ReadAction","target":["https:\/\/www.getbartender.com\/da\/om-get-bartender\/hvem-er-cocktail-bartenderne__trashed\/jylland\/"]}]},{"@type":"ImageObject","inLanguage":"da-DK","@id":"https:\/\/www.getbartender.com\/da\/om-get-bartender\/hvem-er-cocktail-bartenderne__trashed\/jylland\/#primaryimage","url":"https:\/\/www.getbartender.com\/wp-content\/uploads\/2023\/02\/redd-f-WvZalcEX74A-unsplash-scaled-e1678802007179.jpg","contentUrl":"https:\/\/www.getbartender.com\/wp-content\/uploads\/2023\/02\/redd-f-WvZalcEX74A-unsplash-scaled-e1678802007179.jpg","width":1707,"height":2374,"caption":"Hvordan laver man cocktails - Bar udstyr guide - Cocktail guide - Bartender i Jylland - Bartender p\u00e5 Fyn"},{"@type":"BreadcrumbList","@id":"https:\/\/www.getbartender.com\/da\/om-get-bartender\/hvem-er-cocktail-bartenderne__trashed\/jylland\/#breadcrumb","itemListElement":[{"@type":"ListItem","position":1,"name":"Om Get Bartender","item":"https:\/\/www.getbartender.com\/da\/om-get-bartender\/"},{"@type":"ListItem","position":2,"name":"Get Bartender\u00a0i Jylland"}]},{"@type":"WebSite","@id":"https:\/\/www.getbartender.com\/da\/#website","url":"https:\/\/www.getbartender.com\/da\/","name":"Get Bartender","description":"Hvis du har g\u00e6sten, s\u00e5 har vi festen!","potentialAction":[{"@type":"SearchAction","target":{"@type":"EntryPoint","urlTemplate":"https:\/\/www.getbartender.com\/da\/?s={search_term_string}"},"query-input":{"@type":"PropertyValueSpecification","valueRequired":true,"valueName":"search_term_string"}}],"inLanguage":"da-DK"}]}},"_links":{"self":[{"href":"https:\/\/www.getbartender.com\/da\/wp-json\/wp\/v2\/pages\/2674","targetHints":{"allow":["GET"]}}],"collection":[{"href":"https:\/\/www.getbartender.com\/da\/wp-json\/wp\/v2\/pages"}],"about":[{"href":"https:\/\/www.getbartender.com\/da\/wp-json\/wp\/v2\/types\/page"}],"author":[{"embeddable":true,"href":"https:\/\/www.getbartender.com\/da\/wp-json\/wp\/v2\/users\/1"}],"replies":[{"embeddable":true,"href":"https:\/\/www.getbartender.com\/da\/wp-json\/wp\/v2\/comments?post=2674"}],"version-history":[{"count":40,"href":"https:\/\/www.getbartender.com\/da\/wp-json\/wp\/v2\/pages\/2674\/revisions"}],"predecessor-version":[{"id":17428,"href":"https:\/\/www.getbartender.com\/da\/wp-json\/wp\/v2\/pages\/2674\/revisions\/17428"}],"up":[{"embeddable":true,"href":"https:\/\/www.getbartender.com\/da\/wp-json\/wp\/v2\/pages\/435"}],"wp:featuredmedia":[{"embeddable":true,"href":"https:\/\/www.getbartender.com\/da\/wp-json\/wp\/v2\/media\/17016"}],"wp:attachment":[{"href":"https:\/\/www.getbartender.com\/da\/wp-json\/wp\/v2\/media?parent=2674"}],"curies":[{"name":"wp","href":"https:\/\/api.w.org\/{rel}","templated":true}]}}