{"id":16438,"date":"2022-11-21T17:20:21","date_gmt":"2022-11-21T16:20:21","guid":{"rendered":"https:\/\/www.getbartender.com\/?page_id=16438"},"modified":"2023-02-08T12:12:50","modified_gmt":"2023-02-08T11:12:50","slug":"gin-cocktails","status":"publish","type":"page","link":"https:\/\/www.getbartender.com\/da\/gin-cocktails\/","title":{"rendered":"Gin Cocktails"},"content":{"rendered":"\n<!-- Heading -->\n  <h4>De velkendte klassikere og information om dem<\/h4>\n  <hr \/>\n  <p>Her kan du se alle de mest popul\u00e6re gin cocktails. Du kender de fleste, men her f\u00e5r du lidt info, som du m\u00e5ske alligevel ikke vidste. Disse gin drinks er dem vi oftest serverer rundt omkring i landet. Du er velkommen til at teste dig selv for at finde ud af, hvor mange af dem du kender.<\/p>\n   \t<h2>Her kan se et lille udvalg af de Cocktails vi laver:<\/h2>\n   \t<hr \/>\n<!-- SERVICES -->\n<h3>\n\t\tGin og Tonic\n\t<\/h3>\n    \t<ol><li><p><strong>Hvor er cocktailen fra? <\/strong>England. Den s\u00e5 dog verdens lys i Indien. Her blev den mixet af de britiske soldater. De blandede deres medbragte gin og saft fra kinabark (tonic base).\u00a0<\/p><\/li><li><strong>Hvorn\u00e5r er den fra? <\/strong>I slutningen af 1850&#8217;erne lavede soldater fra de britiske kolonier i Indien en simpel udgave af denne drik.<\/li><li><strong>Sjove facts: <\/strong>Gin og Tonic blev engang brugt til at forebygge malaria i Indien. Kinabark har eftersigende en effekt mod Malaria.\u00a0<\/li><li><strong>Sjove facts:\u00a0<\/strong>Spanien er det land i verden, som drikker mest Gin og Tonic. De drikker i gennemsnit 1 liter per person om \u00e5ret.\u00a0<\/li><\/ol>  \t\n<!-- BUTTON -->\n    <a href=\"https:\/\/www.getbartender.com\/da\/den-bedste-gin-og-tonic-opskrift\/\">Find opskriften her<\/a>\n<h3>\n\t\tClover Club\n\t<\/h3>\n    \t<ol><li><strong>Hvor er cocktailen fra?<\/strong> Clover Club&#8217;s oprindelse kan spores til Bellevue Stratford hotel i Philadelphia i USA.<\/li><li><strong>Hvorn\u00e5r er den fra?<\/strong> Clover Club kan spores tilbage til 1880&#8217;erne. Det er alts\u00e5 en cocktail fra f\u00f8r Prohibition (forbundstiden i USA).\u00a0<\/li><li><strong>Sjove facts: <\/strong>Den er navngivet efter en gentlemans club i Philadelphia.\u00a0<\/li><li><strong>Sjov fakta: <\/strong>Cocktailen har \u00e6ndret sig siden f\u00f8rste version. Den f\u00f8rste udgave af Clover Club indeholdte nemlig t\u00f8r vermut. Dette er der ikke i nu til dags.\u00a0<\/li><\/ol>  \t\n<!-- BUTTON -->\n    <a href=\"https:\/\/www.getbartender.com\/da\/royal-clover-club-cocktail-opskrift\/\">Find opskriften her<\/a>\n<!-- SERVICES -->\n<!-- SERVICES -->\n<h3>\n\t\tBramble\n\t<\/h3>\n    \t<ol><li><strong>Hvor er cocktailen fra?<\/strong>\u00a0London, England.<\/li><li><strong>Hvorn\u00e5r er den fra?<\/strong>\u00a0Den blev opfundet i \u00e5r 1984 af Dick Bradsell. Cocktaillen er navngivet efter det britisk engelske ord for en bromb\u00e6rbusk og det er ogs\u00e5 dette b\u00e6r, som kendetegner den friske for\u00e5rscocktail.<\/li><li><strong>Fun fact:<\/strong>\u00a0Bromb\u00e6rsbusken gror vildt overalt i England og bliver faktisk anset som en ukrudtsplante.<\/li><li><strong>Fun fact:<\/strong> Bramble er p\u00e5 grund af dens friskhed blevet en kendt cocktail rund omkring i hele verden. Cocktails med gin som base er ofte sv\u00e6re at afbalancere, men denne cocktail g\u00f8r det langt bedre end lignende cocktails som &#8220;The Gin Fizz&#8221;.<\/li><\/ol>  \t\n<!-- BUTTON -->\n    <a href=\"https:\/\/www.getbartender.com\/da\/bramble-opskrift-cocktails\/\">Find opskriften her<\/a>\n    <!-- Mon-Fri 9AM-5PM -->\n        <form>\n            \u00d8nsker du et gratis tilbud p\u00e5 et CocktailParty med Klassiske Cocktails?            \n            <a href=\"\/da\/kontakt\/\">F\u00c5 TILBUD NU<\/a>\n        <\/form>\n        <p>F\u00e5 et gratis tilbud. Du er ikke forpligtet til at hyre os. Alle sp\u00f8rgsm\u00e5l er velkomne, og vi h\u00e5ber, at vi kan hj\u00e6lpe dig!<\/p>\n    <!-- \n          +44 (79) 9087 7551  contact@getbartender.com\n     -->\n<h3>\n\t\tNegroni\n\t<\/h3>\n    \t<ol><li><p><strong>Hvor er cocktailen fra?<\/strong> Negroni er fra Florence i Italien.<\/p><\/li><li><strong>Hvorn\u00e5r er den fra?<\/strong> Den blev til p\u00e5 Caffe Casoni, som er en bar i Florence. Historien siger, at Camillo Negroni bad sin bartender ven Forsco om at g\u00f8re hans favorit cocktail Americano st\u00e6rkere. Forsco valgte s\u00e5 naturligt at erstatte danskvanden med Gin.\u00a0<\/li><li><strong>Fun fact:<\/strong> Negroni er en af de eneste cocktails i verden, hvor m\u00e6ngderne af ingredienserne og selve ingredienserne er de samme uanset, hvor i verden du bestiller den. Lige dele campari, Gin og s\u00f8d vermut.<\/li><\/ol>  \t\n<!-- BUTTON -->\n    <a href=\"https:\/\/www.getbartender.com\/da\/negroni-drink-opskrift\/\">Find opskriften her<\/a>\n<!-- SERVICES -->\n<!-- SERVICES -->\n<h3>\n\t\tGin Fizz\n\t<\/h3>\n    \t<ol><li><p><strong>Hvor er cocktailen fra? <\/strong>Det vides ikke med garanti. Vi ved dog, at Ramos Gin Fizz er fra New Orleans.\u00a0<\/p><\/li><li><strong>Hvorn\u00e5r er den fra?\u00a0<\/strong>F\u00f8rste gang man st\u00f8der p\u00e5 cocktailen Fizz var i 80&#8217;erne. Her er den beskrevet i Jerry Thomas verdenskendte bartender bog <em>Bar-Tenders Guide<\/em>.\u00a0<\/li><li><strong>Fun fact:<\/strong> Der findes mange twist p\u00e5 Gin Fizz. Blandt andet end Golden Fizz med \u00e6ggeblomme i stedet for hviden. Og en Royal Fizz med b\u00e5de \u00e6ggeblomme og \u00e6ggehvide. Et andet popul\u00e6rt twist og utroligt velsmagende cocktail er en Sloe Gin Fizz. Her er twistet Sloe Gin.\u00a0<\/li><li><strong>Fun fact: <\/strong>Ramos Gin Fizz er nok den mest kendte gin fizz variant. Den indeholder orange flower water. Den er opfundet i 1888 i New Orleans af Henry C. Ramos. I den sp\u00e6de start var den kendt som New Orleans Fizz.\u00a0<\/li><\/ol>  \t\n<!-- BUTTON -->\n    <a href=\"https:\/\/www.getbartender.com\/da\/gin-fizz-opskrift\/\">Find opskriften her<\/a>\n<h3>\n\t\tCucumber Collins\n\t<\/h3>\n    \t<ol><li><p><strong>Hvor er cocktailen fra? <\/strong>Der er stor mystik omkring oprindelsen af Tom Collins. B\u00e5de England og USA h\u00e6vder, at de har opfundet den klassiske cocktail. P\u00e5 skrift ses den f\u00f8rste gang i Jerry Thomas anden udgave af hans bog Bar-Tenders Guide fra 1876. F\u00f8rste udgave fra 1862.<\/p><\/li><li><strong>Hvorn\u00e5r er den fra? <\/strong>Slutningen af 1800 tallet. Det pr\u00e6cise \u00e5rstal kendes ikke.<\/li><li><strong>Fun fact: <\/strong>Der er mange twist til denne klassiker. Cucumber Collins (med agurk) og John Collins (med vodka) er de mest kendte.\u00a0<\/li><li><strong>Fun fact: <\/strong>Den amerikanske journalist H. L. Mecken h\u00e6vdede i 1920&#8217;erne, at Tom Collins 100% var amerikansk. Argumentet var, at hvis en engl\u00e6nder havde opfundet den, s\u00e5 havde den heddet noget mere simpel a la Gin og Tonic.\u00a0<\/li><\/ol>  \t\n<!-- BUTTON -->\n    <a href=\"https:\/\/www.getbartender.com\/da\/cucumber-collins-opskrift\/\">Find opskriften her<\/a>\n<!-- SERVICES -->\n\n","protected":false},"excerpt":{"rendered":"De velkendte klassikere og information om dem Her kan du se alle de mest popul\u00e6re gin cocktails. Du kender de fleste, men her f\u00e5r du lidt info, som du m\u00e5ske alligevel ikke vidste. Disse gin drinks er dem vi oftest serverer rundt omkring i landet. Du er velkommen til at teste dig selv for at&#8230; <a class=\"view-article\" href=\"https:\/\/www.getbartender.com\/da\/gin-cocktails\/\">View Article<\/a>","protected":false},"author":1,"featured_media":0,"parent":0,"menu_order":4,"comment_status":"closed","ping_status":"closed","template":"","meta":{"_acf_changed":false,"footnotes":""},"class_list":["post-16438","page","type-page","status-publish","hentry"],"acf":[],"yoast_head":"<!-- This site is optimized with the Yoast SEO Premium plugin v23.4 (Yoast SEO v27.5) - https:\/\/yoast.com\/product\/yoast-seo-premium-wordpress\/ -->\n<title>GIN COCKTAILS? Her f\u00e5r du de bedste drinks med gin!<\/title>\n<meta name=\"description\" content=\"S\u00f8ger du efter Gin Cocktails? Her finder du alle de mest popul\u00e6re drinks med Gin. Du f\u00e5r cocktail opskrifter, historie og sjove facts.\" \/>\n<meta name=\"robots\" content=\"index, follow, max-snippet:-1, max-image-preview:large, max-video-preview:-1\" \/>\n<link rel=\"canonical\" href=\"https:\/\/www.getbartender.com\/da\/gin-cocktails\/\" \/>\n<meta property=\"og:locale\" content=\"da_DK\" \/>\n<meta property=\"og:type\" content=\"article\" \/>\n<meta property=\"og:title\" content=\"Gin Cocktails\" \/>\n<meta property=\"og:description\" content=\"S\u00f8ger du efter Gin Cocktails? Her finder du alle de mest popul\u00e6re drinks med Gin. Du f\u00e5r cocktail opskrifter, historie og sjove facts.\" \/>\n<meta property=\"og:url\" content=\"https:\/\/www.getbartender.com\/da\/gin-cocktails\/\" \/>\n<meta property=\"og:site_name\" content=\"Get Bartender\" \/>\n<meta property=\"article:modified_time\" content=\"2023-02-08T11:12:50+00:00\" \/>\n<meta name=\"twitter:label1\" content=\"Estimeret l\u00e6setid\" \/>\n\t<meta name=\"twitter:data1\" content=\"5 minutter\" \/>\n<script type=\"application\/ld+json\" class=\"yoast-schema-graph\">{\"@context\":\"https:\\\/\\\/schema.org\",\"@graph\":[{\"@type\":\"WebPage\",\"@id\":\"https:\\\/\\\/www.getbartender.com\\\/da\\\/gin-cocktails\\\/\",\"url\":\"https:\\\/\\\/www.getbartender.com\\\/da\\\/gin-cocktails\\\/\",\"name\":\"GIN COCKTAILS? Her f\u00e5r du de bedste drinks med gin!\",\"isPartOf\":{\"@id\":\"https:\\\/\\\/www.getbartender.com\\\/da\\\/#website\"},\"datePublished\":\"2022-11-21T16:20:21+00:00\",\"dateModified\":\"2023-02-08T11:12:50+00:00\",\"description\":\"S\u00f8ger du efter Gin Cocktails? Her finder du alle de mest popul\u00e6re drinks med Gin. Du f\u00e5r cocktail opskrifter, historie og sjove facts.\",\"inLanguage\":\"da-DK\",\"potentialAction\":[{\"@type\":\"ReadAction\",\"target\":[\"https:\\\/\\\/www.getbartender.com\\\/da\\\/gin-cocktails\\\/\"]}]},{\"@type\":\"WebSite\",\"@id\":\"https:\\\/\\\/www.getbartender.com\\\/da\\\/#website\",\"url\":\"https:\\\/\\\/www.getbartender.com\\\/da\\\/\",\"name\":\"Get Bartender\",\"description\":\"Hvis du har g\u00e6sten, s\u00e5 har vi festen!\",\"potentialAction\":[{\"@type\":\"SearchAction\",\"target\":{\"@type\":\"EntryPoint\",\"urlTemplate\":\"https:\\\/\\\/www.getbartender.com\\\/da\\\/?s={search_term_string}\"},\"query-input\":{\"@type\":\"PropertyValueSpecification\",\"valueRequired\":true,\"valueName\":\"search_term_string\"}}],\"inLanguage\":\"da-DK\"}]}<\/script>\n<!-- \/ Yoast SEO Premium plugin. -->","yoast_head_json":{"title":"GIN COCKTAILS? Her f\u00e5r du de bedste drinks med gin!","description":"S\u00f8ger du efter Gin Cocktails? Her finder du alle de mest popul\u00e6re drinks med Gin. Du f\u00e5r cocktail opskrifter, historie og sjove facts.","robots":{"index":"index","follow":"follow","max-snippet":"max-snippet:-1","max-image-preview":"max-image-preview:large","max-video-preview":"max-video-preview:-1"},"canonical":"https:\/\/www.getbartender.com\/da\/gin-cocktails\/","og_locale":"da_DK","og_type":"article","og_title":"Gin Cocktails","og_description":"S\u00f8ger du efter Gin Cocktails? Her finder du alle de mest popul\u00e6re drinks med Gin. Du f\u00e5r cocktail opskrifter, historie og sjove facts.","og_url":"https:\/\/www.getbartender.com\/da\/gin-cocktails\/","og_site_name":"Get Bartender","article_modified_time":"2023-02-08T11:12:50+00:00","twitter_misc":{"Estimeret l\u00e6setid":"5 minutter"},"schema":{"@context":"https:\/\/schema.org","@graph":[{"@type":"WebPage","@id":"https:\/\/www.getbartender.com\/da\/gin-cocktails\/","url":"https:\/\/www.getbartender.com\/da\/gin-cocktails\/","name":"GIN COCKTAILS? Her f\u00e5r du de bedste drinks med gin!","isPartOf":{"@id":"https:\/\/www.getbartender.com\/da\/#website"},"datePublished":"2022-11-21T16:20:21+00:00","dateModified":"2023-02-08T11:12:50+00:00","description":"S\u00f8ger du efter Gin Cocktails? Her finder du alle de mest popul\u00e6re drinks med Gin. Du f\u00e5r cocktail opskrifter, historie og sjove facts.","inLanguage":"da-DK","potentialAction":[{"@type":"ReadAction","target":["https:\/\/www.getbartender.com\/da\/gin-cocktails\/"]}]},{"@type":"WebSite","@id":"https:\/\/www.getbartender.com\/da\/#website","url":"https:\/\/www.getbartender.com\/da\/","name":"Get Bartender","description":"Hvis du har g\u00e6sten, s\u00e5 har vi festen!","potentialAction":[{"@type":"SearchAction","target":{"@type":"EntryPoint","urlTemplate":"https:\/\/www.getbartender.com\/da\/?s={search_term_string}"},"query-input":{"@type":"PropertyValueSpecification","valueRequired":true,"valueName":"search_term_string"}}],"inLanguage":"da-DK"}]}},"_links":{"self":[{"href":"https:\/\/www.getbartender.com\/da\/wp-json\/wp\/v2\/pages\/16438","targetHints":{"allow":["GET"]}}],"collection":[{"href":"https:\/\/www.getbartender.com\/da\/wp-json\/wp\/v2\/pages"}],"about":[{"href":"https:\/\/www.getbartender.com\/da\/wp-json\/wp\/v2\/types\/page"}],"author":[{"embeddable":true,"href":"https:\/\/www.getbartender.com\/da\/wp-json\/wp\/v2\/users\/1"}],"replies":[{"embeddable":true,"href":"https:\/\/www.getbartender.com\/da\/wp-json\/wp\/v2\/comments?post=16438"}],"version-history":[{"count":15,"href":"https:\/\/www.getbartender.com\/da\/wp-json\/wp\/v2\/pages\/16438\/revisions"}],"predecessor-version":[{"id":16739,"href":"https:\/\/www.getbartender.com\/da\/wp-json\/wp\/v2\/pages\/16438\/revisions\/16739"}],"wp:attachment":[{"href":"https:\/\/www.getbartender.com\/da\/wp-json\/wp\/v2\/media?parent=16438"}],"curies":[{"name":"wp","href":"https:\/\/api.w.org\/{rel}","templated":true}]}}