{"id":1556,"date":"2014-04-16T13:36:28","date_gmt":"2014-04-16T13:36:28","guid":{"rendered":"http:\/\/getbartender.com\/?page_id=1556"},"modified":"2023-04-11T09:40:42","modified_gmt":"2023-04-11T07:40:42","slug":"flair-bartender","status":"publish","type":"page","link":"https:\/\/www.getbartender.com\/da\/lej-en-bartender\/flair-bartender\/","title":{"rendered":"Lej en Flair Bartender"},"content":{"rendered":"\n<!-- Heading -->\n Vi g\u00f8r din fest magisk\n  <h4>Flair Bartender til fest<\/h4>\n  <hr \/>\n  <p>Her fort\u00e6ller vi dig, hvorfor du skal bestille en flair bartender til dit n\u00e6ste arrangement.<\/p>\n<h3>\n\t\tHvorfor skal du have en Flair Bartender?\n\t<\/h3>\n    \t<ol><li>Du og alle dine g\u00e6ster f\u00e5r jer en helt magisk oplevelse. Tom Cruise stil fra f\u00f8rste fl\u00f8jt. Vi kaster med flaskerne, og giver jer et show, som f\u00e5r g\u00e6sterne op af stolen.<\/li><li>I f\u00e5r cocktails under hele seancen. Det helt geniale ved en Flair Bartender er, at der er show, men samtidig f\u00e5r man cocktails. Det er der ikke mange andre underholdningsformer, som kan pr\u00e6stere.<\/li><li>Instagram moment i virkeligheden. Vi garanterer, at b\u00e5de du og dine g\u00e6ster vil huske tilbage p\u00e5 aftenen i mange \u00e5r fremover. L\u00e6g hertil, at du er garanterer en masse film og billeder fra festen, da man vil have sv\u00e6rt ved at lade v\u00e6re.\u00a0<\/li><li>Du kan f\u00e5 alle dine favorit cocktails. Vi kan det hele, s\u00e5 uanset, hvad du har af pr\u00e6ferencer, s\u00e5 fikser vi det.\u00a0<\/li><\/ol>  \t\n\t<iframe loading=\"lazy\" width=\"1723\" height=\"669\" src=\"https:\/\/www.youtube.com\/embed\/vp1rxlaf0GQ\" frameborder=\"0\" allow=\"accelerometer; autoplay; encrypted-media; gyroscope; picture-in-picture\" allowfullscreen><\/iframe>\n\t<meta itemprop=\"url\" content=\"https:\/\/www.getbartender.com\/wp-content\/uploads\/2021\/12\/HOW-WE-DO-EVENTS-1080p_24fps_H264-128kbit_AAC.mp4\" \/><div style=\"width: 640px;\" class=\"wp-video\"><video class=\"wp-video-shortcode\" id=\"video-1556-1\" width=\"640\" height=\"360\" preload=\"metadata\" controls=\"controls\"><source type=\"video\/mp4\" src=\"https:\/\/www.getbartender.com\/wp-content\/uploads\/2021\/12\/HOW-WE-DO-EVENTS-1080p_24fps_H264-128kbit_AAC.mp4?_=1\" \/><a href=\"https:\/\/www.getbartender.com\/wp-content\/uploads\/2021\/12\/HOW-WE-DO-EVENTS-1080p_24fps_H264-128kbit_AAC.mp4\">https:\/\/www.getbartender.com\/wp-content\/uploads\/2021\/12\/HOW-WE-DO-EVENTS-1080p_24fps_H264-128kbit_AAC.mp4<\/a><\/video><\/div>\n    <!-- Mon-Fri 9AM-5PM -->\n        <form>\n            \u00d8nsker du et tilbud p\u00e5 en flair bartender?            \n            <a href=\"\/da\/kontakt\/\">Ja tak!<\/a>\n        <\/form>\n        <p>Det er helt gratis, og vi garanterer et godt bud!<\/p>\n    <!-- \n          +44 (79) 9087 7551  contact@getbartender.com\n     -->\n<h3>\n\t\tDet her garanterer vi:\n\t<\/h3>\n    \t<ol><li>En uforglemmelig oplevelse: Vores flairbartendere er nogle af landets bedste. Casper Nico Keller, Mathias Daa og Michael Dahlstr\u00f8m er nogle af de skarpeste i Danmark. De ved pr\u00e6cist, hvad der skal til for at give dine g\u00e6ster og dig en helt unik oplevelse. De kan b\u00e5de jonglere med flaskerne og lave fantastiske cocktails. De har tilsammen et hav af Danmarks Mesterskaber.\u00a0<\/li><li>Feststemning: En flair bartender er ikke bare en bartender. De kan svinge flaskerne og give den gas bag baren. Deres show g\u00f8r at feststemningen stiger et eller to niveauer. Hvis du ikke tror p\u00e5 os, s\u00e5 se filmen Cocktail med Tom Cruise. Efter filmen s\u00e5 forst\u00e5r du hvert et ord.\u00a0<\/li><li>Et ekstra pift til underholdningen:\u00a0Showet vil underholde g\u00e6sterne fra start til slut. Vores flair bartender g\u00f8r det at f\u00e5 serveret cocktails til en oplevelse. Du vil hurtigt bem\u00e6rke at dine g\u00e6ster finder telefonen frem og skal have taget en video af showet. Instagram effekten kalder vi den.<\/li><li>Cocktails som sidegevinst:\u00a0Udover et fantastisk show s\u00e5 f\u00e5r i naturligvis l\u00e6kre cocktails. Det er alts\u00e5 ikke bare et cirkus eller en tryllekunster. Her f\u00e5r i et produkt ud af hele showet, nemlig l\u00e6kre cocktails. Det er den bedste form for underholdning, man kan f\u00e5.<\/li><\/ol>  \t\n\n","protected":false},"excerpt":{"rendered":"Vi g\u00f8r din fest magisk Flair Bartender til fest Her fort\u00e6ller vi dig, hvorfor du skal bestille en flair bartender til dit n\u00e6ste arrangement. Hvorfor skal du have en Flair Bartender? Du og alle dine g\u00e6ster f\u00e5r jer en helt magisk oplevelse. Tom Cruise stil fra f\u00f8rste fl\u00f8jt. Vi kaster med flaskerne, og giver jer&#8230; <a class=\"view-article\" href=\"https:\/\/www.getbartender.com\/da\/lej-en-bartender\/flair-bartender\/\">View Article<\/a>","protected":false},"author":1,"featured_media":13391,"parent":107,"menu_order":33,"comment_status":"closed","ping_status":"closed","template":"","meta":{"_acf_changed":false,"footnotes":""},"class_list":["post-1556","page","type-page","status-publish","has-post-thumbnail","hentry"],"acf":[],"yoast_head":"<!-- This site is optimized with the Yoast SEO Premium plugin v23.4 (Yoast SEO v27.5) - https:\/\/yoast.com\/product\/yoast-seo-premium-wordpress\/ -->\n<title>Den Bedste Underholding? Book en Flair Bartender til fest!<\/title>\n<meta name=\"description\" content=\"Book en Flair Bartender til fest hos os. Du f\u00e5r en forrygende og uforglemmelig fest og et hav af cocktails. Dine g\u00e6ster vil elske det. Sk\u00e5l!\" \/>\n<meta name=\"robots\" content=\"index, follow, max-snippet:-1, max-image-preview:large, max-video-preview:-1\" \/>\n<link rel=\"canonical\" href=\"https:\/\/www.getbartender.com\/da\/lej-en-bartender\/flair-bartender\/\" \/>\n<meta property=\"og:locale\" content=\"da_DK\" \/>\n<meta property=\"og:type\" content=\"article\" \/>\n<meta property=\"og:title\" content=\"Lej en Flair Bartender\" \/>\n<meta property=\"og:description\" content=\"Book en Flair Bartender til fest hos os. Du f\u00e5r en forrygende og uforglemmelig fest og et hav af cocktails. Dine g\u00e6ster vil elske det. Sk\u00e5l!\" \/>\n<meta property=\"og:url\" content=\"https:\/\/www.getbartender.com\/da\/lej-en-bartender\/flair-bartender\/\" \/>\n<meta property=\"og:site_name\" content=\"Get Bartender\" \/>\n<meta property=\"article:modified_time\" content=\"2023-04-11T07:40:42+00:00\" \/>\n<meta property=\"og:image\" content=\"https:\/\/www.getbartender.com\/wp-content\/uploads\/2020\/09\/Mathias-Daa-Loefquist-scaled.jpg\" \/>\n\t<meta property=\"og:image:width\" content=\"1386\" \/>\n\t<meta property=\"og:image:height\" content=\"924\" \/>\n\t<meta property=\"og:image:type\" content=\"image\/jpeg\" \/>\n<meta name=\"twitter:label1\" content=\"Estimeret l\u00e6setid\" \/>\n\t<meta name=\"twitter:data1\" content=\"3 minutter\" \/>\n<script type=\"application\/ld+json\" class=\"yoast-schema-graph\">{\"@context\":\"https:\\\/\\\/schema.org\",\"@graph\":[{\"@type\":\"WebPage\",\"@id\":\"https:\\\/\\\/www.getbartender.com\\\/da\\\/lej-en-bartender\\\/flair-bartender\\\/\",\"url\":\"https:\\\/\\\/www.getbartender.com\\\/da\\\/lej-en-bartender\\\/flair-bartender\\\/\",\"name\":\"Den Bedste Underholding? Book en Flair Bartender til fest!\",\"isPartOf\":{\"@id\":\"https:\\\/\\\/www.getbartender.com\\\/da\\\/#website\"},\"primaryImageOfPage\":{\"@id\":\"https:\\\/\\\/www.getbartender.com\\\/da\\\/lej-en-bartender\\\/flair-bartender\\\/#primaryimage\"},\"image\":{\"@id\":\"https:\\\/\\\/www.getbartender.com\\\/da\\\/lej-en-bartender\\\/flair-bartender\\\/#primaryimage\"},\"thumbnailUrl\":\"https:\\\/\\\/www.getbartender.com\\\/wp-content\\\/uploads\\\/2020\\\/09\\\/Mathias-Daa-Loefquist-scaled.jpg\",\"datePublished\":\"2014-04-16T13:36:28+00:00\",\"dateModified\":\"2023-04-11T07:40:42+00:00\",\"description\":\"Book en Flair Bartender til fest hos os. Du f\u00e5r en forrygende og uforglemmelig fest og et hav af cocktails. Dine g\u00e6ster vil elske det. Sk\u00e5l!\",\"breadcrumb\":{\"@id\":\"https:\\\/\\\/www.getbartender.com\\\/da\\\/lej-en-bartender\\\/flair-bartender\\\/#breadcrumb\"},\"inLanguage\":\"da-DK\",\"potentialAction\":[{\"@type\":\"ReadAction\",\"target\":[\"https:\\\/\\\/www.getbartender.com\\\/da\\\/lej-en-bartender\\\/flair-bartender\\\/\"]}]},{\"@type\":\"ImageObject\",\"inLanguage\":\"da-DK\",\"@id\":\"https:\\\/\\\/www.getbartender.com\\\/da\\\/lej-en-bartender\\\/flair-bartender\\\/#primaryimage\",\"url\":\"https:\\\/\\\/www.getbartender.com\\\/wp-content\\\/uploads\\\/2020\\\/09\\\/Mathias-Daa-Loefquist-scaled.jpg\",\"contentUrl\":\"https:\\\/\\\/www.getbartender.com\\\/wp-content\\\/uploads\\\/2020\\\/09\\\/Mathias-Daa-Loefquist-scaled.jpg\",\"width\":1386,\"height\":924,\"caption\":\"Vores Bartender Mathias Daa - Flair Bartender til fest - Cocktails til fest - Lej en Bartender - Bartender Udlejning\"},{\"@type\":\"BreadcrumbList\",\"@id\":\"https:\\\/\\\/www.getbartender.com\\\/da\\\/lej-en-bartender\\\/flair-bartender\\\/#breadcrumb\",\"itemListElement\":[{\"@type\":\"ListItem\",\"position\":1,\"name\":\"Lej en Bartender\",\"item\":\"https:\\\/\\\/www.getbartender.com\\\/da\\\/lej-en-bartender\\\/\"},{\"@type\":\"ListItem\",\"position\":2,\"name\":\"Lej en Flair Bartender\"}]},{\"@type\":\"WebSite\",\"@id\":\"https:\\\/\\\/www.getbartender.com\\\/da\\\/#website\",\"url\":\"https:\\\/\\\/www.getbartender.com\\\/da\\\/\",\"name\":\"Get Bartender\",\"description\":\"Hvis du har g\u00e6sten, s\u00e5 har vi festen!\",\"potentialAction\":[{\"@type\":\"SearchAction\",\"target\":{\"@type\":\"EntryPoint\",\"urlTemplate\":\"https:\\\/\\\/www.getbartender.com\\\/da\\\/?s={search_term_string}\"},\"query-input\":{\"@type\":\"PropertyValueSpecification\",\"valueRequired\":true,\"valueName\":\"search_term_string\"}}],\"inLanguage\":\"da-DK\"}]}<\/script>\n<!-- \/ Yoast SEO Premium plugin. -->","yoast_head_json":{"title":"Den Bedste Underholding? Book en Flair Bartender til fest!","description":"Book en Flair Bartender til fest hos os. Du f\u00e5r en forrygende og uforglemmelig fest og et hav af cocktails. Dine g\u00e6ster vil elske det. Sk\u00e5l!","robots":{"index":"index","follow":"follow","max-snippet":"max-snippet:-1","max-image-preview":"max-image-preview:large","max-video-preview":"max-video-preview:-1"},"canonical":"https:\/\/www.getbartender.com\/da\/lej-en-bartender\/flair-bartender\/","og_locale":"da_DK","og_type":"article","og_title":"Lej en Flair Bartender","og_description":"Book en Flair Bartender til fest hos os. Du f\u00e5r en forrygende og uforglemmelig fest og et hav af cocktails. Dine g\u00e6ster vil elske det. Sk\u00e5l!","og_url":"https:\/\/www.getbartender.com\/da\/lej-en-bartender\/flair-bartender\/","og_site_name":"Get Bartender","article_modified_time":"2023-04-11T07:40:42+00:00","og_image":[{"width":1386,"height":924,"url":"https:\/\/www.getbartender.com\/wp-content\/uploads\/2020\/09\/Mathias-Daa-Loefquist-scaled.jpg","type":"image\/jpeg"}],"twitter_misc":{"Estimeret l\u00e6setid":"3 minutter"},"schema":{"@context":"https:\/\/schema.org","@graph":[{"@type":"WebPage","@id":"https:\/\/www.getbartender.com\/da\/lej-en-bartender\/flair-bartender\/","url":"https:\/\/www.getbartender.com\/da\/lej-en-bartender\/flair-bartender\/","name":"Den Bedste Underholding? Book en Flair Bartender til fest!","isPartOf":{"@id":"https:\/\/www.getbartender.com\/da\/#website"},"primaryImageOfPage":{"@id":"https:\/\/www.getbartender.com\/da\/lej-en-bartender\/flair-bartender\/#primaryimage"},"image":{"@id":"https:\/\/www.getbartender.com\/da\/lej-en-bartender\/flair-bartender\/#primaryimage"},"thumbnailUrl":"https:\/\/www.getbartender.com\/wp-content\/uploads\/2020\/09\/Mathias-Daa-Loefquist-scaled.jpg","datePublished":"2014-04-16T13:36:28+00:00","dateModified":"2023-04-11T07:40:42+00:00","description":"Book en Flair Bartender til fest hos os. Du f\u00e5r en forrygende og uforglemmelig fest og et hav af cocktails. Dine g\u00e6ster vil elske det. Sk\u00e5l!","breadcrumb":{"@id":"https:\/\/www.getbartender.com\/da\/lej-en-bartender\/flair-bartender\/#breadcrumb"},"inLanguage":"da-DK","potentialAction":[{"@type":"ReadAction","target":["https:\/\/www.getbartender.com\/da\/lej-en-bartender\/flair-bartender\/"]}]},{"@type":"ImageObject","inLanguage":"da-DK","@id":"https:\/\/www.getbartender.com\/da\/lej-en-bartender\/flair-bartender\/#primaryimage","url":"https:\/\/www.getbartender.com\/wp-content\/uploads\/2020\/09\/Mathias-Daa-Loefquist-scaled.jpg","contentUrl":"https:\/\/www.getbartender.com\/wp-content\/uploads\/2020\/09\/Mathias-Daa-Loefquist-scaled.jpg","width":1386,"height":924,"caption":"Vores Bartender Mathias Daa - Flair Bartender til fest - Cocktails til fest - Lej en Bartender - Bartender Udlejning"},{"@type":"BreadcrumbList","@id":"https:\/\/www.getbartender.com\/da\/lej-en-bartender\/flair-bartender\/#breadcrumb","itemListElement":[{"@type":"ListItem","position":1,"name":"Lej en Bartender","item":"https:\/\/www.getbartender.com\/da\/lej-en-bartender\/"},{"@type":"ListItem","position":2,"name":"Lej en Flair Bartender"}]},{"@type":"WebSite","@id":"https:\/\/www.getbartender.com\/da\/#website","url":"https:\/\/www.getbartender.com\/da\/","name":"Get Bartender","description":"Hvis du har g\u00e6sten, s\u00e5 har vi festen!","potentialAction":[{"@type":"SearchAction","target":{"@type":"EntryPoint","urlTemplate":"https:\/\/www.getbartender.com\/da\/?s={search_term_string}"},"query-input":{"@type":"PropertyValueSpecification","valueRequired":true,"valueName":"search_term_string"}}],"inLanguage":"da-DK"}]}},"_links":{"self":[{"href":"https:\/\/www.getbartender.com\/da\/wp-json\/wp\/v2\/pages\/1556","targetHints":{"allow":["GET"]}}],"collection":[{"href":"https:\/\/www.getbartender.com\/da\/wp-json\/wp\/v2\/pages"}],"about":[{"href":"https:\/\/www.getbartender.com\/da\/wp-json\/wp\/v2\/types\/page"}],"author":[{"embeddable":true,"href":"https:\/\/www.getbartender.com\/da\/wp-json\/wp\/v2\/users\/1"}],"replies":[{"embeddable":true,"href":"https:\/\/www.getbartender.com\/da\/wp-json\/wp\/v2\/comments?post=1556"}],"version-history":[{"count":32,"href":"https:\/\/www.getbartender.com\/da\/wp-json\/wp\/v2\/pages\/1556\/revisions"}],"predecessor-version":[{"id":17459,"href":"https:\/\/www.getbartender.com\/da\/wp-json\/wp\/v2\/pages\/1556\/revisions\/17459"}],"up":[{"embeddable":true,"href":"https:\/\/www.getbartender.com\/da\/wp-json\/wp\/v2\/pages\/107"}],"wp:featuredmedia":[{"embeddable":true,"href":"https:\/\/www.getbartender.com\/da\/wp-json\/wp\/v2\/media\/13391"}],"wp:attachment":[{"href":"https:\/\/www.getbartender.com\/da\/wp-json\/wp\/v2\/media?parent=1556"}],"curies":[{"name":"wp","href":"https:\/\/api.w.org\/{rel}","templated":true}]}}