{"id":1524,"date":"2014-03-21T11:26:02","date_gmt":"2014-03-21T11:26:02","guid":{"rendered":"http:\/\/getbartender.com\/?page_id=1524"},"modified":"2025-01-21T08:06:42","modified_gmt":"2025-01-21T07:06:42","slug":"verdensklasse","status":"publish","type":"page","link":"https:\/\/www.getbartender.com\/da\/lej-cocktailbar\/verdensklasse\/","title":{"rendered":"Lej en Cocktail Bar i verdensklasse!"},"content":{"rendered":"\n<!-- Heading -->\n  <h4>Hvorfor leje denne pakke?<\/h4>\n  <hr \/>\n  Lej denne cocktailbar, hvis du \u00f8nsker at fork\u00e6le dine g\u00e6ster. Vi giver jer den helt store oplevelse, og du kan regne med, at vi har styr p\u00e5 det hele. De bedste bartendere, super service og produkter i verdensklasse. Lej en cocktail bar som denne, og servicen er helt i top.\n\n\n   \t<h2>Vores allerbedste bartendere<\/h2>\n   \t<hr \/>\n    \t<ol><li><p>Vi har nogle af landets bedste bartendere. Booker du vores all in pakke, f\u00e5r du vores bedste bartendere til din fest.<\/p><\/li><li>Vi kan b\u00e5de underholde med flair bartending og mixing af cocktails. Flair bartendere kaster og jonglerer med flaskerne.<\/li><li>Vi deltager ofte i konkurrencer s\u00e5som DM i cocktails, flair, freestyle bartending og alkoholfri cocktails.<\/li><li>Vi deltager ogs\u00e5 ved cocktail challenges fra high end m\u00e6rker (Angostura, Schweppes etc.). Lej en cocktailbar som denne, og vi garanterer, at du kan m\u00e6rke forskel p\u00e5 servicen!<\/li><\/ol>  \t\n   \t<h2>Geniale cocktails I vores Cocktail Bar<\/h2>\n   \t<hr \/>\n<!-- SERVICES -->\n    \t<ol><li><strong>Gastronomisk oplevelse!<\/strong> Vi g\u00e5r gastronomisk til v\u00e6rks, n\u00e5r vi mixer cocktails. Ingredienserne skal passe sammen, og g\u00e6sten skal have en oplevelse, n\u00e5r de smager vores cocktails. Elsker du gastronimi? Tjek vores <a href=\"https:\/\/www.getbartender.com\/da\/vores-cocktail-bar-service\/lej-cocktailbar\/cocktails-og-mad-til-fest\/\">cocktails &amp; mad menu<\/a>!<\/li><li><strong>Ikke bare drinks!<\/strong>\u00a0Det skal ikke bare v\u00e6re en drink ligesom alle andre steder. N\u00e5r du kommer op i baren, er du ogs\u00e5 velkommen til at fort\u00e6lle os dine pr\u00e6ferencer.<\/li><li><strong>Noget for enhver!<\/strong> Vi kan altid lave noget surt, s\u00f8dt, forfriskende, bittert eller st\u00e6rkt.\u00a0<\/li><li><strong>Kreative cocktails!<\/strong>\u00a0Vi er ikke bange for at teste dine smagsl\u00f8g af. Vi har bl.a. lavet en alkoholfri punch, som er baseret p\u00e5 kamillete, danskvand, agurk og spinat. Frisk og kalorievenlig. Den lyder m\u00e5ske alt for gr\u00f8n til dig? Tro os, n\u00e5r vi siger, den er meget mere velsmagende, end du tror. Vi havde den med til DM i alkoholfrie cocktails og vandt bronze. Sk\u00e5l for det!<\/li><\/ol><ul><li>\u00a0<\/li><\/ul>  \t\n   \t<h2>Kvalitets produkter i baren<\/h2>\n   \t<hr \/>\n    \t<ol><li><p>Lej en Cocktail Bar hos os, og vi g\u00e5r ALL IN, s\u00e5 den er sp\u00e6kket med kvalitet. Guld og glimmer p\u00e5 vores cocktails. M\u00e5ske endda lidt r\u00f8g og ild. Vi s\u00f8rger for, at dine g\u00e6ster f\u00e5r sig en oplevelse. Tjek eksempelvis vores nyhed <strong><a href=\"https:\/\/www.getbartender.com\/da\/vores-cocktail-bar-service\/cocktails-med-print\/\">Cocktails med Print<\/a><\/strong>, hvis du \u00f8nsker en helt unik cocktail fest.\u00a0<\/p><\/li><li>De produkter, som vi anvender, er af rigtig god kvalitet. Pernod Ricard er vores partner p\u00e5 spiritus fronten. Vores cocktail produkter er: Beefeater gin, Absolut vodka og Havana Club rom, men vi kan ogs\u00e5 finde p\u00e5 at tage produkter med a la: Malfy gin, Monkey 47 gin, Grey Goose vodka og Ron Millionaire rom med. Du kan opgradere ALL IN pakken yderligere, hvis du kun \u00f8nsker bestemte brands.<\/li><li>Hvorfor bruge kvalitets produkter? Fordi du kan smage forskellen. Det handler ikke kun om, at m\u00e6rkerne signalerer kvalitet. Man f\u00e5r altid, hvad man betaler for. Det afh\u00e6nger dog af den valgte cocktail. I en Sex On The Beach, Frozen Strawberry Daiquiri eller Passion Martini, s\u00e5 g\u00e5r valget af vodka og rom ikke den store forskel. Det g\u00f8r det dog i en klassisk margarita med Don Julio tequila eller en Daiquiri med Ron Millionaire rom, s\u00e5 garanterer vi dig de bedste cocktails, der s\u00e6tter gang i festen. Sk\u00e5l!<\/li><\/ol><ul><li>\u00a0<\/li><\/ul>  \t\n<!-- SERVICES -->\n    <!-- Mon-Fri 9AM-5PM -->\n        <form>\n            \u00d8nsker du et tilbud p\u00e5 leje af en cocktailbar eller p\u00e5 vores ALL IN pakke?            \n            <a href=\"\/da\/kontakt\/\">F\u00c5 ET TILBUD NU<\/a>\n        <\/form>\n        <p>F\u00e5 et gratis og uforpligtende tilbud. Vi gl\u00e6der os til at hj\u00e6lpe dig og besvare alle dine sp\u00f8rgsm\u00e5l.<\/p>\n    <!-- \n          +44 (79) 9087 7551  contact@getbartender.com\n     -->\n\n\t<iframe loading=\"lazy\" width=\"572\" height=\"322\" src=\"https:\/\/www.youtube.com\/embed\/SHq6HHh8eYw\" frameborder=\"0\" allow=\"accelerometer; autoplay; encrypted-media; gyroscope; picture-in-picture\" allowfullscreen><\/iframe>\n\n   \t<h2>Hvad indeholder vores ALL IN pakke?<\/h2>\n   \t<hr \/>\n    \t<ol><li><p>Denne pakke er den helt store festpakke, hvor der er s\u00f8rget for alt, og hvor g\u00e6sterne kommer til at f\u00f8le sig som VIP&#8217;ere. Lej en cocktailbar som denne, og du er garanteret en uforglemmelig aften.<\/p><\/li><li>Vi tager alt til baren med. Du skal med andre ord ikke st\u00e5 for noget som helst.<\/li><li>En super luksus mobilbar, som er let at stille op og tage ned igen.<\/li><li>Skr\u00e6ddersyet cocktailkort tilpasset din fest og tema.<\/li><li>Valgfrie cocktails. V\u00e6lg dine favoritter eller pr\u00f8v vores cocktails, der giver dig en ny smagsoplevels. Du kan v\u00e6lge +8 cocktails.<\/li><li>Vi har nogle overraskelser med i baren s\u00e5som guld, r\u00f8g, damp, ild, skum eller andet pynt.<\/li><li>Vi k\u00f8ber kvalitetsprodukter til baren og s\u00f8rger for, at i f\u00e5r en masse godt til ganen.<\/li><li>Vi s\u00f8rger for at i f\u00e5r de bedste produkter. Det kunne v\u00e6re Monkey 47 gin, Ron Millionaire rom, Absolut Elyx vodka osv. Alt afh\u00e6ngigt af dit budget. Man kan smage, hvordan der er k\u00e6let for hver dr\u00e5be i disse produkter.<\/li><li>H\u00f8jt hum\u00f8r fra start til slut og cocktails serveret med smil og stil!<\/li><li>Vi s\u00f8rger for at det hele spiller og at alle f\u00e5r en rigtig sp\u00e6ndende og unik oplevelse.<\/li><li>Alkoholfrie cocktails til b\u00f8rn, barnlige sj\u00e6le, gravide, de k\u00f8rende og de sunde. Vi sikrer at alle bliver en del af festen, selvom de ikke\u00a0drikker alkohol.<\/li><li>Vi s\u00f8rger for is, ingredienser, spiritus, unikke produkter, barudstyr, hjemmelavede\u00a0sirupper, frispresset juice osv.<\/li><li>Vi kan tage t\u00f8ris med, hvis vores drinks skal have et ekstra pift med overd\u00e5dig r\u00f8g.<\/li><li>Vi specialdesigner cocktails tilpasset din fest. Eksempelvis kan vi opkalde et par\u00a0cocktails efter nogle af g\u00e6sterne eller nogle af jeres idoler. Kun fantasien s\u00e6tter gr\u00e6nser.<\/li><li>Normalt er baren \u00e5ben i 4-5 timer, men det er 100 % dit valg. Vi kommer 1 time f\u00f8r, og s\u00e6tter alt op, og bruger tilsvarende tid p\u00e5 at pakke ned efterf\u00f8lgende. Vi kan ogs\u00e5 komme dagen f\u00f8r og g\u00f8re klar.<\/li><li>Vores priser er inkl. transport, setup og det hele.<\/li><\/ol>  \t\n\n<!-- SERVICES -->\n<!-- SERVICES -->\n\n<!-- Heading -->\n Vi kommer ud, og du skal blot invitere dine g\u00e6ster\n  <h4>Priser p\u00e5 vores Cocktail Bar<\/h4>\n  <hr \/>\n  <p>Lej en Cocktail Bar &#038; f\u00e5 fri bar i geniale cocktails til dine g\u00e6ster<\/p>\n<!-- Work Process -->\n      <article>\n          <h5>ALL IN Cocktail Bar<\/h5>\n          <p>MEST V\u00c6RDI<\/p>\n        <!-- Amount -->\n         kr. 295  Inkl. moms \n        <ul>\n          <li>\n            <p>Personligt cocktailkort (Du v\u00e6lger selv cocktail og kan v\u00e6lge logo\/billede p\u00e5 forsiden og evt. navne p\u00e5 cocktails)<\/p>\n          <\/li>\n          <li>\n            <p>Luksus Cocktail Bartender<\/p>\n          <\/li>\n          <li>\n            <p>Kvalitets spiritus (Vi putter lidt l\u00e6kre flaske oveni Monkey 47 gin, Geranium, Ron Millionaire, Sangra De Vida Tequila etc.)<\/p>\n          <\/li>\n          <li>\n            <p>Vi har ALT med til baren (Cocktail Glas, Bar Udstyr, Spiritus, Mixers osv.)<\/p>\n          <\/li>\n          <li>\n            <p>8+ forskellige l\u00e6kre cocktails<\/p>\n          <\/li>\n          <li>\n            <p>Ekstra seje kvalitets glas<\/p>\n          <\/li>\n          <li>\n            <p>Cocktail overraskelser fx en velkomstdrink <\/p>\n          <\/li>\n          <li>\n            <p>Festligt lir (Det kan v\u00e6re lidt flair i baren eller bare sejt pynt)<\/p>\n          <\/li>\n          <li>\n            <p>Alkoholfrie Rocktails til dem der ikke drikker<\/p>\n          <\/li>\n          <li>\n            <p>Godt hum\u00f8r, smil og jahat er p\u00e5<\/p>\n          <\/li>\n          <li>\n            <p>Alt sammen i 5 dejlige timer (4 timers bar + 30 min ops\u00e6tning og 30 min luk)<\/p>\n          <\/li>\n        <\/ul>\n          <a href=\"\/da\/kontakt\/\">Bestil nu<\/a>\n      <\/article>\n      <article>\n          <h5>Gyldne Cocktail Bar<\/h5>\n          \n        <!-- Amount -->\n         kr. 245  Inkl. moms \n        <ul>\n          <li>\n            <p>Specialdesignet cocktailkort (du v\u00e6lger selv cocktails)<\/p>\n          <\/li>\n          <li>\n            <p>Kvalitets Cocktail Bartendere<\/p>\n          <\/li>\n          <li>\n            <p>6-8 forskellige l\u00e6kre cocktails<\/p>\n          <\/li>\n          <li>\n            <p>Alkoholfrie Rocktails til dem der ikke drikker<\/p>\n          <\/li>\n          <li>\n            <p>6-8 different cocktails<\/p>\n          <\/li>\n          <li>\n            <p>Kvalitets M\u00e6rker af spiruts og mixers (Bulldog, Fever Tree, Gin osv.)<\/p>\n          <\/li>\n          <li>\n            <p>Vi har ALT med til baren (Cocktail Glas, Bar Udstyr, Spiritus, Mixers osv.)<\/p>\n          <\/li>\n          <li>\n            <p>Godt hum\u00f8r, smil og jahat er p\u00e5<\/p>\n          <\/li>\n          <li>\n            <p>Alt sammen i 5 dejlige timer (4 timers bar + 30 min ops\u00e6tning og 30 min luk)<\/p>\n          <\/li>\n        <\/ul>\n          <a href=\"\/da\/kontakt\/\">Bestil nu<\/a>\n      <\/article>\n      <article>\n          <h5>Budget Cocktail Bar<\/h5>\n          \n        <!-- Amount -->\n         kr. 195  Inkl. moms \n        <ul>\n          <li>\n            <p>Standard cocktailkort<\/p>\n          <\/li>\n          <li>\n            <p>Cocktail Bartendere<\/p>\n          <\/li>\n          <li>\n            <p>4-5 forskellige l\u00e6kre cocktails<\/p>\n          <\/li>\n          <li>\n            <p>Alkoholfrie Rocktails til dem der ikke drikker<\/p>\n          <\/li>\n          <li>\n            <p>Vi har ALT med til baren (Cocktails Glas, Bar Udstyr, Spiritus, Mixers osv.)<\/p>\n          <\/li>\n          <li>\n            <p>Godt hum\u00f8r, smil og jahat er p\u00e5<\/p>\n          <\/li>\n          <li>\n            <p>Alt sammen i 5 dejlige timer (4 timers bar + 30 min ops\u00e6tning og 30 min luk)<\/p>\n          <\/li>\n        <\/ul>\n          <a href=\"\/da\/kontakt\/\">Bestil nu<\/a>\n      <\/article>\n    \n","protected":false},"excerpt":{"rendered":"Hvorfor leje denne pakke? Lej denne cocktailbar, hvis du \u00f8nsker at fork\u00e6le dine g\u00e6ster. Vi giver jer den helt store oplevelse, og du kan regne med, at vi har styr p\u00e5 det hele. De bedste bartendere, super service og produkter i verdensklasse. Lej en cocktail bar som denne, og servicen er helt i top. Vores&#8230; <a class=\"view-article\" href=\"https:\/\/www.getbartender.com\/da\/lej-cocktailbar\/verdensklasse\/\">View Article<\/a>","protected":false},"author":1,"featured_media":15004,"parent":5,"menu_order":42,"comment_status":"closed","ping_status":"closed","template":"","meta":{"_acf_changed":false,"footnotes":""},"class_list":["post-1524","page","type-page","status-publish","has-post-thumbnail","hentry"],"acf":[],"yoast_head":"<!-- This site is optimized with the Yoast SEO Premium plugin v23.4 (Yoast SEO v27.5) - https:\/\/yoast.com\/product\/yoast-seo-premium-wordpress\/ -->\n<title>\ud83e\udd47 \u00d8nsker du en genial fest? Lej en Cocktail Bar i topklasse!<\/title>\n<meta name=\"description\" content=\"Vil du fork\u00e6le dine g\u00e6ster? S\u00e5 book vores ALL IN Bar. Lej en Cocktail Bar som denne og f\u00e5 den helt store festoplevelse med geniale cocktails!\" \/>\n<meta name=\"robots\" content=\"index, follow, max-snippet:-1, max-image-preview:large, max-video-preview:-1\" \/>\n<link rel=\"canonical\" href=\"https:\/\/www.getbartender.com\/da\/lej-cocktailbar\/verdensklasse\/\" \/>\n<meta property=\"og:locale\" content=\"da_DK\" \/>\n<meta property=\"og:type\" content=\"article\" \/>\n<meta property=\"og:title\" content=\"Lej en Cocktail Bar i verdensklasse!\" \/>\n<meta property=\"og:description\" content=\"Vil du fork\u00e6le dine g\u00e6ster? S\u00e5 book vores ALL IN Bar. Lej en Cocktail Bar som denne og f\u00e5 den helt store festoplevelse med geniale cocktails!\" \/>\n<meta property=\"og:url\" content=\"https:\/\/www.getbartender.com\/da\/lej-cocktailbar\/verdensklasse\/\" \/>\n<meta property=\"og:site_name\" content=\"Get Bartender\" \/>\n<meta property=\"article:modified_time\" content=\"2025-01-21T07:06:42+00:00\" \/>\n<meta property=\"og:image\" content=\"https:\/\/www.getbartender.com\/wp-content\/uploads\/2021\/09\/IMG_5181-e1509800533382.jpg\" \/>\n\t<meta property=\"og:image:width\" content=\"1192\" \/>\n\t<meta property=\"og:image:height\" content=\"924\" \/>\n\t<meta property=\"og:image:type\" content=\"image\/jpeg\" \/>\n<meta name=\"twitter:label1\" content=\"Estimeret l\u00e6setid\" \/>\n\t<meta name=\"twitter:data1\" content=\"7 minutter\" \/>\n<script type=\"application\/ld+json\" class=\"yoast-schema-graph\">{\"@context\":\"https:\\\/\\\/schema.org\",\"@graph\":[{\"@type\":\"WebPage\",\"@id\":\"https:\\\/\\\/www.getbartender.com\\\/da\\\/lej-cocktailbar\\\/verdensklasse\\\/\",\"url\":\"https:\\\/\\\/www.getbartender.com\\\/da\\\/lej-cocktailbar\\\/verdensklasse\\\/\",\"name\":\"\ud83e\udd47 \u00d8nsker du en genial fest? Lej en Cocktail Bar i topklasse!\",\"isPartOf\":{\"@id\":\"https:\\\/\\\/www.getbartender.com\\\/da\\\/#website\"},\"primaryImageOfPage\":{\"@id\":\"https:\\\/\\\/www.getbartender.com\\\/da\\\/lej-cocktailbar\\\/verdensklasse\\\/#primaryimage\"},\"image\":{\"@id\":\"https:\\\/\\\/www.getbartender.com\\\/da\\\/lej-cocktailbar\\\/verdensklasse\\\/#primaryimage\"},\"thumbnailUrl\":\"https:\\\/\\\/www.getbartender.com\\\/wp-content\\\/uploads\\\/2021\\\/09\\\/IMG_5181-e1509800533382.jpg\",\"datePublished\":\"2014-03-21T11:26:02+00:00\",\"dateModified\":\"2025-01-21T07:06:42+00:00\",\"description\":\"Vil du fork\u00e6le dine g\u00e6ster? S\u00e5 book vores ALL IN Bar. Lej en Cocktail Bar som denne og f\u00e5 den helt store festoplevelse med geniale cocktails!\",\"breadcrumb\":{\"@id\":\"https:\\\/\\\/www.getbartender.com\\\/da\\\/lej-cocktailbar\\\/verdensklasse\\\/#breadcrumb\"},\"inLanguage\":\"da-DK\",\"potentialAction\":[{\"@type\":\"ReadAction\",\"target\":[\"https:\\\/\\\/www.getbartender.com\\\/da\\\/lej-cocktailbar\\\/verdensklasse\\\/\"]}]},{\"@type\":\"ImageObject\",\"inLanguage\":\"da-DK\",\"@id\":\"https:\\\/\\\/www.getbartender.com\\\/da\\\/lej-cocktailbar\\\/verdensklasse\\\/#primaryimage\",\"url\":\"https:\\\/\\\/www.getbartender.com\\\/wp-content\\\/uploads\\\/2021\\\/09\\\/IMG_5181-e1509800533382.jpg\",\"contentUrl\":\"https:\\\/\\\/www.getbartender.com\\\/wp-content\\\/uploads\\\/2021\\\/09\\\/IMG_5181-e1509800533382.jpg\",\"width\":1192,\"height\":924,\"caption\":\"Gin cocktails - Cocktail Opskrifter - Cocktail Bar til f\u00f8dselsdag\"},{\"@type\":\"BreadcrumbList\",\"@id\":\"https:\\\/\\\/www.getbartender.com\\\/da\\\/lej-cocktailbar\\\/verdensklasse\\\/#breadcrumb\",\"itemListElement\":[{\"@type\":\"ListItem\",\"position\":1,\"name\":\"Lej Cocktailbar\",\"item\":\"https:\\\/\\\/www.getbartender.com\\\/da\\\/lej-cocktailbar\\\/\"},{\"@type\":\"ListItem\",\"position\":2,\"name\":\"Lej en Cocktail Bar i verdensklasse!\"}]},{\"@type\":\"WebSite\",\"@id\":\"https:\\\/\\\/www.getbartender.com\\\/da\\\/#website\",\"url\":\"https:\\\/\\\/www.getbartender.com\\\/da\\\/\",\"name\":\"Get Bartender\",\"description\":\"Hvis du har g\u00e6sten, s\u00e5 har vi festen!\",\"potentialAction\":[{\"@type\":\"SearchAction\",\"target\":{\"@type\":\"EntryPoint\",\"urlTemplate\":\"https:\\\/\\\/www.getbartender.com\\\/da\\\/?s={search_term_string}\"},\"query-input\":{\"@type\":\"PropertyValueSpecification\",\"valueRequired\":true,\"valueName\":\"search_term_string\"}}],\"inLanguage\":\"da-DK\"}]}<\/script>\n<!-- \/ Yoast SEO Premium plugin. -->","yoast_head_json":{"title":"\ud83e\udd47 \u00d8nsker du en genial fest? Lej en Cocktail Bar i topklasse!","description":"Vil du fork\u00e6le dine g\u00e6ster? S\u00e5 book vores ALL IN Bar. Lej en Cocktail Bar som denne og f\u00e5 den helt store festoplevelse med geniale cocktails!","robots":{"index":"index","follow":"follow","max-snippet":"max-snippet:-1","max-image-preview":"max-image-preview:large","max-video-preview":"max-video-preview:-1"},"canonical":"https:\/\/www.getbartender.com\/da\/lej-cocktailbar\/verdensklasse\/","og_locale":"da_DK","og_type":"article","og_title":"Lej en Cocktail Bar i verdensklasse!","og_description":"Vil du fork\u00e6le dine g\u00e6ster? S\u00e5 book vores ALL IN Bar. Lej en Cocktail Bar som denne og f\u00e5 den helt store festoplevelse med geniale cocktails!","og_url":"https:\/\/www.getbartender.com\/da\/lej-cocktailbar\/verdensklasse\/","og_site_name":"Get Bartender","article_modified_time":"2025-01-21T07:06:42+00:00","og_image":[{"width":1192,"height":924,"url":"https:\/\/www.getbartender.com\/wp-content\/uploads\/2021\/09\/IMG_5181-e1509800533382.jpg","type":"image\/jpeg"}],"twitter_misc":{"Estimeret l\u00e6setid":"7 minutter"},"schema":{"@context":"https:\/\/schema.org","@graph":[{"@type":"WebPage","@id":"https:\/\/www.getbartender.com\/da\/lej-cocktailbar\/verdensklasse\/","url":"https:\/\/www.getbartender.com\/da\/lej-cocktailbar\/verdensklasse\/","name":"\ud83e\udd47 \u00d8nsker du en genial fest? Lej en Cocktail Bar i topklasse!","isPartOf":{"@id":"https:\/\/www.getbartender.com\/da\/#website"},"primaryImageOfPage":{"@id":"https:\/\/www.getbartender.com\/da\/lej-cocktailbar\/verdensklasse\/#primaryimage"},"image":{"@id":"https:\/\/www.getbartender.com\/da\/lej-cocktailbar\/verdensklasse\/#primaryimage"},"thumbnailUrl":"https:\/\/www.getbartender.com\/wp-content\/uploads\/2021\/09\/IMG_5181-e1509800533382.jpg","datePublished":"2014-03-21T11:26:02+00:00","dateModified":"2025-01-21T07:06:42+00:00","description":"Vil du fork\u00e6le dine g\u00e6ster? S\u00e5 book vores ALL IN Bar. Lej en Cocktail Bar som denne og f\u00e5 den helt store festoplevelse med geniale cocktails!","breadcrumb":{"@id":"https:\/\/www.getbartender.com\/da\/lej-cocktailbar\/verdensklasse\/#breadcrumb"},"inLanguage":"da-DK","potentialAction":[{"@type":"ReadAction","target":["https:\/\/www.getbartender.com\/da\/lej-cocktailbar\/verdensklasse\/"]}]},{"@type":"ImageObject","inLanguage":"da-DK","@id":"https:\/\/www.getbartender.com\/da\/lej-cocktailbar\/verdensklasse\/#primaryimage","url":"https:\/\/www.getbartender.com\/wp-content\/uploads\/2021\/09\/IMG_5181-e1509800533382.jpg","contentUrl":"https:\/\/www.getbartender.com\/wp-content\/uploads\/2021\/09\/IMG_5181-e1509800533382.jpg","width":1192,"height":924,"caption":"Gin cocktails - Cocktail Opskrifter - Cocktail Bar til f\u00f8dselsdag"},{"@type":"BreadcrumbList","@id":"https:\/\/www.getbartender.com\/da\/lej-cocktailbar\/verdensklasse\/#breadcrumb","itemListElement":[{"@type":"ListItem","position":1,"name":"Lej Cocktailbar","item":"https:\/\/www.getbartender.com\/da\/lej-cocktailbar\/"},{"@type":"ListItem","position":2,"name":"Lej en Cocktail Bar i verdensklasse!"}]},{"@type":"WebSite","@id":"https:\/\/www.getbartender.com\/da\/#website","url":"https:\/\/www.getbartender.com\/da\/","name":"Get Bartender","description":"Hvis du har g\u00e6sten, s\u00e5 har vi festen!","potentialAction":[{"@type":"SearchAction","target":{"@type":"EntryPoint","urlTemplate":"https:\/\/www.getbartender.com\/da\/?s={search_term_string}"},"query-input":{"@type":"PropertyValueSpecification","valueRequired":true,"valueName":"search_term_string"}}],"inLanguage":"da-DK"}]}},"_links":{"self":[{"href":"https:\/\/www.getbartender.com\/da\/wp-json\/wp\/v2\/pages\/1524","targetHints":{"allow":["GET"]}}],"collection":[{"href":"https:\/\/www.getbartender.com\/da\/wp-json\/wp\/v2\/pages"}],"about":[{"href":"https:\/\/www.getbartender.com\/da\/wp-json\/wp\/v2\/types\/page"}],"author":[{"embeddable":true,"href":"https:\/\/www.getbartender.com\/da\/wp-json\/wp\/v2\/users\/1"}],"replies":[{"embeddable":true,"href":"https:\/\/www.getbartender.com\/da\/wp-json\/wp\/v2\/comments?post=1524"}],"version-history":[{"count":59,"href":"https:\/\/www.getbartender.com\/da\/wp-json\/wp\/v2\/pages\/1524\/revisions"}],"predecessor-version":[{"id":17607,"href":"https:\/\/www.getbartender.com\/da\/wp-json\/wp\/v2\/pages\/1524\/revisions\/17607"}],"up":[{"embeddable":true,"href":"https:\/\/www.getbartender.com\/da\/wp-json\/wp\/v2\/pages\/5"}],"wp:featuredmedia":[{"embeddable":true,"href":"https:\/\/www.getbartender.com\/da\/wp-json\/wp\/v2\/media\/15004"}],"wp:attachment":[{"href":"https:\/\/www.getbartender.com\/da\/wp-json\/wp\/v2\/media?parent=1524"}],"curies":[{"name":"wp","href":"https:\/\/api.w.org\/{rel}","templated":true}]}}