{"id":1501,"date":"2014-03-18T16:22:30","date_gmt":"2014-03-18T16:22:30","guid":{"rendered":"http:\/\/getbartender.com\/?page_id=1501"},"modified":"2021-07-26T16:13:20","modified_gmt":"2021-07-26T14:13:20","slug":"underholdning-til-julefrokost","status":"publish","type":"page","link":"https:\/\/www.getbartender.com\/da\/din-festunderholdning\/underholdning-til-julefrokost\/","title":{"rendered":"Firma Julefrokost"},"content":{"rendered":"\n<article>\n    <h5>Hvorfor skal vi arrangere jeres Julefrokost?<\/h5>\n    \n    <hr>\n<ul>\n<li>\n<p>Vi skr\u00e6ddersyer&nbsp;en pakke efter jeres \u00f8nsker, ideer og budget!<\/p>\n<\/li>\n<li>\n<p>Vi er de bedste bag baren, og vi garanterer jer de l\u00e6kreste cocktails og bedste underholdning fra baren.<\/p>\n<\/li>\n<li>\n<p>Hos os kan du b\u00e5de f\u00e5 cocktailbar, DJ, julebuffet, tjenere, fad\u00f8l og flotte lokaler. Vi kan det hele.<\/p>\n<\/li>\n<li>\n<p>Uanset hvor og hvor mange i er, s\u00e5 kan vi klare det. Vi kan klare alt fra en lille julefrokost for jeres afdeling til den helt store firmafest.<\/p>\n<\/li>\n<li>\n<p>Vi er ikke kun i Danmark. Hvis i har kontor i London, Berlin, Stockholm eller Oslo, s\u00e5 kan vi med garanti ogs\u00e5 planl\u00e6gge jeres fest.<\/p>\n<\/li>\n<li>\n<p>F\u00e5 et tilbud i dag, og jeres julefrokost bliver arrangeret i morgen!<\/p>\n<\/li>\n<\/ul>\n&nbsp;\n<\/article><article>\n    <h5>H\u00f8jt hum\u00f8r og kvalitet over hele linjen<\/h5>\n    \n    <hr>\n    <ul>\n<li>\n<p>Vi v\u00e6gter service over alt andet. Vi lytter til jeres behov, \u00f8nsker og dr\u00f8mme omkring arrangementet. Selvf\u00f8lgelig med jeres budget in mente, s\u00e5 vi ikke overskrider dette.&nbsp;<\/p>\n<\/li>\n<li>\n<p>Kommunikation fra start til slut er vejen frem. I vil m\u00e6rke, at vi tager teten, hvis i \u00f8nsker det. Samtidig kan vi sagtens bare levere det i beder om.&nbsp;<\/p>\n<\/li>\n<li>\n<p>Kvaliteten er i top. Uanset om vi st\u00e5r for hele molevitten eller vi bare kommer som bartendere, s\u00e5 garanterer vi god kvalitet. Du kan stole p\u00e5 os som leverand\u00f8rer. Og de leverand\u00f8rer, som vi samarbejder med er ogs\u00e5 valgt p\u00e5 baggrund af vores analyse.&nbsp;<\/p>\n<\/li>\n<\/ul>\n<\/article><article>\n    <h5>St\u00f8rrelsen er underordnet<\/h5>\n    \n    <hr>\n    <ul>\n<li>\n<p>Vi kan l\u00f8fte enhver julefrokost. Om det er 20 g\u00e6ster eller 2000, s\u00e5 kan vi levere en unik gang underholdning til julefrokost.<\/p>\n<\/li>\n<li>\n<p>Vi har f\u00f8r hjulpet Salesforce, hvor de var 1200 g\u00e6ster. Tryg hvor de var 600 g\u00e6ster. Topdanmark hvor de var 1100 g\u00e6ster. Vi har ogs\u00e5 hjulpet Zendesk med hele deres event. Her var de 100 g\u00e6ster. L\u00e6g dertil et hav af mindre arrangementer helt ned til 5 g\u00e6ster. Vi kan alts\u00e5 ogs\u00e5 hj\u00e6lpe dig!<\/p>\n<\/li>\n<li>\n<p>Hvis i er under 100 g\u00e6ster, s\u00e5 fokuserer vi p\u00e5 gourmet cocktails og mange forskellige cocktails. Hvis i er flere, s\u00e5 s\u00f8rger vi for hastigheden p\u00e5 serveringen er lynhurtig, men stadig velsmagende. Vi g\u00e5r dog altid i dialog med dig og forventningsafstemmer arrangementet.<\/p>\n<\/li>\n<\/ul>\n<\/article><!-- SERVICES -->\n    <!-- Mon-Fri 9AM-5PM -->\n        <form>\n            St\u00e5r du og skal arrangere en julefrokost?            \n            <a href=\"\/da\/kontakt\/\">F\u00c5 TILBUD!<\/a>\n        <\/form>\n        <p>F\u00e5 et gratis og uforpligtende tilbud. Vi gl\u00e6der os til at hj\u00e6lpe dig og besvare alle dine sp\u00f8rgsm\u00e5l.<\/p>\n    <!-- \n          +44 (79) 9087 7551  contact@getbartender.com\n     -->\n<!-- SERVICES -->\n<article>\n    <h5>Skr\u00e6ddersyet pakkel\u00f8sning<\/h5>\n    \n    <hr>\n    <ul>\n<li>\n<p>Vi skr\u00e6ddersyer gerne en pakkel\u00f8sning efter jeres \u00f8nsker og behov. Vi har rigtig gode samarbejdsaftaler med virksomheder indenfor eventindustrien. Vi kan derfor b\u00e5de hj\u00e6lpe med catering, live musik, DJ&#8217;s, festlokaler, fad\u00f8l, vin, serveringspersonale osv. I f\u00e5r tilmed en bedre pris, jo mere i bestiller gennem os.<\/p>\n<\/li>\n<li>\n<p>Vi kontakter jer og lytter til jeres \u00f8nsker, ideer og behov. Derudover str\u00e6ber vi mod at im\u00f8dekomme jeres budget. Kontakt os i dag, og lad os tage en uforpligtende snak.<\/p>\n<\/li>\n<\/ul>\n<\/article><h2>\n\t<\/h2>\n<!-- SERVICES -->\n<article>\n    <h5>Julefrokost med tema<\/h5>\n    \n    <hr>\n<ul>\n<li>\n<p>Vi elsker at tage udgangspunkt i et festtema. Det kunne fx v\u00e6re et juletema.<\/p>\n<\/li>\n<li>\n\n<\/li>\n<li>\n<p>Vi kan ogs\u00e5 kl\u00e6de os ud som julem\u00e6nd, opkalde vores cocktails efter kendte julefigurer, pynte baren og festen med juletr\u00e6er, guirlander og meget mere.<\/p>\n<\/li>\n<li>\n<p>Mulighederne er mange, og vi vil gerne ideudvikle med jer.<\/p>\n<\/li>\n<\/ul>\n&nbsp;\n<\/article><!-- SERVICES -->\n<article>\n    <h5>Professionelt personale med h\u00f8jt hum\u00f8r<\/h5>\n    \n    <hr>\n<ul>\n<li>\n<p>Vores personale bringer noget unikt med til festen. Opskriften p\u00e5 en god fest er professionelt personale med h\u00f8jt hum\u00f8r. S\u00e5 det har vi altid med!<\/p>\n<\/li>\n<li>\n<p>Vi hyrer kun professionelle bartendere, DJ&#8217;s, serveringspersonale og samarbejdspartnere med et h\u00f8jt serviceniveau. Vi kan servicere alt fra revisoren Grethe p\u00e5 65 \u00e5r til studentermedhj\u00e6lperen Mette p\u00e5 18 \u00e5r. Det er hip som hap, om i er en ung techvirksomhed eller en \u00e6ldre medicinalvirksomhed. S\u00e5 l\u00e6nge i er til flydende k\u00e6rlig med eller uden alkohol, s\u00e5 er vi klar p\u00e5 at servicere jer!<\/p>\n<\/li>\n<\/ul>\n&nbsp;\n<\/article>\n","protected":false},"excerpt":{"rendered":"Hvorfor skal vi arrangere jeres Julefrokost? Vi skr\u00e6ddersyer&nbsp;en pakke efter jeres \u00f8nsker, ideer og budget! Vi er de bedste bag baren, og vi garanterer jer de l\u00e6kreste cocktails og bedste underholdning fra baren. Hos os kan du b\u00e5de f\u00e5 cocktailbar, DJ, julebuffet, tjenere, fad\u00f8l og flotte lokaler. Vi kan det hele. Uanset hvor og hvor&#8230; <a class=\"view-article\" href=\"https:\/\/www.getbartender.com\/da\/din-festunderholdning\/underholdning-til-julefrokost\/\">View Article<\/a>","protected":false},"author":1,"featured_media":0,"parent":1020,"menu_order":19,"comment_status":"closed","ping_status":"closed","template":"","meta":{"_acf_changed":false,"footnotes":""},"class_list":["post-1501","page","type-page","status-publish","hentry"],"acf":[],"yoast_head":"<!-- This site is optimized with the Yoast SEO Premium plugin v23.4 (Yoast SEO v27.5) - https:\/\/yoast.com\/product\/yoast-seo-premium-wordpress\/ -->\n<title>Underholdning til Julefrokost? Lej en Bartender og en Jule Cocktailbar<\/title>\n<meta name=\"description\" content=\"Underholdning til Julefrokost? Lej en Bartender med Cocktail Bar. Om det er 20 eller 2000 g\u00e6ster, s\u00e5 s\u00f8rger vi for en fest!\" \/>\n<meta name=\"robots\" content=\"index, follow, max-snippet:-1, max-image-preview:large, max-video-preview:-1\" \/>\n<link rel=\"canonical\" href=\"https:\/\/www.getbartender.com\/da\/din-festunderholdning\/underholdning-til-julefrokost\/\" \/>\n<meta property=\"og:locale\" content=\"da_DK\" \/>\n<meta property=\"og:type\" content=\"article\" \/>\n<meta property=\"og:title\" content=\"Firma Julefrokost\" \/>\n<meta property=\"og:description\" content=\"Underholdning til Julefrokost? Lej en Bartender med Cocktail Bar. Om det er 20 eller 2000 g\u00e6ster, s\u00e5 s\u00f8rger vi for en fest!\" \/>\n<meta property=\"og:url\" content=\"https:\/\/www.getbartender.com\/da\/din-festunderholdning\/underholdning-til-julefrokost\/\" \/>\n<meta property=\"og:site_name\" content=\"Get Bartender\" \/>\n<meta property=\"article:modified_time\" content=\"2021-07-26T14:13:20+00:00\" \/>\n<meta name=\"twitter:label1\" content=\"Estimeret l\u00e6setid\" \/>\n\t<meta name=\"twitter:data1\" content=\"3 minutter\" \/>\n<script type=\"application\/ld+json\" class=\"yoast-schema-graph\">{\"@context\":\"https:\\\/\\\/schema.org\",\"@graph\":[{\"@type\":\"WebPage\",\"@id\":\"https:\\\/\\\/www.getbartender.com\\\/da\\\/din-festunderholdning\\\/underholdning-til-julefrokost\\\/\",\"url\":\"https:\\\/\\\/www.getbartender.com\\\/da\\\/din-festunderholdning\\\/underholdning-til-julefrokost\\\/\",\"name\":\"Underholdning til Julefrokost? Lej en Bartender og en Jule Cocktailbar\",\"isPartOf\":{\"@id\":\"https:\\\/\\\/www.getbartender.com\\\/da\\\/#website\"},\"datePublished\":\"2014-03-18T16:22:30+00:00\",\"dateModified\":\"2021-07-26T14:13:20+00:00\",\"description\":\"Underholdning til Julefrokost? Lej en Bartender med Cocktail Bar. Om det er 20 eller 2000 g\u00e6ster, s\u00e5 s\u00f8rger vi for en fest!\",\"breadcrumb\":{\"@id\":\"https:\\\/\\\/www.getbartender.com\\\/da\\\/din-festunderholdning\\\/underholdning-til-julefrokost\\\/#breadcrumb\"},\"inLanguage\":\"da-DK\",\"potentialAction\":[{\"@type\":\"ReadAction\",\"target\":[\"https:\\\/\\\/www.getbartender.com\\\/da\\\/din-festunderholdning\\\/underholdning-til-julefrokost\\\/\"]}]},{\"@type\":\"BreadcrumbList\",\"@id\":\"https:\\\/\\\/www.getbartender.com\\\/da\\\/din-festunderholdning\\\/underholdning-til-julefrokost\\\/#breadcrumb\",\"itemListElement\":[{\"@type\":\"ListItem\",\"position\":1,\"name\":\"Bestil en pakkel\u00f8sning til din fest\",\"item\":\"https:\\\/\\\/www.getbartender.com\\\/da\\\/din-festunderholdning\\\/\"},{\"@type\":\"ListItem\",\"position\":2,\"name\":\"Firma Julefrokost\"}]},{\"@type\":\"WebSite\",\"@id\":\"https:\\\/\\\/www.getbartender.com\\\/da\\\/#website\",\"url\":\"https:\\\/\\\/www.getbartender.com\\\/da\\\/\",\"name\":\"Get Bartender\",\"description\":\"Hvis du har g\u00e6sten, s\u00e5 har vi festen!\",\"potentialAction\":[{\"@type\":\"SearchAction\",\"target\":{\"@type\":\"EntryPoint\",\"urlTemplate\":\"https:\\\/\\\/www.getbartender.com\\\/da\\\/?s={search_term_string}\"},\"query-input\":{\"@type\":\"PropertyValueSpecification\",\"valueRequired\":true,\"valueName\":\"search_term_string\"}}],\"inLanguage\":\"da-DK\"}]}<\/script>\n<!-- \/ Yoast SEO Premium plugin. -->","yoast_head_json":{"title":"Underholdning til Julefrokost? Lej en Bartender og en Jule Cocktailbar","description":"Underholdning til Julefrokost? Lej en Bartender med Cocktail Bar. Om det er 20 eller 2000 g\u00e6ster, s\u00e5 s\u00f8rger vi for en fest!","robots":{"index":"index","follow":"follow","max-snippet":"max-snippet:-1","max-image-preview":"max-image-preview:large","max-video-preview":"max-video-preview:-1"},"canonical":"https:\/\/www.getbartender.com\/da\/din-festunderholdning\/underholdning-til-julefrokost\/","og_locale":"da_DK","og_type":"article","og_title":"Firma Julefrokost","og_description":"Underholdning til Julefrokost? Lej en Bartender med Cocktail Bar. Om det er 20 eller 2000 g\u00e6ster, s\u00e5 s\u00f8rger vi for en fest!","og_url":"https:\/\/www.getbartender.com\/da\/din-festunderholdning\/underholdning-til-julefrokost\/","og_site_name":"Get Bartender","article_modified_time":"2021-07-26T14:13:20+00:00","twitter_misc":{"Estimeret l\u00e6setid":"3 minutter"},"schema":{"@context":"https:\/\/schema.org","@graph":[{"@type":"WebPage","@id":"https:\/\/www.getbartender.com\/da\/din-festunderholdning\/underholdning-til-julefrokost\/","url":"https:\/\/www.getbartender.com\/da\/din-festunderholdning\/underholdning-til-julefrokost\/","name":"Underholdning til Julefrokost? Lej en Bartender og en Jule Cocktailbar","isPartOf":{"@id":"https:\/\/www.getbartender.com\/da\/#website"},"datePublished":"2014-03-18T16:22:30+00:00","dateModified":"2021-07-26T14:13:20+00:00","description":"Underholdning til Julefrokost? Lej en Bartender med Cocktail Bar. Om det er 20 eller 2000 g\u00e6ster, s\u00e5 s\u00f8rger vi for en fest!","breadcrumb":{"@id":"https:\/\/www.getbartender.com\/da\/din-festunderholdning\/underholdning-til-julefrokost\/#breadcrumb"},"inLanguage":"da-DK","potentialAction":[{"@type":"ReadAction","target":["https:\/\/www.getbartender.com\/da\/din-festunderholdning\/underholdning-til-julefrokost\/"]}]},{"@type":"BreadcrumbList","@id":"https:\/\/www.getbartender.com\/da\/din-festunderholdning\/underholdning-til-julefrokost\/#breadcrumb","itemListElement":[{"@type":"ListItem","position":1,"name":"Bestil en pakkel\u00f8sning til din fest","item":"https:\/\/www.getbartender.com\/da\/din-festunderholdning\/"},{"@type":"ListItem","position":2,"name":"Firma Julefrokost"}]},{"@type":"WebSite","@id":"https:\/\/www.getbartender.com\/da\/#website","url":"https:\/\/www.getbartender.com\/da\/","name":"Get Bartender","description":"Hvis du har g\u00e6sten, s\u00e5 har vi festen!","potentialAction":[{"@type":"SearchAction","target":{"@type":"EntryPoint","urlTemplate":"https:\/\/www.getbartender.com\/da\/?s={search_term_string}"},"query-input":{"@type":"PropertyValueSpecification","valueRequired":true,"valueName":"search_term_string"}}],"inLanguage":"da-DK"}]}},"_links":{"self":[{"href":"https:\/\/www.getbartender.com\/da\/wp-json\/wp\/v2\/pages\/1501","targetHints":{"allow":["GET"]}}],"collection":[{"href":"https:\/\/www.getbartender.com\/da\/wp-json\/wp\/v2\/pages"}],"about":[{"href":"https:\/\/www.getbartender.com\/da\/wp-json\/wp\/v2\/types\/page"}],"author":[{"embeddable":true,"href":"https:\/\/www.getbartender.com\/da\/wp-json\/wp\/v2\/users\/1"}],"replies":[{"embeddable":true,"href":"https:\/\/www.getbartender.com\/da\/wp-json\/wp\/v2\/comments?post=1501"}],"version-history":[{"count":20,"href":"https:\/\/www.getbartender.com\/da\/wp-json\/wp\/v2\/pages\/1501\/revisions"}],"predecessor-version":[{"id":14601,"href":"https:\/\/www.getbartender.com\/da\/wp-json\/wp\/v2\/pages\/1501\/revisions\/14601"}],"up":[{"embeddable":true,"href":"https:\/\/www.getbartender.com\/da\/wp-json\/wp\/v2\/pages\/1020"}],"wp:attachment":[{"href":"https:\/\/www.getbartender.com\/da\/wp-json\/wp\/v2\/media?parent=1501"}],"curies":[{"name":"wp","href":"https:\/\/api.w.org\/{rel}","templated":true}]}}