{"id":1220,"date":"2014-02-25T12:37:47","date_gmt":"2014-02-25T12:37:47","guid":{"rendered":"http:\/\/getbartender.com\/?page_id=1220"},"modified":"2021-07-20T16:39:47","modified_gmt":"2021-07-20T14:39:47","slug":"underholdning-til-firmafest","status":"publish","type":"page","link":"https:\/\/www.getbartender.com\/da\/din-festunderholdning\/underholdning-til-firmafest\/","title":{"rendered":"Underholdning til Firmafest"},"content":{"rendered":"\n<!-- Heading -->\n Top feststemning\n  <h4>HVORFOR BESTILLE FIRMAFEST HOS OS?<\/h4>\n  <hr>\n  <p>Vi s\u00f8rger h\u00f8jt hum\u00f8r, geniale cocktails og at alt andet omkring festen spiller<\/p>\n<article>\n    <h5>En oplevelse for alle ansatte<\/h5>\n    \n    <hr>\n    <p>Den bedste underholdning til firmafest. Vi g\u00f8r jeres firmafest til en&nbsp; oplevelse, hvor vi inddrager alle. Vi byder p\u00e5 de l\u00e6kreste drinks i baren. Alle drinks kan f\u00e5es b\u00e5de med og uden alkohol. S\u00e5 selvom man ikke drikker, s\u00e5 kan man sagtens komme op i baren og f\u00e5 gode cocktails. Drinks er hos os ikke bare drinks, men en gastronomisk oplevelse.&nbsp;<\/p>\n<\/article><!-- SERVICES -->\n<article>\n    <h5>Skr\u00e6ddersyet pakkel\u00f8sning<\/h5>\n    \n    <hr>\n    <p>Vi kan st\u00e5 for det hele! Vi giver jer gerne en samlet pakke, som passer til jeres behov og \u00f8nsker. Leje af telt, DJ, fad\u00f8l, tapas. Vi kan det hele via vores seje samarbejdspartnere. Du f\u00e5r naturligvis en samlet faktura med rabat p\u00e5 totall\u00f8sningen.&nbsp;<\/p>\n<\/article><!-- SERVICES -->\n<article>\n    <h5>Tryghed<\/h5>\n    \n    <hr>\n    <p>Vi har de bedste referencer fra tidligere firmafester, julefrokoster, receptioner, firmafester, fredagsbarer, sommerfester, m.fl. Et udpluk af vores referencer er: Airbnb, Bestseller, Topdanmark, Arbejdsskadestyrelsen, LEGO, HP, SKAT, Danske Bank osv.<\/p>\n<\/article><article>\n    <h5> En fest, som passer til budgettet<\/h5>\n    \n    <hr>\n    <p>Vi har altid JA-hatten p\u00e5, og vi vil g\u00e5 langt for at give jer den bedste fest. Vi vil selvf\u00f8lgelig helst benytte vores store festpakke, som inkluderer en masse ekstra oplevelser, men hvis det er over dit budget, s\u00e5 finder vi en l\u00f8sning p\u00e5 det.<\/p>\n<\/article><!-- SERVICES -->\n<article>\n    <h5>Cocktails som passer til jeres firmafest<\/h5>\n    \n    <hr>\n    <p>Vi designede eksempelvis et julecocktailkort til Danske Banks julefrokost, som blev et stort hit blandt de ansatte. De forskellige cocktails med navne s\u00e5som Julekuren, Pyrus hemmelige v\u00e5ben og Drillenissen var et rigtig sjovt indslag, som kun gjorde festen mere unik.<\/p>\n<\/article><!-- SERVICES -->\n<article>\n    <h5>DK&#8217;s bedste bartendere<\/h5>\n    \n    <hr>\n    <p>Vores bartendere er blandt Danmarks bedste inden for cocktails. Vi serverer ikke bare drinks, men giver dig og dine g\u00e6ster en oplevelse. Vores situationsfornemmelse og service niveau er is\u00e6r vores styrker. Vi ved hvordan vi skal agere til jeres arrangement, og tilpasser os stemningen. Det g\u00f8r, at vi mener, at vi er den bedste underholdning til firmafest.<\/p>\n<\/article><!-- SERVICES -->\n    <!-- Mon-Fri 9AM-5PM -->\n        <form>\n            \u00d8nsker du et gratis og uforpligtende tilbud p\u00e5 din firmafest?            \n            <a href=\"\/da\/kontakt\/\">F\u00c5 TILBUD NU<\/a>\n        <\/form>\n        <p>F\u00e5 et gratis tilbud. Du er ikke forpligtet til at hyre os. Alle sp\u00f8rgsm\u00e5l er velkomne, og vi h\u00e5ber, at vi kan hj\u00e6lpe dig!<\/p>\n    <!-- \n          +44 (79) 9087 7551  contact@getbartender.com\n     -->\n<!-- Heading -->\n  <h4>HVORFOR V\u00c6LGE OS?<\/h4>\n  <hr>\n  \n<article>\n    <h5>St\u00f8rrelsen er underodnet<\/h5>\n    \n    <hr>\n    <p>Uanset hvor mange i er, s\u00e5 f\u00e5r i en unik og festlig oplevelse. Vi har f\u00f8r stablet events p\u00e5 benene for alt fra fem medarbejdere i en lille afdeling til flere 1000 mennesker i en st\u00f8rre virksomhed.<\/p>\n<\/article><article>\n    <h5>Innovative eventl\u00f8sninger<\/h5>\n    \n    <hr>\n    <p>Vi id\u00e9udvikler sammen med jer og kommer med forslag, som passer til jeres virksomhed. Det hele afh\u00e6nger selvf\u00f8lgelig af jeres \u00f8nske for eventet. \u00d8nsker i at overraske jeres medarbejdere med en anderledes og unik oplevelse, hvor de f\u00e5r sig en wauw oplevelse? S\u00e5 s\u00f8rger vi for det.<\/p>\n<\/article><article>\n    <h5>Firmafest efter jeres behov<\/h5>\n    \n    <hr>\n    <p>Vi elsker at lave personlige oplevelser. Vi kan for eksempel navngive cocktails ud fra jeres historie, lave en ny cocktail til jeres virksomhed eller pynte op i jeres farver. Der er mange m\u00e5de at g\u00f8re det p\u00e5. Events er unikke oplevelse, s\u00e5 hvorfor ikke tage udgangspunkt i dette.<\/p>\n<\/article><!-- Heading -->\n  <h4>UDDRAG AF VORES REFENCER:<\/h4>\n  <hr>\n  \n<!-- CLIENTS -->\n  <ul>\n  \t    <li><a href=\"\"><img decoding=\"async\" src=\"https:\/\/www.getbartender.com\/wp-content\/uploads\/2021\/07\/ernst-young-ey-logo-black-and-white-e1626789957938.png\" alt=\"EY\"> <\/a><\/li>\n\t    <li><a href=\"\"><img decoding=\"async\" src=\"https:\/\/www.getbartender.com\/wp-content\/uploads\/2020\/11\/logo-w-150x138.jpg\" alt=\"Roundtable\"> <\/a><\/li>\n\t    <li><a href=\"\"><img decoding=\"async\" src=\"https:\/\/www.getbartender.com\/wp-content\/uploads\/2021\/07\/lego_PNG28-700x374.png\" alt=\"LEGO\"> <\/a><\/li>\n\t    <li><a href=\"\"><img decoding=\"async\" src=\"https:\/\/www.getbartender.com\/wp-content\/uploads\/2021\/07\/zendesk-logo.jpg\" alt=\"Zendesk\"> <\/a><\/li>\n\t    <li><a href=\"\"><img decoding=\"async\" src=\"https:\/\/www.getbartender.com\/wp-content\/uploads\/2021\/07\/microsoft-logo-black-and-white-1.png\" alt=\"Microsoft\"> <\/a><\/li>\n\t    <li><a href=\"\"><img decoding=\"async\" src=\"https:\/\/www.getbartender.com\/wp-content\/uploads\/2021\/07\/hewlett-packard-logo-black-and-white.png\" alt=\"HP\"> <\/a><\/li>\n\t    <li><a href=\"\"><img decoding=\"async\" src=\"https:\/\/www.getbartender.com\/wp-content\/uploads\/2018\/04\/pwc.jpg\" alt=\"PricewaterhouseCoopers\"> <\/a><\/li>\n\t    <li><a href=\"\"><img decoding=\"async\" src=\"https:\/\/www.getbartender.com\/wp-content\/uploads\/2018\/04\/novo-nordisk.jpg\" alt=\"Novo nordisk\"> <\/a><\/li>\n\t    <li><a href=\"\"><img decoding=\"async\" src=\"https:\/\/www.getbartender.com\/wp-content\/uploads\/2018\/04\/adform.jpg\" alt=\"Adform\"> <\/a><\/li>\n\t    <li><a href=\"\"><img decoding=\"async\" src=\"https:\/\/www.getbartender.com\/wp-content\/uploads\/2018\/04\/operate.jpg\" alt=\"Operate technology\"> <\/a><\/li>\n\t    <li><a href=\"\"><img decoding=\"async\" src=\"https:\/\/www.getbartender.com\/wp-content\/uploads\/2018\/04\/lloyds-bank.jpg\" alt=\"LLOYDS bank\"> <\/a><\/li>\n\t    <li><a href=\"\"><img decoding=\"async\" src=\"https:\/\/www.getbartender.com\/wp-content\/uploads\/2018\/04\/airbnb.jpg\" alt=\"Airbnb\"> <\/a><\/li>\n\t    <li><a href=\"\"><img decoding=\"async\" src=\"https:\/\/www.getbartender.com\/wp-content\/uploads\/2018\/04\/depeche.jpg\" alt=\"Depeche\"> <\/a><\/li>\n\t    <li><a href=\"\"><img decoding=\"async\" src=\"https:\/\/www.getbartender.com\/wp-content\/uploads\/2018\/04\/white-away.jpg\" alt=\"WhiteAway\"> <\/a><\/li>\n\t    <li><a href=\"\"><img decoding=\"async\" src=\"https:\/\/www.getbartender.com\/wp-content\/uploads\/2018\/04\/bestseller.jpg\" alt=\"Bestseller\"> <\/a><\/li>\n\t    <li><a href=\"\"><img decoding=\"async\" src=\"https:\/\/www.getbartender.com\/wp-content\/uploads\/2018\/12\/novozymes.png\" alt=\"Novozymes\"> <\/a><\/li>\n\t    <li><a href=\"\"><img decoding=\"async\" src=\"https:\/\/www.getbartender.com\/wp-content\/uploads\/2021\/07\/mcdonalds-black-logo.png\" alt=\"McDonalds\"> <\/a><\/li>\n\t    <li><a href=\"\"><img decoding=\"async\" src=\"https:\/\/www.getbartender.com\/wp-content\/uploads\/2021\/07\/2463100_logo_large.jpg\" alt=\"Erhvervsstyrelsen\"> <\/a><\/li>\n\t  <\/ul>\n","protected":false},"excerpt":{"rendered":"Top feststemning HVORFOR BESTILLE FIRMAFEST HOS OS? Vi s\u00f8rger h\u00f8jt hum\u00f8r, geniale cocktails og at alt andet omkring festen spiller En oplevelse for alle ansatte Den bedste underholdning til firmafest. Vi g\u00f8r jeres firmafest til en&nbsp; oplevelse, hvor vi inddrager alle. Vi byder p\u00e5 de l\u00e6kreste drinks i baren. Alle drinks kan f\u00e5es b\u00e5de med&#8230; <a class=\"view-article\" href=\"https:\/\/www.getbartender.com\/da\/din-festunderholdning\/underholdning-til-firmafest\/\">View Article<\/a>","protected":false},"author":1,"featured_media":14496,"parent":1020,"menu_order":22,"comment_status":"closed","ping_status":"closed","template":"","meta":{"_acf_changed":false,"footnotes":""},"class_list":["post-1220","page","type-page","status-publish","has-post-thumbnail","hentry"],"acf":[],"yoast_head":"<!-- This site is optimized with the Yoast SEO Premium plugin v23.4 (Yoast SEO v27.5) - https:\/\/yoast.com\/product\/yoast-seo-premium-wordpress\/ -->\n<title>Bedste Underholdning til Firmafest? Lej en Bartender!<\/title>\n<meta name=\"description\" content=\"Den Bedste underholdning til firmafest? Vi skr\u00e6ddersyer en l\u00f8sning til jer. Gode cocktails, seje bartendere og en genial fest. Sk\u00e5l!\" \/>\n<meta name=\"robots\" content=\"index, follow, max-snippet:-1, max-image-preview:large, max-video-preview:-1\" \/>\n<link rel=\"canonical\" href=\"https:\/\/www.getbartender.com\/da\/din-festunderholdning\/underholdning-til-firmafest\/\" \/>\n<meta property=\"og:locale\" content=\"da_DK\" \/>\n<meta property=\"og:type\" content=\"article\" \/>\n<meta property=\"og:title\" content=\"Underholdning til Firmafest\" \/>\n<meta property=\"og:description\" content=\"Den Bedste underholdning til firmafest? Vi skr\u00e6ddersyer en l\u00f8sning til jer. Gode cocktails, seje bartendere og en genial fest. Sk\u00e5l!\" \/>\n<meta property=\"og:url\" content=\"https:\/\/www.getbartender.com\/da\/din-festunderholdning\/underholdning-til-firmafest\/\" \/>\n<meta property=\"og:site_name\" content=\"Get Bartender\" \/>\n<meta property=\"article:modified_time\" content=\"2021-07-20T14:39:47+00:00\" \/>\n<meta property=\"og:image\" content=\"https:\/\/www.getbartender.com\/wp-content\/uploads\/2021\/07\/A021_04031642_S044-scaled.jpg\" \/>\n\t<meta property=\"og:image:width\" content=\"1752\" \/>\n\t<meta property=\"og:image:height\" content=\"924\" \/>\n\t<meta property=\"og:image:type\" content=\"image\/jpeg\" \/>\n<meta name=\"twitter:label1\" content=\"Estimeret l\u00e6setid\" \/>\n\t<meta name=\"twitter:data1\" content=\"6 minutter\" \/>\n<script type=\"application\/ld+json\" class=\"yoast-schema-graph\">{\"@context\":\"https:\\\/\\\/schema.org\",\"@graph\":[{\"@type\":\"WebPage\",\"@id\":\"https:\\\/\\\/www.getbartender.com\\\/da\\\/din-festunderholdning\\\/underholdning-til-firmafest\\\/\",\"url\":\"https:\\\/\\\/www.getbartender.com\\\/da\\\/din-festunderholdning\\\/underholdning-til-firmafest\\\/\",\"name\":\"Bedste Underholdning til Firmafest? Lej en Bartender!\",\"isPartOf\":{\"@id\":\"https:\\\/\\\/www.getbartender.com\\\/da\\\/#website\"},\"primaryImageOfPage\":{\"@id\":\"https:\\\/\\\/www.getbartender.com\\\/da\\\/din-festunderholdning\\\/underholdning-til-firmafest\\\/#primaryimage\"},\"image\":{\"@id\":\"https:\\\/\\\/www.getbartender.com\\\/da\\\/din-festunderholdning\\\/underholdning-til-firmafest\\\/#primaryimage\"},\"thumbnailUrl\":\"https:\\\/\\\/www.getbartender.com\\\/wp-content\\\/uploads\\\/2021\\\/07\\\/A021_04031642_S044-scaled.jpg\",\"datePublished\":\"2014-02-25T12:37:47+00:00\",\"dateModified\":\"2021-07-20T14:39:47+00:00\",\"description\":\"Den Bedste underholdning til firmafest? Vi skr\u00e6ddersyer en l\u00f8sning til jer. Gode cocktails, seje bartendere og en genial fest. Sk\u00e5l!\",\"breadcrumb\":{\"@id\":\"https:\\\/\\\/www.getbartender.com\\\/da\\\/din-festunderholdning\\\/underholdning-til-firmafest\\\/#breadcrumb\"},\"inLanguage\":\"da-DK\",\"potentialAction\":[{\"@type\":\"ReadAction\",\"target\":[\"https:\\\/\\\/www.getbartender.com\\\/da\\\/din-festunderholdning\\\/underholdning-til-firmafest\\\/\"]}]},{\"@type\":\"ImageObject\",\"inLanguage\":\"da-DK\",\"@id\":\"https:\\\/\\\/www.getbartender.com\\\/da\\\/din-festunderholdning\\\/underholdning-til-firmafest\\\/#primaryimage\",\"url\":\"https:\\\/\\\/www.getbartender.com\\\/wp-content\\\/uploads\\\/2021\\\/07\\\/A021_04031642_S044-scaled.jpg\",\"contentUrl\":\"https:\\\/\\\/www.getbartender.com\\\/wp-content\\\/uploads\\\/2021\\\/07\\\/A021_04031642_S044-scaled.jpg\",\"width\":1752,\"height\":924,\"caption\":\"FIRMAFEST - Underholdning til firmafest\"},{\"@type\":\"BreadcrumbList\",\"@id\":\"https:\\\/\\\/www.getbartender.com\\\/da\\\/din-festunderholdning\\\/underholdning-til-firmafest\\\/#breadcrumb\",\"itemListElement\":[{\"@type\":\"ListItem\",\"position\":1,\"name\":\"Bestil en pakkel\u00f8sning til din fest\",\"item\":\"https:\\\/\\\/www.getbartender.com\\\/da\\\/din-festunderholdning\\\/\"},{\"@type\":\"ListItem\",\"position\":2,\"name\":\"Underholdning til Firmafest\"}]},{\"@type\":\"WebSite\",\"@id\":\"https:\\\/\\\/www.getbartender.com\\\/da\\\/#website\",\"url\":\"https:\\\/\\\/www.getbartender.com\\\/da\\\/\",\"name\":\"Get Bartender\",\"description\":\"Hvis du har g\u00e6sten, s\u00e5 har vi festen!\",\"potentialAction\":[{\"@type\":\"SearchAction\",\"target\":{\"@type\":\"EntryPoint\",\"urlTemplate\":\"https:\\\/\\\/www.getbartender.com\\\/da\\\/?s={search_term_string}\"},\"query-input\":{\"@type\":\"PropertyValueSpecification\",\"valueRequired\":true,\"valueName\":\"search_term_string\"}}],\"inLanguage\":\"da-DK\"}]}<\/script>\n<!-- \/ Yoast SEO Premium plugin. -->","yoast_head_json":{"title":"Bedste Underholdning til Firmafest? Lej en Bartender!","description":"Den Bedste underholdning til firmafest? Vi skr\u00e6ddersyer en l\u00f8sning til jer. Gode cocktails, seje bartendere og en genial fest. Sk\u00e5l!","robots":{"index":"index","follow":"follow","max-snippet":"max-snippet:-1","max-image-preview":"max-image-preview:large","max-video-preview":"max-video-preview:-1"},"canonical":"https:\/\/www.getbartender.com\/da\/din-festunderholdning\/underholdning-til-firmafest\/","og_locale":"da_DK","og_type":"article","og_title":"Underholdning til Firmafest","og_description":"Den Bedste underholdning til firmafest? Vi skr\u00e6ddersyer en l\u00f8sning til jer. Gode cocktails, seje bartendere og en genial fest. Sk\u00e5l!","og_url":"https:\/\/www.getbartender.com\/da\/din-festunderholdning\/underholdning-til-firmafest\/","og_site_name":"Get Bartender","article_modified_time":"2021-07-20T14:39:47+00:00","og_image":[{"width":1752,"height":924,"url":"https:\/\/www.getbartender.com\/wp-content\/uploads\/2021\/07\/A021_04031642_S044-scaled.jpg","type":"image\/jpeg"}],"twitter_misc":{"Estimeret l\u00e6setid":"6 minutter"},"schema":{"@context":"https:\/\/schema.org","@graph":[{"@type":"WebPage","@id":"https:\/\/www.getbartender.com\/da\/din-festunderholdning\/underholdning-til-firmafest\/","url":"https:\/\/www.getbartender.com\/da\/din-festunderholdning\/underholdning-til-firmafest\/","name":"Bedste Underholdning til Firmafest? Lej en Bartender!","isPartOf":{"@id":"https:\/\/www.getbartender.com\/da\/#website"},"primaryImageOfPage":{"@id":"https:\/\/www.getbartender.com\/da\/din-festunderholdning\/underholdning-til-firmafest\/#primaryimage"},"image":{"@id":"https:\/\/www.getbartender.com\/da\/din-festunderholdning\/underholdning-til-firmafest\/#primaryimage"},"thumbnailUrl":"https:\/\/www.getbartender.com\/wp-content\/uploads\/2021\/07\/A021_04031642_S044-scaled.jpg","datePublished":"2014-02-25T12:37:47+00:00","dateModified":"2021-07-20T14:39:47+00:00","description":"Den Bedste underholdning til firmafest? Vi skr\u00e6ddersyer en l\u00f8sning til jer. Gode cocktails, seje bartendere og en genial fest. Sk\u00e5l!","breadcrumb":{"@id":"https:\/\/www.getbartender.com\/da\/din-festunderholdning\/underholdning-til-firmafest\/#breadcrumb"},"inLanguage":"da-DK","potentialAction":[{"@type":"ReadAction","target":["https:\/\/www.getbartender.com\/da\/din-festunderholdning\/underholdning-til-firmafest\/"]}]},{"@type":"ImageObject","inLanguage":"da-DK","@id":"https:\/\/www.getbartender.com\/da\/din-festunderholdning\/underholdning-til-firmafest\/#primaryimage","url":"https:\/\/www.getbartender.com\/wp-content\/uploads\/2021\/07\/A021_04031642_S044-scaled.jpg","contentUrl":"https:\/\/www.getbartender.com\/wp-content\/uploads\/2021\/07\/A021_04031642_S044-scaled.jpg","width":1752,"height":924,"caption":"FIRMAFEST - Underholdning til firmafest"},{"@type":"BreadcrumbList","@id":"https:\/\/www.getbartender.com\/da\/din-festunderholdning\/underholdning-til-firmafest\/#breadcrumb","itemListElement":[{"@type":"ListItem","position":1,"name":"Bestil en pakkel\u00f8sning til din fest","item":"https:\/\/www.getbartender.com\/da\/din-festunderholdning\/"},{"@type":"ListItem","position":2,"name":"Underholdning til Firmafest"}]},{"@type":"WebSite","@id":"https:\/\/www.getbartender.com\/da\/#website","url":"https:\/\/www.getbartender.com\/da\/","name":"Get Bartender","description":"Hvis du har g\u00e6sten, s\u00e5 har vi festen!","potentialAction":[{"@type":"SearchAction","target":{"@type":"EntryPoint","urlTemplate":"https:\/\/www.getbartender.com\/da\/?s={search_term_string}"},"query-input":{"@type":"PropertyValueSpecification","valueRequired":true,"valueName":"search_term_string"}}],"inLanguage":"da-DK"}]}},"_links":{"self":[{"href":"https:\/\/www.getbartender.com\/da\/wp-json\/wp\/v2\/pages\/1220","targetHints":{"allow":["GET"]}}],"collection":[{"href":"https:\/\/www.getbartender.com\/da\/wp-json\/wp\/v2\/pages"}],"about":[{"href":"https:\/\/www.getbartender.com\/da\/wp-json\/wp\/v2\/types\/page"}],"author":[{"embeddable":true,"href":"https:\/\/www.getbartender.com\/da\/wp-json\/wp\/v2\/users\/1"}],"replies":[{"embeddable":true,"href":"https:\/\/www.getbartender.com\/da\/wp-json\/wp\/v2\/comments?post=1220"}],"version-history":[{"count":47,"href":"https:\/\/www.getbartender.com\/da\/wp-json\/wp\/v2\/pages\/1220\/revisions"}],"predecessor-version":[{"id":14543,"href":"https:\/\/www.getbartender.com\/da\/wp-json\/wp\/v2\/pages\/1220\/revisions\/14543"}],"up":[{"embeddable":true,"href":"https:\/\/www.getbartender.com\/da\/wp-json\/wp\/v2\/pages\/1020"}],"wp:featuredmedia":[{"embeddable":true,"href":"https:\/\/www.getbartender.com\/da\/wp-json\/wp\/v2\/media\/14496"}],"wp:attachment":[{"href":"https:\/\/www.getbartender.com\/da\/wp-json\/wp\/v2\/media?parent=1220"}],"curies":[{"name":"wp","href":"https:\/\/api.w.org\/{rel}","templated":true}]}}