{"id":11310,"date":"2020-01-25T10:53:29","date_gmt":"2020-01-25T10:53:29","guid":{"rendered":"https:\/\/getbartender.artevio.com\/?page_id=11310"},"modified":"2025-02-25T17:56:32","modified_gmt":"2025-02-25T16:56:32","slug":"cocktails-med-print","status":"publish","type":"page","link":"https:\/\/www.getbartender.com\/da\/cocktails-med-print\/","title":{"rendered":"Cocktails med Print"},"content":{"rendered":"\n<!-- Heading -->\n  <h4>Cocktails med print g\u00f8r din fest magisk<\/h4>\n  <hr>\n  <p>Nu til dags skal drinks ikke bare h\u00e6ldes indenbords. De skal give en oplevelse. Det g\u00f8r vores cocktails med print. De giver den der wauw effekt, som et event skal indeholde. Du kan f\u00e5 dit helt eget logo eller billede p\u00e5.<\/p>\n\t\t\t\t<img loading=\"lazy\" decoding=\"async\" src=\"https:\/\/www.getbartender.com\/wp-content\/uploads\/2022\/11\/IMG_1640-scaled.jpg\" alt=\"Cocktails med print - Cocktails med logo p\u00e5 - Cocktails med billede p\u00e5 - Drinks med print p\u00e5 -Grafitti Cocktails\" itemprop=\"image\" height=\"2560\" width=\"1920\" title=\"Cocktails med print - Cocktails med logo p\u00e5 - Cocktails med billede p\u00e5 - Drinks med print p\u00e5 -Grafitti Cocktails\" onerror=\"this.style.display='none'\">\n\t\t\t\t<img decoding=\"async\" src=\"https:\/\/www.getbartender.com\/wp-content\/plugins\/bb-plugin\/img\/pixel.png\" alt=\"\" itemprop=\"image\" onerror=\"this.style.display='none'\">\n<h2>\n\t\tHvorfor skal du bestille Cocktails med Print?\n\t<\/h2>\n    \t<ol><li>Disse cocktails skaber en unik wauw oplevelse hos g\u00e6sterne. Det kan vi se hos utallige af vores kunder. Uanset arrangementet s\u00e5 stopper g\u00e6sterne op og beundrer vores drinks. Det ender altid i adskillige billeder og komplimenter.&nbsp;<\/li><li>Vi kan servere cocktails med et billede af jeres direkt\u00f8r,&nbsp;en speciel medarbejder, et billede, som lige er taget. S\u00e6t en Photobooth p\u00e5 selve eventet og brug aftenens&nbsp;billeder p\u00e5 disse cocktails. Du kan ogs\u00e5 skrive tekst. En speciel s\u00e6tning som hylder aftenen eller et udtryk, som kendetegner virksomheden\/brudeparret\/f\u00f8dselaren osv.&nbsp;Man kan selvf\u00f8lgelig ogs\u00e5 bare f\u00e5 sit logo p\u00e5.<\/li><li><p>Vi kan nu lave printede cocktails med grafitti, print, logo og billede ovenp\u00e5 skummet. Kort sagt: En unik cocktail oplevelse som hylder jer. Perfekt til photoboothen, instagram momentet eller som velkomstdrink.<\/p><\/li><\/ol>  \t\n    <!-- Mon-Fri 9AM-5PM -->\n        <form>\n            VIL DU HAVE ET GRATIS TILBUD  P\u00c5 Cocktails med Print?            \n            <a href=\"\/da\/kontakt\/\">Giv mig et godt tilbud!<\/a>\n        <\/form>\n        <p>Der er ingen afgift for at modtage et tilbud. Du er ikke forpligtet til at ans\u00e6tte os p\u00e5 nogen m\u00e5de. Vi hilser enhver form for kontakt velkommen og h\u00e5ber, at vi kan v\u00e6re i service!<\/p>\n    <!-- \n          +44 (79) 9087 7551  contact@getbartender.com\n     -->\n<h2>\n\t\tHvorfor skal du bestille Cocktails med Print?\n\t<\/h2>\n    \t<ol><li>Det skal v\u00e6re cocktails med skum. Dette skum er bedst lavet med \u00e6ggehvide. Cocktails som ofte v\u00e6lges er: Gin Fizz, Whisky Sour, French 75, Clover Club osv.<\/li><li>Vi kan i s\u00e6r godt lide, n\u00e5r cocktailens farve passer med logoets. Det giver den bedste oplevelse. Hvis man er i tvivl, s\u00e5 er Gin Fizz altid et sikkert hit, da man s\u00e5 f\u00e5r et helt neutralt hvidt skum.<\/li><li>Man kan ogs\u00e5 lave dette skum p\u00e5 cocktails, som normalt ikke har \u00e6ggehvide. Espresso Martini, Passion Martini eller Lillet Mango Spritz eksempelvis.&nbsp;<\/li><\/ol>  \t\n\t<p>Dine g\u00e6ster vil f\u00e5 sig en wauw oplevelse, som n\u00e5r en tryllekunstner laver et trick.<\/p><!-- SERVICES -->\n<!-- SERVICES -->\n<!-- SERVICES -->\n","protected":false},"excerpt":{"rendered":"Cocktails med print g\u00f8r din fest magisk Nu til dags skal drinks ikke bare h\u00e6ldes indenbords. De skal give en oplevelse. Det g\u00f8r vores cocktails med print. De giver den der wauw effekt, som et event skal indeholde. Du kan f\u00e5 dit helt eget logo eller billede p\u00e5. Hvorfor skal du bestille Cocktails med Print?&#8230; <a class=\"view-article\" href=\"https:\/\/www.getbartender.com\/da\/cocktails-med-print\/\">View Article<\/a>","protected":false},"author":1004,"featured_media":0,"parent":0,"menu_order":16,"comment_status":"closed","ping_status":"closed","template":"","meta":{"_acf_changed":false,"footnotes":""},"class_list":["post-11310","page","type-page","status-publish","hentry"],"acf":[],"yoast_head":"<!-- This site is optimized with the Yoast SEO Premium plugin v23.4 (Yoast SEO v27.5) - https:\/\/yoast.com\/product\/yoast-seo-premium-wordpress\/ -->\n<title>Cocktails med Print? F\u00e5 Cocktails med dit billede eller logo p\u00e5!<\/title>\n<meta name=\"description\" content=\"Den vildeste cocktail oplevelse? S\u00e5 skal du pr\u00f8ve vores Cocktails med Print. F\u00e5 et billede eller logo printet p\u00e5 skummet p\u00e5 cocktailen.\" \/>\n<meta name=\"robots\" content=\"index, follow, max-snippet:-1, max-image-preview:large, max-video-preview:-1\" \/>\n<link rel=\"canonical\" href=\"https:\/\/www.getbartender.com\/da\/cocktails-med-print\/\" \/>\n<meta property=\"og:locale\" content=\"da_DK\" \/>\n<meta property=\"og:type\" content=\"article\" \/>\n<meta property=\"og:title\" content=\"Cocktails med Print\" \/>\n<meta property=\"og:description\" content=\"Den vildeste cocktail oplevelse? S\u00e5 skal du pr\u00f8ve vores Cocktails med Print. F\u00e5 et billede eller logo printet p\u00e5 skummet p\u00e5 cocktailen.\" \/>\n<meta property=\"og:url\" content=\"https:\/\/www.getbartender.com\/da\/cocktails-med-print\/\" \/>\n<meta property=\"og:site_name\" content=\"Get Bartender\" \/>\n<meta property=\"article:modified_time\" content=\"2025-02-25T16:56:32+00:00\" \/>\n<meta property=\"og:image\" content=\"https:\/\/www.getbartender.com\/wp-content\/uploads\/2022\/11\/IMG_1640-scaled.jpg\" \/>\n<meta name=\"twitter:label1\" content=\"Estimeret l\u00e6setid\" \/>\n\t<meta name=\"twitter:data1\" content=\"3 minutter\" \/>\n<script type=\"application\/ld+json\" class=\"yoast-schema-graph\">{\"@context\":\"https:\\\/\\\/schema.org\",\"@graph\":[{\"@type\":\"WebPage\",\"@id\":\"https:\\\/\\\/www.getbartender.com\\\/da\\\/cocktails-med-print\\\/\",\"url\":\"https:\\\/\\\/www.getbartender.com\\\/da\\\/cocktails-med-print\\\/\",\"name\":\"Cocktails med Print? F\u00e5 Cocktails med dit billede eller logo p\u00e5!\",\"isPartOf\":{\"@id\":\"https:\\\/\\\/www.getbartender.com\\\/da\\\/#website\"},\"primaryImageOfPage\":{\"@id\":\"https:\\\/\\\/www.getbartender.com\\\/da\\\/cocktails-med-print\\\/#primaryimage\"},\"image\":{\"@id\":\"https:\\\/\\\/www.getbartender.com\\\/da\\\/cocktails-med-print\\\/#primaryimage\"},\"thumbnailUrl\":\"https:\\\/\\\/www.getbartender.com\\\/wp-content\\\/uploads\\\/2022\\\/11\\\/IMG_1640-scaled.jpg\",\"datePublished\":\"2020-01-25T10:53:29+00:00\",\"dateModified\":\"2025-02-25T16:56:32+00:00\",\"description\":\"Den vildeste cocktail oplevelse? S\u00e5 skal du pr\u00f8ve vores Cocktails med Print. F\u00e5 et billede eller logo printet p\u00e5 skummet p\u00e5 cocktailen.\",\"inLanguage\":\"da-DK\",\"potentialAction\":[{\"@type\":\"ReadAction\",\"target\":[\"https:\\\/\\\/www.getbartender.com\\\/da\\\/cocktails-med-print\\\/\"]}]},{\"@type\":\"ImageObject\",\"inLanguage\":\"da-DK\",\"@id\":\"https:\\\/\\\/www.getbartender.com\\\/da\\\/cocktails-med-print\\\/#primaryimage\",\"url\":\"https:\\\/\\\/www.getbartender.com\\\/wp-content\\\/uploads\\\/2022\\\/11\\\/IMG_1640-scaled.jpg\",\"contentUrl\":\"https:\\\/\\\/www.getbartender.com\\\/wp-content\\\/uploads\\\/2022\\\/11\\\/IMG_1640-scaled.jpg\"},{\"@type\":\"WebSite\",\"@id\":\"https:\\\/\\\/www.getbartender.com\\\/da\\\/#website\",\"url\":\"https:\\\/\\\/www.getbartender.com\\\/da\\\/\",\"name\":\"Get Bartender\",\"description\":\"Hvis du har g\u00e6sten, s\u00e5 har vi festen!\",\"potentialAction\":[{\"@type\":\"SearchAction\",\"target\":{\"@type\":\"EntryPoint\",\"urlTemplate\":\"https:\\\/\\\/www.getbartender.com\\\/da\\\/?s={search_term_string}\"},\"query-input\":{\"@type\":\"PropertyValueSpecification\",\"valueRequired\":true,\"valueName\":\"search_term_string\"}}],\"inLanguage\":\"da-DK\"}]}<\/script>\n<!-- \/ Yoast SEO Premium plugin. -->","yoast_head_json":{"title":"Cocktails med Print? F\u00e5 Cocktails med dit billede eller logo p\u00e5!","description":"Den vildeste cocktail oplevelse? S\u00e5 skal du pr\u00f8ve vores Cocktails med Print. F\u00e5 et billede eller logo printet p\u00e5 skummet p\u00e5 cocktailen.","robots":{"index":"index","follow":"follow","max-snippet":"max-snippet:-1","max-image-preview":"max-image-preview:large","max-video-preview":"max-video-preview:-1"},"canonical":"https:\/\/www.getbartender.com\/da\/cocktails-med-print\/","og_locale":"da_DK","og_type":"article","og_title":"Cocktails med Print","og_description":"Den vildeste cocktail oplevelse? S\u00e5 skal du pr\u00f8ve vores Cocktails med Print. F\u00e5 et billede eller logo printet p\u00e5 skummet p\u00e5 cocktailen.","og_url":"https:\/\/www.getbartender.com\/da\/cocktails-med-print\/","og_site_name":"Get Bartender","article_modified_time":"2025-02-25T16:56:32+00:00","og_image":[{"url":"https:\/\/www.getbartender.com\/wp-content\/uploads\/2022\/11\/IMG_1640-scaled.jpg","type":"","width":"","height":""}],"twitter_misc":{"Estimeret l\u00e6setid":"3 minutter"},"schema":{"@context":"https:\/\/schema.org","@graph":[{"@type":"WebPage","@id":"https:\/\/www.getbartender.com\/da\/cocktails-med-print\/","url":"https:\/\/www.getbartender.com\/da\/cocktails-med-print\/","name":"Cocktails med Print? F\u00e5 Cocktails med dit billede eller logo p\u00e5!","isPartOf":{"@id":"https:\/\/www.getbartender.com\/da\/#website"},"primaryImageOfPage":{"@id":"https:\/\/www.getbartender.com\/da\/cocktails-med-print\/#primaryimage"},"image":{"@id":"https:\/\/www.getbartender.com\/da\/cocktails-med-print\/#primaryimage"},"thumbnailUrl":"https:\/\/www.getbartender.com\/wp-content\/uploads\/2022\/11\/IMG_1640-scaled.jpg","datePublished":"2020-01-25T10:53:29+00:00","dateModified":"2025-02-25T16:56:32+00:00","description":"Den vildeste cocktail oplevelse? S\u00e5 skal du pr\u00f8ve vores Cocktails med Print. F\u00e5 et billede eller logo printet p\u00e5 skummet p\u00e5 cocktailen.","inLanguage":"da-DK","potentialAction":[{"@type":"ReadAction","target":["https:\/\/www.getbartender.com\/da\/cocktails-med-print\/"]}]},{"@type":"ImageObject","inLanguage":"da-DK","@id":"https:\/\/www.getbartender.com\/da\/cocktails-med-print\/#primaryimage","url":"https:\/\/www.getbartender.com\/wp-content\/uploads\/2022\/11\/IMG_1640-scaled.jpg","contentUrl":"https:\/\/www.getbartender.com\/wp-content\/uploads\/2022\/11\/IMG_1640-scaled.jpg"},{"@type":"WebSite","@id":"https:\/\/www.getbartender.com\/da\/#website","url":"https:\/\/www.getbartender.com\/da\/","name":"Get Bartender","description":"Hvis du har g\u00e6sten, s\u00e5 har vi festen!","potentialAction":[{"@type":"SearchAction","target":{"@type":"EntryPoint","urlTemplate":"https:\/\/www.getbartender.com\/da\/?s={search_term_string}"},"query-input":{"@type":"PropertyValueSpecification","valueRequired":true,"valueName":"search_term_string"}}],"inLanguage":"da-DK"}]}},"_links":{"self":[{"href":"https:\/\/www.getbartender.com\/da\/wp-json\/wp\/v2\/pages\/11310","targetHints":{"allow":["GET"]}}],"collection":[{"href":"https:\/\/www.getbartender.com\/da\/wp-json\/wp\/v2\/pages"}],"about":[{"href":"https:\/\/www.getbartender.com\/da\/wp-json\/wp\/v2\/types\/page"}],"author":[{"embeddable":true,"href":"https:\/\/www.getbartender.com\/da\/wp-json\/wp\/v2\/users\/1004"}],"replies":[{"embeddable":true,"href":"https:\/\/www.getbartender.com\/da\/wp-json\/wp\/v2\/comments?post=11310"}],"version-history":[{"count":13,"href":"https:\/\/www.getbartender.com\/da\/wp-json\/wp\/v2\/pages\/11310\/revisions"}],"predecessor-version":[{"id":17031,"href":"https:\/\/www.getbartender.com\/da\/wp-json\/wp\/v2\/pages\/11310\/revisions\/17031"}],"wp:attachment":[{"href":"https:\/\/www.getbartender.com\/da\/wp-json\/wp\/v2\/media?parent=11310"}],"curies":[{"name":"wp","href":"https:\/\/api.w.org\/{rel}","templated":true}]}}