{"id":1109,"date":"2014-02-21T14:58:39","date_gmt":"2014-02-21T14:58:39","guid":{"rendered":"http:\/\/getbartender.com\/?page_id=1109"},"modified":"2022-10-31T13:31:59","modified_gmt":"2022-10-31T12:31:59","slug":"underholdning-til-bryllup","status":"publish","type":"page","link":"https:\/\/www.getbartender.com\/da\/din-festunderholdning\/underholdning-til-bryllup\/","title":{"rendered":"Underholdning til bryllup"},"content":{"rendered":"\n<!-- Heading -->\n  <h4>Skal du giftes indenfor det n\u00e6ste \u00e5r? S\u00e5 lad os hj\u00e6lpe dig.<\/h4>\n  <hr \/>\n  L\u00e6kre cocktails, seje bartendere, professionel DJ eller serveringspersonale? Vi kan hj\u00e6lpe dig med at f\u00e5 opfyldt dine \u00f8nsker. \n\n\n<h2>\n\t\tHvordan fungerer vores cocktail bar til bryllup?\n\t<\/h2>\n    \t<ol><li><p><strong>En uforglemmelig aften! <\/strong>Vi serverer ikke bare drinks, vi serverer oplevelser. Vi kalder det endda flydende k\u00e6rlighed. Vores bartendere er alle professionelle og fyldt med et h\u00f8jt niveau af service. Vi giver dig og alle dine g\u00e6ster en festlig oplevelse fra start til slut.<\/p><\/li><li><strong>Specielle cocktails til bryllup:<\/strong> Vores erfarne cocktailbartendere laver drinks som en kok k\u00e6ler for en ret. Vores specialdesignede og anderledes cocktails lavet efter \u00e5rstiden g\u00f8r festen endnu mere unik. Tjek vores cocktail opskrifter p\u00e5 <strong><a href=\"https:\/\/www.getbartender.com\/da\/blog\/\">vores blog her!<\/a><\/strong><\/li><li><strong>Cocktails navngivet efter jer:<\/strong> Vi er super kreative, hvis du giver os lov til at v\u00e6re det. Vi kan b\u00e5de navngive cocktails efter jer, udvikle en decideret cocktails i stil med jeres historie eller printe jeres navne i skummet p\u00e5 cocktailen.<\/li><li><strong>Overraskelser:\u00a0<\/strong>Vi kan fx tage t\u00f8ris, guldst\u00f8v, r\u00f8g, ild, cocktail bobler eller vores <strong><a href=\"https:\/\/www.getbartender.com\/da\/vores-cocktail-bar-service\/cocktails-med-print\/\">cocktails med print<\/a><\/strong> med. Her kan man f\u00e5 billede, tekst eller navne printet p\u00e5 skummet p\u00e5 cocktailen. Dette giver en vild wauw oplevelse for jeres g\u00e6ster.\u00a0<\/li><li><strong>Et setup der er tilpasset jer og jeres tema:<\/strong> Vi dresser up og laver cocktailbaren, s\u00e5 den passer til jeres tematik. Den store dag er speciel for jer, og selvom vi har mange bryllupper, s\u00e5 er jeres dag liges\u00e5 vigtig for jer, som for os. Vi elsker at se dr\u00f8mme g\u00e5 i opfyldelse. Det tror vi inderligt p\u00e5, at vi kan skabe en fest der kan!<\/li><li><strong>En god pakkel\u00f8sning:<\/strong> Vi har gode samarbejdsaftaler med DJ&#8217;s, musikere, tjenere, lokaler osv. S\u00e5 \u00f8nsker du en pakkel\u00f8sning p\u00e5 jeres fest, s\u00e5 giv os et kald. Vi er enormt fleksible i forhold til setup.<\/li><li><strong>Vores helt egne alkoholfrie cocktails:<\/strong> Vi kalder vores alkoholfrie cocktails for Rocktails. Alkoholfrie drinks der smager godt, som er sp\u00e6ndende. Perfekt til gravide, atleter, b\u00f8rn og barnlige sj\u00e6le der \u00f8nsker en fest uden alkohol.\u00a0<\/li><\/ol>  \t\n\t<meta itemprop=\"url\" content=\"https:\/\/www.getbartender.com\/wp-content\/uploads\/2021\/07\/WHAT-MY-MY-COMPANY-GETBARTENDER.COM-DOES.mp4\" \/><div style=\"width: 640px;\" class=\"wp-video\"><video class=\"wp-video-shortcode\" id=\"video-1109-1\" width=\"640\" height=\"360\" preload=\"metadata\" controls=\"controls\"><source type=\"video\/mp4\" src=\"https:\/\/www.getbartender.com\/wp-content\/uploads\/2021\/07\/WHAT-MY-MY-COMPANY-GETBARTENDER.COM-DOES.mp4?_=1\" \/><a href=\"https:\/\/www.getbartender.com\/wp-content\/uploads\/2021\/07\/WHAT-MY-MY-COMPANY-GETBARTENDER.COM-DOES.mp4\">https:\/\/www.getbartender.com\/wp-content\/uploads\/2021\/07\/WHAT-MY-MY-COMPANY-GETBARTENDER.COM-DOES.mp4<\/a><\/video><\/div>\n    <!-- Mon-Fri 9AM-5PM -->\n        <form>\n            Vil du have et godt bud?            \n            <a href=\"\/da\/kontakt\/\">F\u00e5 et tilbud nu!<\/a>\n        <\/form>\n        <p>F\u00e5 et gratis og uforpligtende tilbud. Vi gl\u00e6der os til at hj\u00e6lpe dig og besvare alle dine sp\u00f8rgsm\u00e5l.<\/p>\n    <!-- \n          +44 (79) 9087 7551  contact@getbartender.com\n     -->\n\n<h2>\n\t\tS\u00e5 mange brudepar har elsket vores cocktails:\n\t<\/h2>\n\n\t\t\t\t\t\t\tFlere end\n\t\t\t600\n\t\t\t\t\t\t\tBrudepar\n\t\t\t\t\t\t\tMed mere end\n\t\t\t10,000\n\t\t\t\t\t\t\tG\u00e6ster\n\t\t\t\t\t\t\tSom har drukket\n\t\t\t50,000\n\t\t\t\t\t\t\tCocktails\n\n<h2>\n\t\tHvordan fungerer vores cocktail bar til bryllup?\n\t<\/h2>\n\n    \t<ol><li><p><strong>Vi lytter til dine dr\u00f8mme!<\/strong>\u00a0Du kan f\u00e5 det p\u00e5 pr\u00e6cist dine pr\u00e6misser og efter dine \u00f8nsker. \u00d8nsker du at overholde et fastsat budget? S\u00e5 anbefaler vi vores bartenderudlejning, hvor du selv skal st\u00e5 for indk\u00f8b. \u00d8nsker du derimod ikke at r\u00f8re en finger, men at alt bare spiller? S\u00e5 anbefaler vi en pakkel\u00f8sning med alt inkluderet.<\/p><\/li><li><strong>Vi tilpasser os din fest!\u00a0<\/strong>Vi er normalt hos jer 45-60 min. f\u00f8r baren \u00e5bner, s\u00e5 der er masser af tid til at s\u00e6tte den op. Vi kan ogs\u00e5 komme tidligere p\u00e5 dagen eller dagen f\u00f8r og s\u00e6tte op. Dette g\u00e6lder b\u00e5de bar, DJ, fad\u00f8l osv. Vi er hamrende fleksible!<\/li><li><strong>En unik oplevelse!\u00a0<\/strong>Vi vil rigtig gerne skabe en fest, som bare er helt fantastisk, og som overg\u00e5r dine forventninger. Vi er med p\u00e5 at ideudvikle vores koncept, s\u00e5 oplevelsen bliver helt unik. Det kunne v\u00e6re en cocktail opkaldt efter dig, et mindre flair bartending show eller en cocktailbar lavet efter et bestemt tema. Kun fantasien s\u00e6tter gr\u00e6nser.<\/li><\/ol>  \t\n\n","protected":false},"excerpt":{"rendered":"Skal du giftes indenfor det n\u00e6ste \u00e5r? S\u00e5 lad os hj\u00e6lpe dig. L\u00e6kre cocktails, seje bartendere, professionel DJ eller serveringspersonale? Vi kan hj\u00e6lpe dig med at f\u00e5 opfyldt dine \u00f8nsker. Hvordan fungerer vores cocktail bar til bryllup? En uforglemmelig aften! Vi serverer ikke bare drinks, vi serverer oplevelser. Vi kalder det endda flydende k\u00e6rlighed. Vores&#8230; <a class=\"view-article\" href=\"https:\/\/www.getbartender.com\/da\/din-festunderholdning\/underholdning-til-bryllup\/\">View Article<\/a>","protected":false},"author":1,"featured_media":13388,"parent":1020,"menu_order":25,"comment_status":"closed","ping_status":"closed","template":"","meta":{"_acf_changed":false,"footnotes":""},"class_list":["post-1109","page","type-page","status-publish","has-post-thumbnail","hentry"],"acf":[],"yoast_head":"<!-- This site is optimized with the Yoast SEO Premium plugin v23.4 (Yoast SEO v27.5) - https:\/\/yoast.com\/product\/yoast-seo-premium-wordpress\/ -->\n<title>Underholdning til Bryllup? Lej en Cocktail Bar og Bartender!<\/title>\n<meta name=\"description\" content=\"Den bedste underholdning til bryllup? Lej en Bartender og lad os underholde med vores fantastiske cocktails. Sk\u00e5l!\" \/>\n<meta name=\"robots\" content=\"index, follow, max-snippet:-1, max-image-preview:large, max-video-preview:-1\" \/>\n<link rel=\"canonical\" href=\"https:\/\/www.getbartender.com\/da\/din-festunderholdning\/underholdning-til-bryllup\/\" \/>\n<meta property=\"og:locale\" content=\"da_DK\" \/>\n<meta property=\"og:type\" content=\"article\" \/>\n<meta property=\"og:title\" content=\"Underholdning til bryllup\" \/>\n<meta property=\"og:description\" content=\"Den bedste underholdning til bryllup? Lej en Bartender og lad os underholde med vores fantastiske cocktails. Sk\u00e5l!\" \/>\n<meta property=\"og:url\" content=\"https:\/\/www.getbartender.com\/da\/din-festunderholdning\/underholdning-til-bryllup\/\" \/>\n<meta property=\"og:site_name\" content=\"Get Bartender\" \/>\n<meta property=\"article:modified_time\" content=\"2022-10-31T12:31:59+00:00\" \/>\n<meta property=\"og:image\" content=\"https:\/\/www.getbartender.com\/wp-content\/uploads\/2020\/09\/MBA_2366-scaled.jpg\" \/>\n\t<meta property=\"og:image:width\" content=\"1384\" \/>\n\t<meta property=\"og:image:height\" content=\"924\" \/>\n\t<meta property=\"og:image:type\" content=\"image\/jpeg\" \/>\n<meta name=\"twitter:label1\" content=\"Estimeret l\u00e6setid\" \/>\n\t<meta name=\"twitter:data1\" content=\"2 minutter\" \/>\n<script type=\"application\/ld+json\" class=\"yoast-schema-graph\">{\"@context\":\"https:\\\/\\\/schema.org\",\"@graph\":[{\"@type\":\"WebPage\",\"@id\":\"https:\\\/\\\/www.getbartender.com\\\/da\\\/din-festunderholdning\\\/underholdning-til-bryllup\\\/\",\"url\":\"https:\\\/\\\/www.getbartender.com\\\/da\\\/din-festunderholdning\\\/underholdning-til-bryllup\\\/\",\"name\":\"Underholdning til Bryllup? Lej en Cocktail Bar og Bartender!\",\"isPartOf\":{\"@id\":\"https:\\\/\\\/www.getbartender.com\\\/da\\\/#website\"},\"primaryImageOfPage\":{\"@id\":\"https:\\\/\\\/www.getbartender.com\\\/da\\\/din-festunderholdning\\\/underholdning-til-bryllup\\\/#primaryimage\"},\"image\":{\"@id\":\"https:\\\/\\\/www.getbartender.com\\\/da\\\/din-festunderholdning\\\/underholdning-til-bryllup\\\/#primaryimage\"},\"thumbnailUrl\":\"https:\\\/\\\/www.getbartender.com\\\/wp-content\\\/uploads\\\/2020\\\/09\\\/MBA_2366-scaled.jpg\",\"datePublished\":\"2014-02-21T14:58:39+00:00\",\"dateModified\":\"2022-10-31T12:31:59+00:00\",\"description\":\"Den bedste underholdning til bryllup? Lej en Bartender og lad os underholde med vores fantastiske cocktails. Sk\u00e5l!\",\"breadcrumb\":{\"@id\":\"https:\\\/\\\/www.getbartender.com\\\/da\\\/din-festunderholdning\\\/underholdning-til-bryllup\\\/#breadcrumb\"},\"inLanguage\":\"da-DK\",\"potentialAction\":[{\"@type\":\"ReadAction\",\"target\":[\"https:\\\/\\\/www.getbartender.com\\\/da\\\/din-festunderholdning\\\/underholdning-til-bryllup\\\/\"]}]},{\"@type\":\"ImageObject\",\"inLanguage\":\"da-DK\",\"@id\":\"https:\\\/\\\/www.getbartender.com\\\/da\\\/din-festunderholdning\\\/underholdning-til-bryllup\\\/#primaryimage\",\"url\":\"https:\\\/\\\/www.getbartender.com\\\/wp-content\\\/uploads\\\/2020\\\/09\\\/MBA_2366-scaled.jpg\",\"contentUrl\":\"https:\\\/\\\/www.getbartender.com\\\/wp-content\\\/uploads\\\/2020\\\/09\\\/MBA_2366-scaled.jpg\",\"width\":1384,\"height\":924,\"caption\":\"Cocktails til fest - Cocktail Bartender - Bartender udlejning - Lej en bartender - Bryllupsfest - Cocktail bar til bryllup - Bartender til bryllup\"},{\"@type\":\"BreadcrumbList\",\"@id\":\"https:\\\/\\\/www.getbartender.com\\\/da\\\/din-festunderholdning\\\/underholdning-til-bryllup\\\/#breadcrumb\",\"itemListElement\":[{\"@type\":\"ListItem\",\"position\":1,\"name\":\"Bestil en pakkel\u00f8sning til din fest\",\"item\":\"https:\\\/\\\/www.getbartender.com\\\/da\\\/din-festunderholdning\\\/\"},{\"@type\":\"ListItem\",\"position\":2,\"name\":\"Underholdning til bryllup\"}]},{\"@type\":\"WebSite\",\"@id\":\"https:\\\/\\\/www.getbartender.com\\\/da\\\/#website\",\"url\":\"https:\\\/\\\/www.getbartender.com\\\/da\\\/\",\"name\":\"Get Bartender\",\"description\":\"Hvis du har g\u00e6sten, s\u00e5 har vi festen!\",\"potentialAction\":[{\"@type\":\"SearchAction\",\"target\":{\"@type\":\"EntryPoint\",\"urlTemplate\":\"https:\\\/\\\/www.getbartender.com\\\/da\\\/?s={search_term_string}\"},\"query-input\":{\"@type\":\"PropertyValueSpecification\",\"valueRequired\":true,\"valueName\":\"search_term_string\"}}],\"inLanguage\":\"da-DK\"}]}<\/script>\n<!-- \/ Yoast SEO Premium plugin. -->","yoast_head_json":{"title":"Underholdning til Bryllup? Lej en Cocktail Bar og Bartender!","description":"Den bedste underholdning til bryllup? Lej en Bartender og lad os underholde med vores fantastiske cocktails. Sk\u00e5l!","robots":{"index":"index","follow":"follow","max-snippet":"max-snippet:-1","max-image-preview":"max-image-preview:large","max-video-preview":"max-video-preview:-1"},"canonical":"https:\/\/www.getbartender.com\/da\/din-festunderholdning\/underholdning-til-bryllup\/","og_locale":"da_DK","og_type":"article","og_title":"Underholdning til bryllup","og_description":"Den bedste underholdning til bryllup? Lej en Bartender og lad os underholde med vores fantastiske cocktails. Sk\u00e5l!","og_url":"https:\/\/www.getbartender.com\/da\/din-festunderholdning\/underholdning-til-bryllup\/","og_site_name":"Get Bartender","article_modified_time":"2022-10-31T12:31:59+00:00","og_image":[{"width":1384,"height":924,"url":"https:\/\/www.getbartender.com\/wp-content\/uploads\/2020\/09\/MBA_2366-scaled.jpg","type":"image\/jpeg"}],"twitter_misc":{"Estimeret l\u00e6setid":"2 minutter"},"schema":{"@context":"https:\/\/schema.org","@graph":[{"@type":"WebPage","@id":"https:\/\/www.getbartender.com\/da\/din-festunderholdning\/underholdning-til-bryllup\/","url":"https:\/\/www.getbartender.com\/da\/din-festunderholdning\/underholdning-til-bryllup\/","name":"Underholdning til Bryllup? Lej en Cocktail Bar og Bartender!","isPartOf":{"@id":"https:\/\/www.getbartender.com\/da\/#website"},"primaryImageOfPage":{"@id":"https:\/\/www.getbartender.com\/da\/din-festunderholdning\/underholdning-til-bryllup\/#primaryimage"},"image":{"@id":"https:\/\/www.getbartender.com\/da\/din-festunderholdning\/underholdning-til-bryllup\/#primaryimage"},"thumbnailUrl":"https:\/\/www.getbartender.com\/wp-content\/uploads\/2020\/09\/MBA_2366-scaled.jpg","datePublished":"2014-02-21T14:58:39+00:00","dateModified":"2022-10-31T12:31:59+00:00","description":"Den bedste underholdning til bryllup? Lej en Bartender og lad os underholde med vores fantastiske cocktails. Sk\u00e5l!","breadcrumb":{"@id":"https:\/\/www.getbartender.com\/da\/din-festunderholdning\/underholdning-til-bryllup\/#breadcrumb"},"inLanguage":"da-DK","potentialAction":[{"@type":"ReadAction","target":["https:\/\/www.getbartender.com\/da\/din-festunderholdning\/underholdning-til-bryllup\/"]}]},{"@type":"ImageObject","inLanguage":"da-DK","@id":"https:\/\/www.getbartender.com\/da\/din-festunderholdning\/underholdning-til-bryllup\/#primaryimage","url":"https:\/\/www.getbartender.com\/wp-content\/uploads\/2020\/09\/MBA_2366-scaled.jpg","contentUrl":"https:\/\/www.getbartender.com\/wp-content\/uploads\/2020\/09\/MBA_2366-scaled.jpg","width":1384,"height":924,"caption":"Cocktails til fest - Cocktail Bartender - Bartender udlejning - Lej en bartender - Bryllupsfest - Cocktail bar til bryllup - Bartender til bryllup"},{"@type":"BreadcrumbList","@id":"https:\/\/www.getbartender.com\/da\/din-festunderholdning\/underholdning-til-bryllup\/#breadcrumb","itemListElement":[{"@type":"ListItem","position":1,"name":"Bestil en pakkel\u00f8sning til din fest","item":"https:\/\/www.getbartender.com\/da\/din-festunderholdning\/"},{"@type":"ListItem","position":2,"name":"Underholdning til bryllup"}]},{"@type":"WebSite","@id":"https:\/\/www.getbartender.com\/da\/#website","url":"https:\/\/www.getbartender.com\/da\/","name":"Get Bartender","description":"Hvis du har g\u00e6sten, s\u00e5 har vi festen!","potentialAction":[{"@type":"SearchAction","target":{"@type":"EntryPoint","urlTemplate":"https:\/\/www.getbartender.com\/da\/?s={search_term_string}"},"query-input":{"@type":"PropertyValueSpecification","valueRequired":true,"valueName":"search_term_string"}}],"inLanguage":"da-DK"}]}},"_links":{"self":[{"href":"https:\/\/www.getbartender.com\/da\/wp-json\/wp\/v2\/pages\/1109","targetHints":{"allow":["GET"]}}],"collection":[{"href":"https:\/\/www.getbartender.com\/da\/wp-json\/wp\/v2\/pages"}],"about":[{"href":"https:\/\/www.getbartender.com\/da\/wp-json\/wp\/v2\/types\/page"}],"author":[{"embeddable":true,"href":"https:\/\/www.getbartender.com\/da\/wp-json\/wp\/v2\/users\/1"}],"replies":[{"embeddable":true,"href":"https:\/\/www.getbartender.com\/da\/wp-json\/wp\/v2\/comments?post=1109"}],"version-history":[{"count":36,"href":"https:\/\/www.getbartender.com\/da\/wp-json\/wp\/v2\/pages\/1109\/revisions"}],"predecessor-version":[{"id":16300,"href":"https:\/\/www.getbartender.com\/da\/wp-json\/wp\/v2\/pages\/1109\/revisions\/16300"}],"up":[{"embeddable":true,"href":"https:\/\/www.getbartender.com\/da\/wp-json\/wp\/v2\/pages\/1020"}],"wp:featuredmedia":[{"embeddable":true,"href":"https:\/\/www.getbartender.com\/da\/wp-json\/wp\/v2\/media\/13388"}],"wp:attachment":[{"href":"https:\/\/www.getbartender.com\/da\/wp-json\/wp\/v2\/media?parent=1109"}],"curies":[{"name":"wp","href":"https:\/\/api.w.org\/{rel}","templated":true}]}}