{"id":1020,"date":"2014-02-13T12:24:10","date_gmt":"2014-02-13T12:24:10","guid":{"rendered":"http:\/\/getbartender.com\/?page_id=1020"},"modified":"2024-10-23T10:44:49","modified_gmt":"2024-10-23T08:44:49","slug":"din-festunderholdning","status":"publish","type":"page","link":"https:\/\/www.getbartender.com\/da\/din-festunderholdning\/","title":{"rendered":"Bestil en pakkel\u00f8sning til din fest"},"content":{"rendered":"\n<!-- Heading -->\n  <h4>Den bedste Pakkel\u00f8sning til din fest<\/h4>\n  <hr \/>\n  <p>Vi ved at alle fester og events er helt unikke. Du har sikkert en dr\u00f8m om, hvordan din fest skal v\u00e6re. Den dr\u00f8m vil vi gerne realisere. Vi kan hj\u00e6lpe dig med alt fra festunderholdning til selskabslokaler. <\/p>\n   \t<h2>Vores services:<\/h2>\n   \t<hr \/>\n<h2>\n\t\tTelt Udlejning\n\t<\/h2>\n<!-- SERVICES -->\n    <!-- SERVICES -->\n      <article>\n        \n        <a href=\"https:\/\/www.getbartender.com\/da\/ideer-til-fest\/\"> L\u00c6R MERE <\/a> \n      <\/article>\n    \t<ol><li>Lej et telt til din fest og hold den i haven eller p\u00e5 en parkeringsplads.\u00a0<\/li><li>Vi s\u00f8rger for at teltet st\u00e5r snorlige og via vores samarbejdspartner kan du b\u00e5de f\u00e5 stole, borde, gulv og lys med. Du skal alts\u00e5 ikke st\u00e5 for noget som helst.\u00a0<\/li><li>Pris: F\u00e5es fra 8.000 kr.\u00a0<\/li><\/ol>  \t\n<h2>\n\t\tBartender Udlejning\n\t<\/h2>\n<!-- SERVICES -->\n    <!-- SERVICES -->\n      <article>\n        \n        <a href=\"https:\/\/www.getbartender.com\/da\/lej-en-bartender\/\"> L\u00c6R MERE <\/a> \n      <\/article>\n    \t<ol><li>Du lejer vores seje bartendere og k\u00f8ber selv ingredienser.<\/li><li>Vi medbringer barudstyr, cocktail menu kort, sukker sirup, laver en indk\u00f8bsliste til dig ogs\u00e5 hj\u00e6lper vi dig med indk\u00f8b, hvis der er noget, som du ikke kan skaffe. <strong><a href=\"https:\/\/www.getbartender.com\/da\/vores-cocktail-bar-service\/lej-en-bartender\/\">L\u00e6r mere her!<\/a><\/strong><\/li><li>Pris: F\u00e5es fra 2850 kr. pr. bartender i 4 timer<\/li><\/ol>  \t\n<h2>\n\t\tKomplet Mobil Cocktail Bar\n\t<\/h2>\n<!-- SERVICES -->\n    <!-- SERVICES -->\n      <article>\n        \n        <a href=\"https:\/\/www.getbartender.com\/da\/lej-cocktailbar\/\"> L\u00c6R MERE <\/a> \n      <\/article>\n    \t<ol><li>Du f\u00e5r den komplette bar l\u00f8sning. Her har vi ALT med til jeres fest. Spiritus, mixers, mobil bar, glas, isterninger, bartendere, frugt og gr\u00f8nt.<\/li><li>Du skal blot v\u00e6lge hvilke cocktails du \u00f8nsker i baren. Vi klarer resterende. Du kan ogs\u00e5 pr\u00f8ve vores nye koncept <strong><a href=\"https:\/\/www.getbartender.com\/da\/ideer-til-fest\/\">Cocktails med Print.\u00a0<\/a><\/strong><\/li><li>Pris: F\u00e5es fra 200 kr. pr. g\u00e6st i 4 timer<\/li><\/ol>  \t\n    <!-- Mon-Fri 9AM-5PM -->\n        <form>\n            \u00d8nsker du en pakkel\u00f8sning til din fest?            \n            <a href=\"\/da\/kontakt\/\">F\u00c5 ET TILBUD NU<\/a>\n        <\/form>\n        <p>F\u00e5 et gratis tilbud. Du er ikke forpligtet til at hyre os. Alle sp\u00f8rgsm\u00e5l er velkomne, og vi h\u00e5ber, at vi kan hj\u00e6lpe dig!<\/p>\n    <!-- \n          +44 (79) 9087 7551  contact@getbartender.com\n     -->\n<h2>\n\t\tMad til festen\n\t<\/h2>\n    \t<ol><li>Vi kan b\u00e5de lave l\u00e6kre grill buffete, 3 retters eller tapas.<\/li><li>Der er ogs\u00e5 mulighed for at f\u00e5 cocktails og mad kombineret. S\u00e5 man f\u00e5r en ret og en cocktail passende dertil. <a href=\"https:\/\/www.getbartender.com\/da\/vores-cocktail-bar-service\/lej-cocktailbar\/cocktails-og-mad-til-fest\/\">L\u00e6s mere om dette her!<\/a><\/li><li>Vi har ALT med dertil, s\u00e5 du ikke skal s\u00f8rge for service eller grill etc.<\/li><li>Pris: F\u00e5es fra 150 kr. pr. kuvert<\/li><\/ol>  \t\n<!-- SERVICES -->\n    <!-- SERVICES -->\n      <article>\n        \n        <a href=\"https:\/\/www.getbartender.com\/da\/lej-cocktailbar\/cocktails-og-mad-til-fest\/\"> L\u00c6R MERE <\/a> \n      <\/article>\n<h2>\n\t\tFestlokaler\n\t<\/h2>\n    \t<ol><li>Vi har samarbejdsaftaler med nogle super eksklusive fest lokaler i K\u00f8benhavn, \u00c5rhus og London. Dertil har vi mulighed for at finde i n\u00e6rheden af den by du bor i. Vi f\u00e5r bedre priser, hvis vi henvender os for dig.\u00a0<\/li><li>Mange lokaler er ret fleksible, n\u00e5r vi tager fat i dem. Nogle skal man dog k\u00f8be mad igennem. Tag endelig fat i os og h\u00f8r n\u00e6rmere.\u00a0<\/li><li>Pris: F\u00e5es fra 15.000 kr.<\/li><\/ol>  \t\n<!-- SERVICES -->\n    <!-- SERVICES -->\n      <article>\n        \n        <a href=\"https:\/\/www.getbartender.com\/da\/selskabslokaler-til-leje\/\"> L\u00c6R MERE <\/a> \n      <\/article>\n<h2>\n\t\tTryllekunstner \n\t<\/h2>\n    \t<ol><li>Vi har f\u00f8r brugt seje mindfuckere og tryllekunstnere med stor succes til forskellige arrangementer. Vi samarbejder blandt andet med Sunny Cagara, Michael Frederiksen, Mikkel Karlsen og Robert Mark. Alle kan vitterligt deres kram.\u00a0<\/li><li>Det fantastisk festunderholdning fra f\u00f8rste fl\u00f8jt, og et genialt indslag til b\u00e5de store og sm\u00e5 arrangementer.\u00a0<\/li><li>Pris: F\u00e5es fra 15.000 kr.<\/li><\/ol>  \t\n<!-- SERVICES -->\n    <!-- SERVICES -->\n      <article>\n        \n        <a href=\"https:\/\/www.getbartender.com\/da\/ideer-til-fest\/\"> L\u00c6R MERE <\/a> \n      <\/article>\n<h2>\n\t\tProfessionel DJ og Mobil Diskotek\n\t<\/h2>\n    \t<ol><li>DJ&#8217;s er altid garanti for festunderholdning og dans. Vi har et t\u00e6t samarbejde med et hav af professionelle DJ&#8217;s med mange \u00e5rs erfaring. V\u00e6lger du en pakkel\u00f8sning med Bar og DJ, s\u00e5 garanterer vi, at samarbejdet spiller over hele linjen.<\/li><li>Vores DJ&#8217;s spiller pr\u00e6cis det du \u00f8nsker. Du skal endelig bare fort\u00e6lle, hvilken type musik du \u00f8nsker. Om det er house, lounge, 80&#8217;er, top 50 eller dakkedak. Vi garanterer stor ekspertise uanset \u00f8nsket.\u00a0<\/li><li>Pris: F\u00e5es fra 4.500 kr.<\/li><\/ol>  \t\n<!-- SERVICES -->\n    <!-- SERVICES -->\n      <article>\n        \n        <a href=\"https:\/\/www.getbartender.com\/da\/dj-til-fest\/\"> L\u00c6R MERE <\/a> \n      <\/article>\n<!-- Heading -->\n  <h4>Hvorfor v\u00e6lge os?<\/h4>\n  <hr \/>\n  <p>Vi kan det hele! Vi kan s\u00f8rge for det hele til din fest b\u00e5de musik, underholdning, cocktails, fad\u00f8l, mad, lokale, eller det du \u00f8nsker dig. Vi vil g\u00f8re alt for at leve op til vores slogan &#8220;underholdning til din g\u00e6st &#8211; vi er bedst&#8221;<\/p>\n<article>\n    <h5>Skr\u00e6ddersyet pakke!<\/h5>\n    \n    <hr \/>\n    <p>Vi lytter til dine \u00f8nsker, dr\u00f8mme og behov, og hj\u00e6lper med at g\u00f8re disse dr\u00f8mme til virkelighed. Vi er klar til at hj\u00e6lpe, uanset om det er en enkelt bartender, du skal bruge til din fest med 10 venner, eller om det er et event med 1000+ deltagere.<\/p>\n<\/article><article>\n    <h5>Stor erfaring!<\/h5>\n    \n    <hr \/>\n    <p>Vi har efterh\u00e5nden pr\u00f8vet lidt af hvert. Alt fra at bygge en stor petanque bane p\u00e5 en parkeringsplads til at booke Master Fatman som bingo banko v\u00e6rt eller leveret unikke cocktails for Salesforce medarbejdere p\u00e5 en tirsdag.<\/p>\n<\/article><article>\n    <h5>Et arrangement i verdensklasse! <\/h5>\n    \n    <hr \/>\n    <p>Cocktails er vores passion og det har vi styr p\u00e5. Vi hyrer andre leverand\u00f8rer, som behersker deres fag liges\u00e5 godt, som vi g\u00f8r. Du kan derfor f\u00f8le dig helt tryg i vores h\u00e6nder.<\/p>\n<\/article><article>\n    <h5>Festunderholdning fra start til slut!<\/h5>\n    \n    <hr \/>\n    <p>Vi s\u00f8rger for, at give dine g\u00e6ster og dig en uforglemmelig fest, uanset hvor mange af vores l\u00e6kre cocktails i h\u00e6lder indenbords. I vil altid mindes denne fantastiske fest, hvor der ikke manglede noget.<\/p>\n<\/article>\n","protected":false},"excerpt":{"rendered":"Den bedste Pakkel\u00f8sning til din fest Vi ved at alle fester og events er helt unikke. Du har sikkert en dr\u00f8m om, hvordan din fest skal v\u00e6re. Den dr\u00f8m vil vi gerne realisere. Vi kan hj\u00e6lpe dig med alt fra festunderholdning til selskabslokaler. Vores services: Telt Udlejning L\u00c6R MERE Lej et telt til din fest&#8230; <a class=\"view-article\" href=\"https:\/\/www.getbartender.com\/da\/din-festunderholdning\/\">View Article<\/a>","protected":false},"author":1,"featured_media":5230,"parent":0,"menu_order":17,"comment_status":"closed","ping_status":"closed","template":"","meta":{"_acf_changed":false,"footnotes":""},"class_list":["post-1020","page","type-page","status-publish","has-post-thumbnail","hentry"],"acf":[],"yoast_head":"<!-- This site is optimized with the Yoast SEO Premium plugin v23.4 (Yoast SEO v27.5) - https:\/\/yoast.com\/product\/yoast-seo-premium-wordpress\/ -->\n<title>Den Bedste Festunderholdning? F\u00e5 Bartender, DJ, Musik og det hele her!<\/title>\n<meta name=\"description\" content=\"\u00d8nsker du festunderholdning i topklasse? Lej en Bartender, DJ, Musik, Lokale, Tjener til din fest lige her. Vi klarer gerne det hele.\" \/>\n<meta name=\"robots\" content=\"index, follow, max-snippet:-1, max-image-preview:large, max-video-preview:-1\" \/>\n<link rel=\"canonical\" href=\"https:\/\/www.getbartender.com\/da\/din-festunderholdning\/\" \/>\n<meta property=\"og:locale\" content=\"da_DK\" \/>\n<meta property=\"og:type\" content=\"article\" \/>\n<meta property=\"og:title\" content=\"Bestil en pakkel\u00f8sning til din fest\" \/>\n<meta property=\"og:description\" content=\"\u00d8nsker du festunderholdning i topklasse? Lej en Bartender, DJ, Musik, Lokale, Tjener til din fest lige her. Vi klarer gerne det hele.\" \/>\n<meta property=\"og:url\" content=\"https:\/\/www.getbartender.com\/da\/din-festunderholdning\/\" \/>\n<meta property=\"og:site_name\" content=\"Get Bartender\" \/>\n<meta property=\"article:modified_time\" content=\"2024-10-23T08:44:49+00:00\" \/>\n<meta property=\"og:image\" content=\"https:\/\/www.getbartender.com\/wp-content\/uploads\/2017\/02\/oval-space-london-cambridge-heath-1-optimised.jpg\" \/>\n\t<meta property=\"og:image:width\" content=\"1024\" \/>\n\t<meta property=\"og:image:height\" content=\"682\" \/>\n\t<meta property=\"og:image:type\" content=\"image\/jpeg\" \/>\n<meta name=\"twitter:label1\" content=\"Estimeret l\u00e6setid\" \/>\n\t<meta name=\"twitter:data1\" content=\"6 minutter\" \/>\n<script type=\"application\/ld+json\" class=\"yoast-schema-graph\">{\"@context\":\"https:\\\/\\\/schema.org\",\"@graph\":[{\"@type\":\"WebPage\",\"@id\":\"https:\\\/\\\/www.getbartender.com\\\/da\\\/din-festunderholdning\\\/\",\"url\":\"https:\\\/\\\/www.getbartender.com\\\/da\\\/din-festunderholdning\\\/\",\"name\":\"Den Bedste Festunderholdning? F\u00e5 Bartender, DJ, Musik og det hele her!\",\"isPartOf\":{\"@id\":\"https:\\\/\\\/www.getbartender.com\\\/da\\\/#website\"},\"primaryImageOfPage\":{\"@id\":\"https:\\\/\\\/www.getbartender.com\\\/da\\\/din-festunderholdning\\\/#primaryimage\"},\"image\":{\"@id\":\"https:\\\/\\\/www.getbartender.com\\\/da\\\/din-festunderholdning\\\/#primaryimage\"},\"thumbnailUrl\":\"https:\\\/\\\/www.getbartender.com\\\/wp-content\\\/uploads\\\/2017\\\/02\\\/oval-space-london-cambridge-heath-1-optimised.jpg\",\"datePublished\":\"2014-02-13T12:24:10+00:00\",\"dateModified\":\"2024-10-23T08:44:49+00:00\",\"description\":\"\u00d8nsker du festunderholdning i topklasse? Lej en Bartender, DJ, Musik, Lokale, Tjener til din fest lige her. Vi klarer gerne det hele.\",\"inLanguage\":\"da-DK\",\"potentialAction\":[{\"@type\":\"ReadAction\",\"target\":[\"https:\\\/\\\/www.getbartender.com\\\/da\\\/din-festunderholdning\\\/\"]}]},{\"@type\":\"ImageObject\",\"inLanguage\":\"da-DK\",\"@id\":\"https:\\\/\\\/www.getbartender.com\\\/da\\\/din-festunderholdning\\\/#primaryimage\",\"url\":\"https:\\\/\\\/www.getbartender.com\\\/wp-content\\\/uploads\\\/2017\\\/02\\\/oval-space-london-cambridge-heath-1-optimised.jpg\",\"contentUrl\":\"https:\\\/\\\/www.getbartender.com\\\/wp-content\\\/uploads\\\/2017\\\/02\\\/oval-space-london-cambridge-heath-1-optimised.jpg\",\"width\":1024,\"height\":682,\"caption\":\"Event Venue - Party Venues - Venue in London - The Oval Space - Hire Oval Space - Hire gherkin - Venues London - Hire Venue London - London Venue Hire - Julefrokost Bar\"},{\"@type\":\"WebSite\",\"@id\":\"https:\\\/\\\/www.getbartender.com\\\/da\\\/#website\",\"url\":\"https:\\\/\\\/www.getbartender.com\\\/da\\\/\",\"name\":\"Get Bartender\",\"description\":\"Hvis du har g\u00e6sten, s\u00e5 har vi festen!\",\"potentialAction\":[{\"@type\":\"SearchAction\",\"target\":{\"@type\":\"EntryPoint\",\"urlTemplate\":\"https:\\\/\\\/www.getbartender.com\\\/da\\\/?s={search_term_string}\"},\"query-input\":{\"@type\":\"PropertyValueSpecification\",\"valueRequired\":true,\"valueName\":\"search_term_string\"}}],\"inLanguage\":\"da-DK\"}]}<\/script>\n<!-- \/ Yoast SEO Premium plugin. -->","yoast_head_json":{"title":"Den Bedste Festunderholdning? F\u00e5 Bartender, DJ, Musik og det hele her!","description":"\u00d8nsker du festunderholdning i topklasse? Lej en Bartender, DJ, Musik, Lokale, Tjener til din fest lige her. Vi klarer gerne det hele.","robots":{"index":"index","follow":"follow","max-snippet":"max-snippet:-1","max-image-preview":"max-image-preview:large","max-video-preview":"max-video-preview:-1"},"canonical":"https:\/\/www.getbartender.com\/da\/din-festunderholdning\/","og_locale":"da_DK","og_type":"article","og_title":"Bestil en pakkel\u00f8sning til din fest","og_description":"\u00d8nsker du festunderholdning i topklasse? Lej en Bartender, DJ, Musik, Lokale, Tjener til din fest lige her. Vi klarer gerne det hele.","og_url":"https:\/\/www.getbartender.com\/da\/din-festunderholdning\/","og_site_name":"Get Bartender","article_modified_time":"2024-10-23T08:44:49+00:00","og_image":[{"width":1024,"height":682,"url":"https:\/\/www.getbartender.com\/wp-content\/uploads\/2017\/02\/oval-space-london-cambridge-heath-1-optimised.jpg","type":"image\/jpeg"}],"twitter_misc":{"Estimeret l\u00e6setid":"6 minutter"},"schema":{"@context":"https:\/\/schema.org","@graph":[{"@type":"WebPage","@id":"https:\/\/www.getbartender.com\/da\/din-festunderholdning\/","url":"https:\/\/www.getbartender.com\/da\/din-festunderholdning\/","name":"Den Bedste Festunderholdning? F\u00e5 Bartender, DJ, Musik og det hele her!","isPartOf":{"@id":"https:\/\/www.getbartender.com\/da\/#website"},"primaryImageOfPage":{"@id":"https:\/\/www.getbartender.com\/da\/din-festunderholdning\/#primaryimage"},"image":{"@id":"https:\/\/www.getbartender.com\/da\/din-festunderholdning\/#primaryimage"},"thumbnailUrl":"https:\/\/www.getbartender.com\/wp-content\/uploads\/2017\/02\/oval-space-london-cambridge-heath-1-optimised.jpg","datePublished":"2014-02-13T12:24:10+00:00","dateModified":"2024-10-23T08:44:49+00:00","description":"\u00d8nsker du festunderholdning i topklasse? Lej en Bartender, DJ, Musik, Lokale, Tjener til din fest lige her. Vi klarer gerne det hele.","inLanguage":"da-DK","potentialAction":[{"@type":"ReadAction","target":["https:\/\/www.getbartender.com\/da\/din-festunderholdning\/"]}]},{"@type":"ImageObject","inLanguage":"da-DK","@id":"https:\/\/www.getbartender.com\/da\/din-festunderholdning\/#primaryimage","url":"https:\/\/www.getbartender.com\/wp-content\/uploads\/2017\/02\/oval-space-london-cambridge-heath-1-optimised.jpg","contentUrl":"https:\/\/www.getbartender.com\/wp-content\/uploads\/2017\/02\/oval-space-london-cambridge-heath-1-optimised.jpg","width":1024,"height":682,"caption":"Event Venue - Party Venues - Venue in London - The Oval Space - Hire Oval Space - Hire gherkin - Venues London - Hire Venue London - London Venue Hire - Julefrokost Bar"},{"@type":"WebSite","@id":"https:\/\/www.getbartender.com\/da\/#website","url":"https:\/\/www.getbartender.com\/da\/","name":"Get Bartender","description":"Hvis du har g\u00e6sten, s\u00e5 har vi festen!","potentialAction":[{"@type":"SearchAction","target":{"@type":"EntryPoint","urlTemplate":"https:\/\/www.getbartender.com\/da\/?s={search_term_string}"},"query-input":{"@type":"PropertyValueSpecification","valueRequired":true,"valueName":"search_term_string"}}],"inLanguage":"da-DK"}]}},"_links":{"self":[{"href":"https:\/\/www.getbartender.com\/da\/wp-json\/wp\/v2\/pages\/1020","targetHints":{"allow":["GET"]}}],"collection":[{"href":"https:\/\/www.getbartender.com\/da\/wp-json\/wp\/v2\/pages"}],"about":[{"href":"https:\/\/www.getbartender.com\/da\/wp-json\/wp\/v2\/types\/page"}],"author":[{"embeddable":true,"href":"https:\/\/www.getbartender.com\/da\/wp-json\/wp\/v2\/users\/1"}],"replies":[{"embeddable":true,"href":"https:\/\/www.getbartender.com\/da\/wp-json\/wp\/v2\/comments?post=1020"}],"version-history":[{"count":49,"href":"https:\/\/www.getbartender.com\/da\/wp-json\/wp\/v2\/pages\/1020\/revisions"}],"predecessor-version":[{"id":17594,"href":"https:\/\/www.getbartender.com\/da\/wp-json\/wp\/v2\/pages\/1020\/revisions\/17594"}],"wp:featuredmedia":[{"embeddable":true,"href":"https:\/\/www.getbartender.com\/da\/wp-json\/wp\/v2\/media\/5230"}],"wp:attachment":[{"href":"https:\/\/www.getbartender.com\/da\/wp-json\/wp\/v2\/media?parent=1020"}],"curies":[{"name":"wp","href":"https:\/\/api.w.org\/{rel}","templated":true}]}}